{"id":9904,"date":"2026-03-23T10:25:28","date_gmt":"2026-03-23T09:25:28","guid":{"rendered":"https:\/\/smartcover.hu\/?post_type=product&#038;p=9904"},"modified":"2026-03-23T10:25:29","modified_gmt":"2026-03-23T09:25:29","slug":"devia-anti-blue-ray-hydrogel-folia","status":"publish","type":"product","link":"https:\/\/smartcover.hu\/en\/product\/devia-anti-blue-ray-hydrogel-folia\/","title":{"rendered":"DEVIA Anti Blue Ray Hydrog\u00e9l F\u00f3lia"},"content":{"rendered":"<p data-path-to-node=\"3\"><b class=\"\" data-path-to-node=\"3\" data-index-in-node=\"0\">V\u00e9dd a szemed \u00e9s a telefonod egyetlen, innovat\u00edv megold\u00e1ssal!<\/b><\/p>\n<p data-path-to-node=\"4\"><span class=\"\">A mindennapi digit\u00e1lis \u00e9let\u00fcnk sor\u00e1n \u00f3r\u00e1kat t\u00f6lt\u00fcnk a k\u00e9perny\u0151k el\u0151tt,<\/span><span class=\"\"> ami megterheli a szem\u00fcnket,<\/span><span class=\"\"> \u00e9s kock\u00e1zatot jelent dr\u00e1ga k\u00e9sz\u00fcl\u00e9keink \u00e9ps\u00e9g\u00e9re.<\/span><span class=\"\"> A <\/span><b class=\"\" data-path-to-node=\"4\" data-index-in-node=\"151\">DEVIA Anti Blue Ray Hydrog\u00e9l F\u00f3lia<\/b><span class=\"\"> a kijelz\u0151v\u00e9delem \u00faj gener\u00e1ci\u00f3j\u00e1t k\u00e9pviseli:<\/span><span class=\"\"> nem csup\u00e1n egy rendk\u00edv\u00fcl ellen\u00e1ll\u00f3 v\u00e9d\u0151r\u00e9teg,<\/span><span class=\"\"> de egyben egy intelligens f\u00e9nysz\u0171r\u0151 is,<\/span><span class=\"\"> amely gondoskodik l\u00e1t\u00e1sod eg\u00e9szs\u00e9g\u00e9r\u0151l.<\/span><\/p>\n<p data-path-to-node=\"5\"><span class=\"\">Most a <\/span><b class=\"\" data-path-to-node=\"5\" data-index-in-node=\"7\">Nagy K\u00e9szlet Kis\u00f6pr\u00e9s<\/b><span class=\"\"> keret\u00e9ben verhetetlen,<\/span> Nett\u00f3<b class=\"\" data-path-to-node=\"5\" data-index-in-node=\"52\">\u00a0600 Ft-os<\/b><span class=\"\"> \u00e1ron juthatsz hozz\u00e1 ehhez a pr\u00e9mium kateg\u00f3ri\u00e1s kieg\u00e9sz\u00edt\u0151h\u00f6z!<\/span><span class=\"\"> Ne feledd:<\/span> <b class=\"\" data-path-to-node=\"5\" data-index-in-node=\"142\">ez az aj\u00e1nlat csak a k\u00e9szlet erej\u00e9ig \u00e9rv\u00e9nyes!<\/b><\/p>","protected":false},"excerpt":{"rendered":"<p>V\u00e9dd a szemed \u00e9s a telefonod egyetlen, innovat\u00edv megold\u00e1ssal! A mindennapi digit\u00e1lis \u00e9let\u00fcnk sor\u00e1n \u00f3r\u00e1kat t\u00f6lt\u00fcnk a k\u00e9perny\u0151k el\u0151tt, ami megterheli a szem\u00fcnket, \u00e9s kock\u00e1zatot&#8230;<\/p>","protected":false},"featured_media":9905,"template":"","meta":[],"etheme_brands":[],"product_brand":[],"product_cat":[74,17,19,25],"product_tag":[],"class_list":{"0":"post-9904","1":"product","2":"type-product","3":"status-publish","4":"has-post-thumbnail","6":"product_cat-best-deal","7":"product_cat-devia","8":"product_cat-elolapi-folia","9":"product_cat-legujabb-termekek","11":"first","12":"instock","13":"taxable","14":"shipping-taxable","15":"product-type-simple"},"_links":{"self":[{"href":"https:\/\/smartcover.hu\/en\/wp-json\/wp\/v2\/product\/9904","targetHints":{"allow":["GET"]}}],"collection":[{"href":"https:\/\/smartcover.hu\/en\/wp-json\/wp\/v2\/product"}],"about":[{"href":"https:\/\/smartcover.hu\/en\/wp-json\/wp\/v2\/types\/product"}],"version-history":[{"count":1,"href":"https:\/\/smartcover.hu\/en\/wp-json\/wp\/v2\/product\/9904\/revisions"}],"predecessor-version":[{"id":9906,"href":"https:\/\/smartcover.hu\/en\/wp-json\/wp\/v2\/product\/9904\/revisions\/9906"}],"wp:featuredmedia":[{"embeddable":true,"href":"https:\/\/smartcover.hu\/en\/wp-json\/wp\/v2\/media\/9905"}],"wp:attachment":[{"href":"https:\/\/smartcover.hu\/en\/wp-json\/wp\/v2\/media?parent=9904"}],"wp:term":[{"taxonomy":"brand","embeddable":true,"href":"https:\/\/smartcover.hu\/en\/wp-json\/wp\/v2\/etheme_brands?post=9904"},{"taxonomy":"product_brand","embeddable":true,"href":"https:\/\/smartcover.hu\/en\/wp-json\/wp\/v2\/product_brand?post=9904"},{"taxonomy":"product_cat","embeddable":true,"href":"https:\/\/smartcover.hu\/en\/wp-json\/wp\/v2\/product_cat?post=9904"},{"taxonomy":"product_tag","embeddable":true,"href":"https:\/\/smartcover.hu\/en\/wp-json\/wp\/v2\/product_tag?post=9904"}],"curies":[{"name":"wp","href":"https:\/\/api.w.org\/{rel}","templated":true}]}}