{"id":8743,"date":"2025-10-15T11:20:27","date_gmt":"2025-10-15T10:20:27","guid":{"rendered":"https:\/\/smartcover.hu\/?post_type=product&#038;p=8743"},"modified":"2026-04-22T08:58:42","modified_gmt":"2026-04-22T07:58:42","slug":"intelligens-foliafelhelyezo-keret-application-assist-tool","status":"publish","type":"product","link":"https:\/\/smartcover.hu\/en\/product\/intelligens-foliafelhelyezo-keret-application-assist-tool\/","title":{"rendered":"Intelligens f\u00f3liafelhelyez\u0151 keret (Application Assist Tool)"},"content":{"rendered":"<p>Az <strong data-start=\"1178\" data-end=\"1215\">Intelligens f\u00f3liafelhelyez\u0151 keret<\/strong> forradalmas\u00edtja a kijelz\u0151v\u00e9d\u0151 f\u00f3li\u00e1k felhelyez\u00e9s\u00e9t.<br data-start=\"1267\" data-end=\"1270\" \/>A Devia Ultra g\u00e9p <strong data-start=\"1288\" data-end=\"1334\">n\u00e9gy apr\u00f3 pozicion\u00e1l\u00f3 lyukat v\u00e1g KIZ\u00c1R\u00d3LAG a NANO GLASS f\u00f3li\u00e1ra<\/strong>, mivel ezek m\u00e9rete nagyobb a hagyom\u00e1nyos hydrog\u00e9ln\u00e9l. Melyek a keret ki\u00e1ll\u00e1saihoz illeszkednek.<br data-start=\"1377\" data-end=\"1380\" \/>Csak helyezd be a telefont a keretbe, igaz\u00edtsd a f\u00f3li\u00e1t a jel\u00f6l\u00e9sekhez, \u00e9s a felhelyez\u00e9s <strong data-start=\"1469\" data-end=\"1490\">millim\u00e9ter pontos<\/strong> lesz \u2013 <strong data-start=\"1498\" data-end=\"1548\">nincs t\u00f6bb ferd\u00e9n ragadt f\u00f3lia vagy l\u00e9gbubor\u00e9k<\/strong>.<br data-start=\"1549\" data-end=\"1552\" \/>Gyors, tiszta \u00e9s profi eredm\u00e9ny, <strong data-start=\"1585\" data-end=\"1612\">minden egyes alkalommal<\/strong>.<\/p>","protected":false},"excerpt":{"rendered":"<p>Az Intelligens f\u00f3liafelhelyez\u0151 keret forradalmas\u00edtja a kijelz\u0151v\u00e9d\u0151 f\u00f3li\u00e1k felhelyez\u00e9s\u00e9t.A Devia Ultra g\u00e9p n\u00e9gy apr\u00f3 pozicion\u00e1l\u00f3 lyukat v\u00e1g KIZ\u00c1R\u00d3LAG a NANO GLASS f\u00f3li\u00e1ra, mivel ezek m\u00e9rete&#8230;<\/p>","protected":false},"featured_media":8716,"template":"","meta":[],"etheme_brands":[],"product_brand":[],"product_cat":[73,17,20,15,25],"product_tag":[],"class_list":{"0":"post-8743","1":"product","2":"type-product","3":"status-publish","4":"has-post-thumbnail","6":"product_cat-devia-ultra","7":"product_cat-devia","8":"product_cat-devia-vago-gep","9":"product_cat-egyeb","10":"product_cat-legujabb-termekek","12":"first","13":"instock","14":"taxable","15":"shipping-taxable","16":"product-type-simple"},"_links":{"self":[{"href":"https:\/\/smartcover.hu\/en\/wp-json\/wp\/v2\/product\/8743","targetHints":{"allow":["GET"]}}],"collection":[{"href":"https:\/\/smartcover.hu\/en\/wp-json\/wp\/v2\/product"}],"about":[{"href":"https:\/\/smartcover.hu\/en\/wp-json\/wp\/v2\/types\/product"}],"version-history":[{"count":4,"href":"https:\/\/smartcover.hu\/en\/wp-json\/wp\/v2\/product\/8743\/revisions"}],"predecessor-version":[{"id":8822,"href":"https:\/\/smartcover.hu\/en\/wp-json\/wp\/v2\/product\/8743\/revisions\/8822"}],"wp:featuredmedia":[{"embeddable":true,"href":"https:\/\/smartcover.hu\/en\/wp-json\/wp\/v2\/media\/8716"}],"wp:attachment":[{"href":"https:\/\/smartcover.hu\/en\/wp-json\/wp\/v2\/media?parent=8743"}],"wp:term":[{"taxonomy":"brand","embeddable":true,"href":"https:\/\/smartcover.hu\/en\/wp-json\/wp\/v2\/etheme_brands?post=8743"},{"taxonomy":"product_brand","embeddable":true,"href":"https:\/\/smartcover.hu\/en\/wp-json\/wp\/v2\/product_brand?post=8743"},{"taxonomy":"product_cat","embeddable":true,"href":"https:\/\/smartcover.hu\/en\/wp-json\/wp\/v2\/product_cat?post=8743"},{"taxonomy":"product_tag","embeddable":true,"href":"https:\/\/smartcover.hu\/en\/wp-json\/wp\/v2\/product_tag?post=8743"}],"curies":[{"name":"wp","href":"https:\/\/api.w.org\/{rel}","templated":true}]}}