{"id":8741,"date":"2025-10-15T10:58:30","date_gmt":"2025-10-15T09:58:30","guid":{"rendered":"https:\/\/smartcover.hu\/?post_type=product&#038;p=8741"},"modified":"2026-04-22T09:24:28","modified_gmt":"2026-04-22T08:24:28","slug":"intelligens-7h-privacy-flex-nano-glass-folia-043-mm","status":"publish","type":"product","link":"https:\/\/smartcover.hu\/en\/product\/intelligens-7h-privacy-flex-nano-glass-folia-043-mm\/","title":{"rendered":"Intelligens 7H Privacy Flex Nano Glass f\u00f3lia (0,43 mm)"},"content":{"rendered":"<p>A <strong data-start=\"1540\" data-end=\"1578\">Devia Intelligens 7H Privacy f\u00f3lia<\/strong> a biztons\u00e1g \u00e9s tart\u00f3ss\u00e1g t\u00f6k\u00e9letes kombin\u00e1ci\u00f3ja.<br data-start=\"1627\" data-end=\"1630\" \/>A 7H kem\u00e9nys\u00e9g\u0171 Nano Glass anyag er\u0151s, rugalmas \u00e9s adatv\u00e9delmi bevonattal ell\u00e1tott, \u00edgy csak szemb\u0151l l\u00e1that\u00f3 a kijelz\u0151 tartalma.<br data-start=\"1758\" data-end=\"1761\" \/>Az <strong data-start=\"1764\" data-end=\"1781\">Ultra v\u00e1g\u00f3g\u00e9p<\/strong> automatikusan be\u00e1ll\u00edtja \u00e9s pontosan v\u00e1gja ezt a f\u00f3li\u00e1t, m\u00edg r\u00e9gebbi g\u00e9pekkel <strong data-start=\"1859\" data-end=\"1882\">manu\u00e1lis kalibr\u00e1l\u00e1s<\/strong> sz\u00fcks\u00e9ges, <strong data-start=\"1894\" data-end=\"1913\">garancia n\u00e9lk\u00fcl<\/strong>.<\/p>","protected":false},"excerpt":{"rendered":"<p>A Devia Intelligens 7H Privacy f\u00f3lia a biztons\u00e1g \u00e9s tart\u00f3ss\u00e1g t\u00f6k\u00e9letes kombin\u00e1ci\u00f3ja.A 7H kem\u00e9nys\u00e9g\u0171 Nano Glass anyag er\u0151s, rugalmas \u00e9s adatv\u00e9delmi bevonattal ell\u00e1tott, \u00edgy csak&#8230;<\/p>","protected":false},"featured_media":8704,"template":"","meta":[],"etheme_brands":[],"product_brand":[],"product_cat":[73,17,19,25],"product_tag":[],"class_list":{"0":"post-8741","1":"product","2":"type-product","3":"status-publish","4":"has-post-thumbnail","6":"product_cat-devia-ultra","7":"product_cat-devia","8":"product_cat-elolapi-folia","9":"product_cat-legujabb-termekek","11":"first","12":"instock","13":"taxable","14":"shipping-taxable","15":"product-type-simple"},"_links":{"self":[{"href":"https:\/\/smartcover.hu\/en\/wp-json\/wp\/v2\/product\/8741","targetHints":{"allow":["GET"]}}],"collection":[{"href":"https:\/\/smartcover.hu\/en\/wp-json\/wp\/v2\/product"}],"about":[{"href":"https:\/\/smartcover.hu\/en\/wp-json\/wp\/v2\/types\/product"}],"version-history":[{"count":1,"href":"https:\/\/smartcover.hu\/en\/wp-json\/wp\/v2\/product\/8741\/revisions"}],"predecessor-version":[{"id":8742,"href":"https:\/\/smartcover.hu\/en\/wp-json\/wp\/v2\/product\/8741\/revisions\/8742"}],"wp:featuredmedia":[{"embeddable":true,"href":"https:\/\/smartcover.hu\/en\/wp-json\/wp\/v2\/media\/8704"}],"wp:attachment":[{"href":"https:\/\/smartcover.hu\/en\/wp-json\/wp\/v2\/media?parent=8741"}],"wp:term":[{"taxonomy":"brand","embeddable":true,"href":"https:\/\/smartcover.hu\/en\/wp-json\/wp\/v2\/etheme_brands?post=8741"},{"taxonomy":"product_brand","embeddable":true,"href":"https:\/\/smartcover.hu\/en\/wp-json\/wp\/v2\/product_brand?post=8741"},{"taxonomy":"product_cat","embeddable":true,"href":"https:\/\/smartcover.hu\/en\/wp-json\/wp\/v2\/product_cat?post=8741"},{"taxonomy":"product_tag","embeddable":true,"href":"https:\/\/smartcover.hu\/en\/wp-json\/wp\/v2\/product_tag?post=8741"}],"curies":[{"name":"wp","href":"https:\/\/api.w.org\/{rel}","templated":true}]}}