{"id":8739,"date":"2025-10-15T10:56:20","date_gmt":"2025-10-15T09:56:20","guid":{"rendered":"https:\/\/smartcover.hu\/?post_type=product&#038;p=8739"},"modified":"2026-04-15T16:21:19","modified_gmt":"2026-04-15T15:21:19","slug":"ultra-9h-hd-privacy-flex-nano-glass-folia-045-mm","status":"publish","type":"product","link":"https:\/\/smartcover.hu\/en\/product\/ultra-9h-hd-privacy-flex-nano-glass-folia-045-mm\/","title":{"rendered":"Ultra 9H HD Privacy Flex Nano Glass f\u00f3lia (0,45 mm)"},"content":{"rendered":"<p>A <strong data-start=\"2640\" data-end=\"2675\">Devia Ultra 9H HD Privacy f\u00f3lia<\/strong> a legfejlettebb kijelz\u0151v\u00e9d\u0151 technol\u00f3gi\u00e1t k\u00edn\u00e1lja.<br data-start=\"2725\" data-end=\"2728\" \/>A 9H kem\u00e9nys\u00e9g\u0171, rugalmas Nano Glass r\u00e9teg maxim\u00e1lis fizikai v\u00e9delmet ny\u00fajt, a privacy bevonat pedig megakad\u00e1lyozza, hogy oldalr\u00f3l bel\u00e1ssanak a k\u00e9perny\u0151re.<br data-start=\"2883\" data-end=\"2886\" \/>Az <strong data-start=\"2889\" data-end=\"2932\">Ultra v\u00e1g\u00f3g\u00e9p automatikus felismer\u00e9ssel<\/strong> dolgozik, \u00edgy garant\u00e1lt a <strong data-start=\"2959\" data-end=\"2978\">t\u00f6k\u00e9letes v\u00e1g\u00e1s<\/strong>. R\u00e9gebbi g\u00e9pekkel is v\u00e1ghat\u00f3, de <strong data-start=\"3012\" data-end=\"3039\">k\u00e9zi be\u00e1ll\u00edt\u00e1st ig\u00e9nyel<\/strong>, <strong data-start=\"3041\" data-end=\"3060\">garancia n\u00e9lk\u00fcl<\/strong>.<\/p>","protected":false},"excerpt":{"rendered":"<p>A Devia Ultra 9H HD Privacy f\u00f3lia a legfejlettebb kijelz\u0151v\u00e9d\u0151 technol\u00f3gi\u00e1t k\u00edn\u00e1lja.A 9H kem\u00e9nys\u00e9g\u0171, rugalmas Nano Glass r\u00e9teg maxim\u00e1lis fizikai v\u00e9delmet ny\u00fajt, a privacy bevonat&#8230;<\/p>","protected":false},"featured_media":8711,"template":"","meta":[],"etheme_brands":[],"product_brand":[],"product_cat":[73,17,19,25],"product_tag":[],"class_list":{"0":"post-8739","1":"product","2":"type-product","3":"status-publish","4":"has-post-thumbnail","6":"product_cat-devia-ultra","7":"product_cat-devia","8":"product_cat-elolapi-folia","9":"product_cat-legujabb-termekek","11":"first","12":"instock","13":"taxable","14":"shipping-taxable","15":"product-type-simple"},"_links":{"self":[{"href":"https:\/\/smartcover.hu\/en\/wp-json\/wp\/v2\/product\/8739","targetHints":{"allow":["GET"]}}],"collection":[{"href":"https:\/\/smartcover.hu\/en\/wp-json\/wp\/v2\/product"}],"about":[{"href":"https:\/\/smartcover.hu\/en\/wp-json\/wp\/v2\/types\/product"}],"version-history":[{"count":1,"href":"https:\/\/smartcover.hu\/en\/wp-json\/wp\/v2\/product\/8739\/revisions"}],"predecessor-version":[{"id":8740,"href":"https:\/\/smartcover.hu\/en\/wp-json\/wp\/v2\/product\/8739\/revisions\/8740"}],"wp:featuredmedia":[{"embeddable":true,"href":"https:\/\/smartcover.hu\/en\/wp-json\/wp\/v2\/media\/8711"}],"wp:attachment":[{"href":"https:\/\/smartcover.hu\/en\/wp-json\/wp\/v2\/media?parent=8739"}],"wp:term":[{"taxonomy":"brand","embeddable":true,"href":"https:\/\/smartcover.hu\/en\/wp-json\/wp\/v2\/etheme_brands?post=8739"},{"taxonomy":"product_brand","embeddable":true,"href":"https:\/\/smartcover.hu\/en\/wp-json\/wp\/v2\/product_brand?post=8739"},{"taxonomy":"product_cat","embeddable":true,"href":"https:\/\/smartcover.hu\/en\/wp-json\/wp\/v2\/product_cat?post=8739"},{"taxonomy":"product_tag","embeddable":true,"href":"https:\/\/smartcover.hu\/en\/wp-json\/wp\/v2\/product_tag?post=8739"}],"curies":[{"name":"wp","href":"https:\/\/api.w.org\/{rel}","templated":true}]}}