{"id":8737,"date":"2025-10-15T10:53:26","date_gmt":"2025-10-15T09:53:26","guid":{"rendered":"https:\/\/smartcover.hu\/?post_type=product&#038;p=8737"},"modified":"2026-02-18T14:54:07","modified_gmt":"2026-02-18T13:54:07","slug":"ultra-9h-clear-flex-nano-glass-folia-040-mm","status":"publish","type":"product","link":"https:\/\/smartcover.hu\/en\/product\/ultra-9h-clear-flex-nano-glass-folia-040-mm\/","title":{"rendered":"Ultra 9H Clear Flex Nano Glass f\u00f3lia (0,40 mm)"},"content":{"rendered":"<p data-start=\"915\" data-end=\"1373\">A <strong data-start=\"2068\" data-end=\"2098\">Devia Ultra 9H Clear f\u00f3lia<\/strong> pr\u00e9mium kateg\u00f3ri\u00e1s kijelz\u0151v\u00e9delmet k\u00edn\u00e1l krist\u00e1lytiszta \u00e1tl\u00e1tsz\u00f3s\u00e1ggal \u00e9s extr\u00e9m kem\u00e9nys\u00e9ggel.<br data-start=\"2193\" data-end=\"2196\" \/>A 9H Nano Glass anyag ellen\u00e1ll a karcoknak \u00e9s \u00fct\u0151d\u00e9seknek, mik\u00f6zben meg\u0151rzi a kijelz\u0151 eredeti f\u00e9nyerej\u00e9t \u00e9s sz\u00edneit.<br data-start=\"2312\" data-end=\"2315\" \/>Ez a f\u00f3lia <strong data-start=\"2326\" data-end=\"2364\">kifejezetten az Ultra v\u00e1g\u00f3g\u00e9pekkel<\/strong> haszn\u00e1lva ad <strong data-start=\"2378\" data-end=\"2401\">t\u00f6k\u00e9letes eredm\u00e9nyt<\/strong>, r\u00e9gebbi g\u00e9pekn\u00e9l viszont <strong data-start=\"2428\" data-end=\"2450\">manu\u00e1lis be\u00e1ll\u00edt\u00e1s<\/strong> sz\u00fcks\u00e9ges, <strong data-start=\"2462\" data-end=\"2481\">garancia n\u00e9lk\u00fcl<\/strong>.nt <strong data-start=\"1307\" data-end=\"1325\">k\u00e9zi be\u00e1ll\u00edt\u00e1s<\/strong> sz\u00fcks\u00e9ges, amelyre <strong data-start=\"1345\" data-end=\"1372\">nem v\u00e1llalhat\u00f3 garancia<\/strong>.<\/p>","protected":false},"excerpt":{"rendered":"<p>A Devia Ultra 9H Clear f\u00f3lia pr\u00e9mium kateg\u00f3ri\u00e1s kijelz\u0151v\u00e9delmet k\u00edn\u00e1l krist\u00e1lytiszta \u00e1tl\u00e1tsz\u00f3s\u00e1ggal \u00e9s extr\u00e9m kem\u00e9nys\u00e9ggel.A 9H Nano Glass anyag ellen\u00e1ll a karcoknak \u00e9s \u00fct\u0151d\u00e9seknek, mik\u00f6zben&#8230;<\/p>","protected":false},"featured_media":8712,"template":"","meta":[],"etheme_brands":[],"product_brand":[],"product_cat":[73,17,19,25],"product_tag":[],"class_list":{"0":"post-8737","1":"product","2":"type-product","3":"status-publish","4":"has-post-thumbnail","6":"product_cat-devia-ultra","7":"product_cat-devia","8":"product_cat-elolapi-folia","9":"product_cat-legujabb-termekek","11":"first","12":"instock","13":"taxable","14":"shipping-taxable","15":"product-type-simple"},"_links":{"self":[{"href":"https:\/\/smartcover.hu\/en\/wp-json\/wp\/v2\/product\/8737","targetHints":{"allow":["GET"]}}],"collection":[{"href":"https:\/\/smartcover.hu\/en\/wp-json\/wp\/v2\/product"}],"about":[{"href":"https:\/\/smartcover.hu\/en\/wp-json\/wp\/v2\/types\/product"}],"version-history":[{"count":1,"href":"https:\/\/smartcover.hu\/en\/wp-json\/wp\/v2\/product\/8737\/revisions"}],"predecessor-version":[{"id":8738,"href":"https:\/\/smartcover.hu\/en\/wp-json\/wp\/v2\/product\/8737\/revisions\/8738"}],"wp:featuredmedia":[{"embeddable":true,"href":"https:\/\/smartcover.hu\/en\/wp-json\/wp\/v2\/media\/8712"}],"wp:attachment":[{"href":"https:\/\/smartcover.hu\/en\/wp-json\/wp\/v2\/media?parent=8737"}],"wp:term":[{"taxonomy":"brand","embeddable":true,"href":"https:\/\/smartcover.hu\/en\/wp-json\/wp\/v2\/etheme_brands?post=8737"},{"taxonomy":"product_brand","embeddable":true,"href":"https:\/\/smartcover.hu\/en\/wp-json\/wp\/v2\/product_brand?post=8737"},{"taxonomy":"product_cat","embeddable":true,"href":"https:\/\/smartcover.hu\/en\/wp-json\/wp\/v2\/product_cat?post=8737"},{"taxonomy":"product_tag","embeddable":true,"href":"https:\/\/smartcover.hu\/en\/wp-json\/wp\/v2\/product_tag?post=8737"}],"curies":[{"name":"wp","href":"https:\/\/api.w.org\/{rel}","templated":true}]}}