{"id":8735,"date":"2025-10-15T10:50:46","date_gmt":"2025-10-15T09:50:46","guid":{"rendered":"https:\/\/smartcover.hu\/?post_type=product&#038;p=8735"},"modified":"2026-05-12T13:00:10","modified_gmt":"2026-05-12T12:00:10","slug":"intelligens-7h-flex-nano-glass-folia-038-mm","status":"publish","type":"product","link":"https:\/\/smartcover.hu\/en\/product\/intelligens-7h-flex-nano-glass-folia-038-mm\/","title":{"rendered":"Intelligens 7H Flex Nano Glass f\u00f3lia (0,38 mm)"},"content":{"rendered":"<p data-start=\"915\" data-end=\"1373\">A <strong data-start=\"1005\" data-end=\"1035\">Devia Intelligens 7H f\u00f3lia<\/strong> a tart\u00f3ss\u00e1g \u00faj szintj\u00e9t k\u00e9pviseli.<br data-start=\"1070\" data-end=\"1073\" \/>A 7H kem\u00e9nys\u00e9g\u0171 Nano Glass anyag <strong data-start=\"1106\" data-end=\"1143\">kiemelked\u0151 \u00fct\u00e9s- \u00e9s karc\u00e1ll\u00f3s\u00e1got<\/strong> ny\u00fajt, mik\u00f6zben pontosan illeszkedik a kijelz\u0151 form\u00e1j\u00e1hoz.<br data-start=\"1202\" data-end=\"1205\" \/>Az <strong data-start=\"1208\" data-end=\"1225\">Ultra v\u00e1g\u00f3g\u00e9p<\/strong> automatikusan felismeri \u00e9s prec\u00edzen v\u00e1gja ezt a f\u00f3li\u00e1t, r\u00e9gebbi g\u00e9pekkel viszont <strong data-start=\"1307\" data-end=\"1325\">k\u00e9zi be\u00e1ll\u00edt\u00e1s<\/strong> sz\u00fcks\u00e9ges, amelyre <strong data-start=\"1345\" data-end=\"1372\">nem v\u00e1llalhat\u00f3 garancia<\/strong>.<\/p>","protected":false},"excerpt":{"rendered":"<p>A Devia Intelligens 7H f\u00f3lia a tart\u00f3ss\u00e1g \u00faj szintj\u00e9t k\u00e9pviseli.A 7H kem\u00e9nys\u00e9g\u0171 Nano Glass anyag kiemelked\u0151 \u00fct\u00e9s- \u00e9s karc\u00e1ll\u00f3s\u00e1got ny\u00fajt, mik\u00f6zben pontosan illeszkedik a kijelz\u0151&#8230;<\/p>","protected":false},"featured_media":8705,"template":"","meta":[],"etheme_brands":[],"product_brand":[],"product_cat":[73,17,19,25],"product_tag":[],"class_list":{"0":"post-8735","1":"product","2":"type-product","3":"status-publish","4":"has-post-thumbnail","6":"product_cat-devia-ultra","7":"product_cat-devia","8":"product_cat-elolapi-folia","9":"product_cat-legujabb-termekek","11":"first","12":"instock","13":"taxable","14":"shipping-taxable","15":"product-type-simple"},"_links":{"self":[{"href":"https:\/\/smartcover.hu\/en\/wp-json\/wp\/v2\/product\/8735","targetHints":{"allow":["GET"]}}],"collection":[{"href":"https:\/\/smartcover.hu\/en\/wp-json\/wp\/v2\/product"}],"about":[{"href":"https:\/\/smartcover.hu\/en\/wp-json\/wp\/v2\/types\/product"}],"version-history":[{"count":1,"href":"https:\/\/smartcover.hu\/en\/wp-json\/wp\/v2\/product\/8735\/revisions"}],"predecessor-version":[{"id":8736,"href":"https:\/\/smartcover.hu\/en\/wp-json\/wp\/v2\/product\/8735\/revisions\/8736"}],"wp:featuredmedia":[{"embeddable":true,"href":"https:\/\/smartcover.hu\/en\/wp-json\/wp\/v2\/media\/8705"}],"wp:attachment":[{"href":"https:\/\/smartcover.hu\/en\/wp-json\/wp\/v2\/media?parent=8735"}],"wp:term":[{"taxonomy":"brand","embeddable":true,"href":"https:\/\/smartcover.hu\/en\/wp-json\/wp\/v2\/etheme_brands?post=8735"},{"taxonomy":"product_brand","embeddable":true,"href":"https:\/\/smartcover.hu\/en\/wp-json\/wp\/v2\/product_brand?post=8735"},{"taxonomy":"product_cat","embeddable":true,"href":"https:\/\/smartcover.hu\/en\/wp-json\/wp\/v2\/product_cat?post=8735"},{"taxonomy":"product_tag","embeddable":true,"href":"https:\/\/smartcover.hu\/en\/wp-json\/wp\/v2\/product_tag?post=8735"}],"curies":[{"name":"wp","href":"https:\/\/api.w.org\/{rel}","templated":true}]}}