{"id":8723,"date":"2025-10-14T13:29:29","date_gmt":"2025-10-14T12:29:29","guid":{"rendered":"https:\/\/smartcover.hu\/?post_type=product&#038;p=8723"},"modified":"2025-12-03T11:19:33","modified_gmt":"2025-12-03T10:19:33","slug":"devia-ultra-intelligens-foliavago-gep-20db-ultra-folia","status":"publish","type":"product","link":"https:\/\/smartcover.hu\/en\/product\/devia-ultra-intelligens-foliavago-gep-20db-ultra-folia\/","title":{"rendered":"Devia Ultra intelligens f\u00f3liav\u00e1g\u00f3 g\u00e9p+ 20DB Ultra f\u00f3lia"},"content":{"rendered":"<h3 style=\"text-align: center;\" data-start=\"310\" data-end=\"1003\">A <strong data-start=\"409\" data-end=\"424\">Devia Ultra<\/strong> a kijelz\u0151v\u00e9d\u0151 f\u00f3li\u00e1k v\u00e1g\u00e1s\u00e1nak \u00faj gener\u00e1ci\u00f3ja.<\/h3>\n<h5 style=\"text-align: left;\" data-start=\"310\" data-end=\"1003\"><br data-start=\"471\" data-end=\"474\" \/>A g\u00e9p <strong data-start=\"480\" data-end=\"540\">automatikusan felismeri az Ultra \u00e9s Intelligens f\u00f3li\u00e1kat<\/strong>, \u00e9s <strong data-start=\"545\" data-end=\"590\">\u00f6n\u00e1ll\u00f3an be\u00e1ll\u00edtja a v\u00e1g\u00e1si param\u00e9tereket<\/strong>, \u00edgy minden v\u00e1g\u00e1s t\u00f6k\u00e9letes pontoss\u00e1g\u00fa.<\/h5>\n<h5 style=\"text-align: left;\" data-start=\"310\" data-end=\"1003\"><br data-start=\"630\" data-end=\"633\" data-is-only-node=\"\" \/>Nincs t\u00f6bb k\u00e9zi kalibr\u00e1l\u00e1s, nincs hibalehet\u0151s\u00e9g \u2013 a rendszer <strong data-start=\"694\" data-end=\"725\">gyors, prec\u00edz \u00e9s megb\u00edzhat\u00f3<\/strong>.<\/h5>\n<h5 style=\"text-align: left;\" data-start=\"310\" data-end=\"1003\"><br data-start=\"726\" data-end=\"729\" \/>T\u00e1mogatja az \u00faj <strong data-start=\"745\" data-end=\"780\">pozicion\u00e1l\u00f3 lyukv\u00e1g\u00e1si funkci\u00f3t<\/strong>, ami az <strong data-start=\"789\" data-end=\"829\">Intelligens f\u00f3liafelhelyez\u0151 kerettel<\/strong> kombin\u00e1lva biztos\u00edtja a <strong data-start=\"854\" data-end=\"903\">t\u00f6k\u00e9letes illeszt\u00e9st \u00e9s egyszer\u0171 felhelyez\u00e9st<\/strong>.<\/h5>\n<h5 style=\"text-align: left;\" data-start=\"310\" data-end=\"1003\"><br data-start=\"904\" data-end=\"907\" \/><strong data-start=\"907\" data-end=\"1003\">Professzion\u00e1lis megold\u00e1s szervizeknek \u00e9s \u00fczleteknek, ahol sz\u00e1m\u00edt a min\u0151s\u00e9g \u00e9s a hat\u00e9konys\u00e1g.<\/strong><\/h5>","protected":false},"excerpt":{"rendered":"<p>A Devia Ultra a kijelz\u0151v\u00e9d\u0151 f\u00f3li\u00e1k v\u00e1g\u00e1s\u00e1nak \u00faj gener\u00e1ci\u00f3ja. A g\u00e9p automatikusan felismeri az Ultra \u00e9s Intelligens f\u00f3li\u00e1kat, \u00e9s \u00f6n\u00e1ll\u00f3an be\u00e1ll\u00edtja a v\u00e1g\u00e1si param\u00e9tereket, \u00edgy&#8230;<\/p>","protected":false},"featured_media":8675,"template":"","meta":[],"etheme_brands":[],"product_brand":[],"product_cat":[73,17,20,25],"product_tag":[],"class_list":{"0":"post-8723","1":"product","2":"type-product","3":"status-publish","4":"has-post-thumbnail","6":"product_cat-devia-ultra","7":"product_cat-devia","8":"product_cat-devia-vago-gep","9":"product_cat-legujabb-termekek","11":"first","12":"instock","13":"taxable","14":"shipping-taxable","15":"product-type-simple"},"_links":{"self":[{"href":"https:\/\/smartcover.hu\/en\/wp-json\/wp\/v2\/product\/8723","targetHints":{"allow":["GET"]}}],"collection":[{"href":"https:\/\/smartcover.hu\/en\/wp-json\/wp\/v2\/product"}],"about":[{"href":"https:\/\/smartcover.hu\/en\/wp-json\/wp\/v2\/types\/product"}],"version-history":[{"count":5,"href":"https:\/\/smartcover.hu\/en\/wp-json\/wp\/v2\/product\/8723\/revisions"}],"predecessor-version":[{"id":8747,"href":"https:\/\/smartcover.hu\/en\/wp-json\/wp\/v2\/product\/8723\/revisions\/8747"}],"wp:featuredmedia":[{"embeddable":true,"href":"https:\/\/smartcover.hu\/en\/wp-json\/wp\/v2\/media\/8675"}],"wp:attachment":[{"href":"https:\/\/smartcover.hu\/en\/wp-json\/wp\/v2\/media?parent=8723"}],"wp:term":[{"taxonomy":"brand","embeddable":true,"href":"https:\/\/smartcover.hu\/en\/wp-json\/wp\/v2\/etheme_brands?post=8723"},{"taxonomy":"product_brand","embeddable":true,"href":"https:\/\/smartcover.hu\/en\/wp-json\/wp\/v2\/product_brand?post=8723"},{"taxonomy":"product_cat","embeddable":true,"href":"https:\/\/smartcover.hu\/en\/wp-json\/wp\/v2\/product_cat?post=8723"},{"taxonomy":"product_tag","embeddable":true,"href":"https:\/\/smartcover.hu\/en\/wp-json\/wp\/v2\/product_tag?post=8723"}],"curies":[{"name":"wp","href":"https:\/\/api.w.org\/{rel}","templated":true}]}}