{"id":8718,"date":"2025-10-14T13:11:43","date_gmt":"2025-10-14T12:11:43","guid":{"rendered":"https:\/\/smartcover.hu\/?post_type=product&#038;p=8718"},"modified":"2026-05-12T13:00:10","modified_gmt":"2026-05-12T12:00:10","slug":"devia-intelligent-5h-rugalmas-kijelzovedo-folia-035mm","status":"publish","type":"product","link":"https:\/\/smartcover.hu\/en\/product\/devia-intelligent-5h-rugalmas-kijelzovedo-folia-035mm\/","title":{"rendered":"Devia Intelligens 5H Flex Nano Glass f\u00f3lia (0,35 mm)"},"content":{"rendered":"<p data-start=\"354\" data-end=\"846\">A <strong data-start=\"444\" data-end=\"486\">Devia Intelligens 5H kijelz\u0151v\u00e9d\u0151 f\u00f3lia<\/strong> massz\u00edv, megb\u00edzhat\u00f3 v\u00e9delmet biztos\u00edt a kijelz\u0151nek.<br data-start=\"538\" data-end=\"541\" \/>A strapab\u00edr\u00f3, rugalmas Nano Glass anyag ellen\u00e1ll a karcoknak, \u00fct\u0151d\u00e9seknek \u00e9s a mindennapi haszn\u00e1latnak.<br data-start=\"644\" data-end=\"647\" \/>Ezt a f\u00f3li\u00e1t az <strong data-start=\"663\" data-end=\"685\">\u00faj Devia Ultra g\u00e9p<\/strong> automatikusan felismeri \u00e9s <strong data-start=\"713\" data-end=\"745\">t\u00f6k\u00e9letes pontoss\u00e1ggal v\u00e1gja<\/strong>, m\u00edg a r\u00e9gebbi g\u00e9pekn\u00e9l <strong data-start=\"770\" data-end=\"792\">manu\u00e1lis be\u00e1ll\u00edt\u00e1s<\/strong> sz\u00fcks\u00e9ges, amelyre <strong data-start=\"812\" data-end=\"845\">nem tudunk garanci\u00e1t v\u00e1llalni<\/strong>.<\/p>","protected":false},"excerpt":{"rendered":"<p>A Devia Intelligens 5H kijelz\u0151v\u00e9d\u0151 f\u00f3lia massz\u00edv, megb\u00edzhat\u00f3 v\u00e9delmet biztos\u00edt a kijelz\u0151nek.A strapab\u00edr\u00f3, rugalmas Nano Glass anyag ellen\u00e1ll a karcoknak, \u00fct\u0151d\u00e9seknek \u00e9s a mindennapi haszn\u00e1latnak.Ezt&#8230;<\/p>","protected":false},"featured_media":8703,"template":"","meta":[],"etheme_brands":[],"product_brand":[],"product_cat":[73,74,17,19,25],"product_tag":[],"class_list":{"0":"post-8718","1":"product","2":"type-product","3":"status-publish","4":"has-post-thumbnail","6":"product_cat-devia-ultra","7":"product_cat-best-deal","8":"product_cat-devia","9":"product_cat-elolapi-folia","10":"product_cat-legujabb-termekek","12":"first","13":"instock","14":"taxable","15":"shipping-taxable","16":"product-type-simple"},"_links":{"self":[{"href":"https:\/\/smartcover.hu\/en\/wp-json\/wp\/v2\/product\/8718","targetHints":{"allow":["GET"]}}],"collection":[{"href":"https:\/\/smartcover.hu\/en\/wp-json\/wp\/v2\/product"}],"about":[{"href":"https:\/\/smartcover.hu\/en\/wp-json\/wp\/v2\/types\/product"}],"version-history":[{"count":4,"href":"https:\/\/smartcover.hu\/en\/wp-json\/wp\/v2\/product\/8718\/revisions"}],"predecessor-version":[{"id":8722,"href":"https:\/\/smartcover.hu\/en\/wp-json\/wp\/v2\/product\/8718\/revisions\/8722"}],"wp:featuredmedia":[{"embeddable":true,"href":"https:\/\/smartcover.hu\/en\/wp-json\/wp\/v2\/media\/8703"}],"wp:attachment":[{"href":"https:\/\/smartcover.hu\/en\/wp-json\/wp\/v2\/media?parent=8718"}],"wp:term":[{"taxonomy":"brand","embeddable":true,"href":"https:\/\/smartcover.hu\/en\/wp-json\/wp\/v2\/etheme_brands?post=8718"},{"taxonomy":"product_brand","embeddable":true,"href":"https:\/\/smartcover.hu\/en\/wp-json\/wp\/v2\/product_brand?post=8718"},{"taxonomy":"product_cat","embeddable":true,"href":"https:\/\/smartcover.hu\/en\/wp-json\/wp\/v2\/product_cat?post=8718"},{"taxonomy":"product_tag","embeddable":true,"href":"https:\/\/smartcover.hu\/en\/wp-json\/wp\/v2\/product_tag?post=8718"}],"curies":[{"name":"wp","href":"https:\/\/api.w.org\/{rel}","templated":true}]}}