{"id":8708,"date":"2025-10-14T11:44:04","date_gmt":"2025-10-14T10:44:04","guid":{"rendered":"https:\/\/smartcover.hu\/?post_type=product&#038;p=8708"},"modified":"2026-04-17T06:31:35","modified_gmt":"2026-04-17T05:31:35","slug":"k56-magic-box-5db-os-uvegfolia-szett-s25-edge","status":"publish","type":"product","link":"https:\/\/smartcover.hu\/en\/product\/k56-magic-box-5db-os-uvegfolia-szett-s25-edge\/","title":{"rendered":"K56 Magic Box 5db-os \u00fcvegf\u00f3lia szett (S25 Edge)"},"content":{"rendered":"<p>A <strong>K56 Magic Box 5db-os ut\u00e1nt\u00f6lt\u0151 \u00fcvegf\u00f3lia szett<\/strong> t\u00f6k\u00e9letes v\u00e1laszt\u00e1s, ha szeretn\u00e9d megv\u00e9deni telefonodat a karcol\u00e1sokt\u00f3l \u00e9s \u00fct\u00e9sekt\u0151l. A szett 5 darab pr\u00e9mium min\u0151s\u00e9g\u0171 \u00fcvegf\u00f3li\u00e1t tartalmaz, amelyek k\u00f6nnyen felhelyezhet\u0151k \u00e9s pontos v\u00e9delmet ny\u00fajtanak a kijelz\u0151n. A f\u00f3li\u00e1k kemikailag edzett \u00fcvegb\u0151l k\u00e9sz\u00fcltek, \u00edgy biztos\u00edtva a tart\u00f3s v\u00e9delmet, mik\u00f6zben nem befoly\u00e1solj\u00e1k a k\u00e9perny\u0151 \u00e9rint\u0151k\u00e9pess\u00e9g\u00e9t.<\/p>","protected":false},"excerpt":{"rendered":"<p>A K56 Magic Box 5db-os ut\u00e1nt\u00f6lt\u0151 \u00fcvegf\u00f3lia szett t\u00f6k\u00e9letes v\u00e1laszt\u00e1s, ha szeretn\u00e9d megv\u00e9deni telefonodat a karcol\u00e1sokt\u00f3l \u00e9s \u00fct\u00e9sekt\u0151l. A szett 5 darab pr\u00e9mium min\u0151s\u00e9g\u0171 \u00fcvegf\u00f3li\u00e1t&#8230;<\/p>","protected":false},"featured_media":6676,"template":"","meta":[],"etheme_brands":[],"product_brand":[],"product_cat":[71,25],"product_tag":[],"class_list":{"0":"post-8708","1":"product","2":"type-product","3":"status-publish","4":"has-post-thumbnail","6":"product_cat-magic-box","7":"product_cat-legujabb-termekek","9":"first","10":"instock","11":"taxable","12":"shipping-taxable","13":"product-type-simple"},"_links":{"self":[{"href":"https:\/\/smartcover.hu\/en\/wp-json\/wp\/v2\/product\/8708","targetHints":{"allow":["GET"]}}],"collection":[{"href":"https:\/\/smartcover.hu\/en\/wp-json\/wp\/v2\/product"}],"about":[{"href":"https:\/\/smartcover.hu\/en\/wp-json\/wp\/v2\/types\/product"}],"version-history":[{"count":1,"href":"https:\/\/smartcover.hu\/en\/wp-json\/wp\/v2\/product\/8708\/revisions"}],"predecessor-version":[{"id":8710,"href":"https:\/\/smartcover.hu\/en\/wp-json\/wp\/v2\/product\/8708\/revisions\/8710"}],"wp:featuredmedia":[{"embeddable":true,"href":"https:\/\/smartcover.hu\/en\/wp-json\/wp\/v2\/media\/6676"}],"wp:attachment":[{"href":"https:\/\/smartcover.hu\/en\/wp-json\/wp\/v2\/media?parent=8708"}],"wp:term":[{"taxonomy":"brand","embeddable":true,"href":"https:\/\/smartcover.hu\/en\/wp-json\/wp\/v2\/etheme_brands?post=8708"},{"taxonomy":"product_brand","embeddable":true,"href":"https:\/\/smartcover.hu\/en\/wp-json\/wp\/v2\/product_brand?post=8708"},{"taxonomy":"product_cat","embeddable":true,"href":"https:\/\/smartcover.hu\/en\/wp-json\/wp\/v2\/product_cat?post=8708"},{"taxonomy":"product_tag","embeddable":true,"href":"https:\/\/smartcover.hu\/en\/wp-json\/wp\/v2\/product_tag?post=8708"}],"curies":[{"name":"wp","href":"https:\/\/api.w.org\/{rel}","templated":true}]}}