{"id":7872,"date":"2025-06-17T08:40:56","date_gmt":"2025-06-17T07:40:56","guid":{"rendered":"https:\/\/smartcover.hu\/?post_type=product&#038;p=7872"},"modified":"2025-06-17T12:47:34","modified_gmt":"2025-06-17T11:47:34","slug":"smartcover-2-4a-dupla-usb-tolto-usb-a-usb-c-kabel-szett","status":"publish","type":"product","link":"https:\/\/smartcover.hu\/en\/product\/smartcover-2-4a-dupla-usb-tolto-usb-a-usb-c-kabel-szett\/","title":{"rendered":"SmartCover 2.4A Dupla USB T\u00f6lt\u0151 + USB-A \u2013 USB-C K\u00e1bel"},"content":{"rendered":"<h3 data-start=\"145\" data-end=\"215\"><strong data-start=\"152\" data-end=\"215\">SmartCover 2.4A Dupla USB T\u00f6lt\u0151 + USB-A \u2013 USB-C K\u00e1bel<\/strong><\/h3>\n<p data-start=\"217\" data-end=\"491\">Ez a SmartCover t\u00f6lt\u0151szett ide\u00e1lis v\u00e1laszt\u00e1s, ha egyszerre szeretn\u00e9l t\u00f6bb eszk\u00f6zt is t\u00f6lteni biztons\u00e1gosan \u00e9s megb\u00edzhat\u00f3an. A 2 USB portos adapterrel egyszerre ak\u00e1r k\u00e9t k\u00e9sz\u00fcl\u00e9ket is t\u00f6lthetsz, a mell\u00e9kelt USB-A \u2013 USB-C k\u00e1bel pedig azonnali haszn\u00e1latra k\u00e9sz megold\u00e1st ny\u00fajt.<\/p>\n<hr data-start=\"493\" data-end=\"496\" \/>\n<h4 data-start=\"498\" data-end=\"524\"><strong data-start=\"503\" data-end=\"524\">A szett tartalma:<\/strong><\/h4>\n<ul data-start=\"525\" data-end=\"703\">\n<li data-start=\"525\" data-end=\"622\">\n<p data-start=\"527\" data-end=\"622\"><strong data-start=\"527\" data-end=\"561\">1 db USB h\u00e1l\u00f3zati t\u00f6lt\u0151adapter<\/strong> \u2013 2 db USB-A kimenettel, max. 2.4A t\u00f6lt\u00e9si teljes\u00edtm\u00e9nnyel<\/p>\n<\/li>\n<li data-start=\"623\" data-end=\"703\">\n<p data-start=\"625\" data-end=\"703\"><strong data-start=\"625\" data-end=\"653\">1 db USB-A \u2013 USB-C k\u00e1bel<\/strong><\/p>\n<\/li>\n<\/ul>\n<hr data-start=\"705\" data-end=\"708\" \/>\n<h4 data-start=\"710\" data-end=\"734\"><strong data-start=\"715\" data-end=\"734\">F\u0151bb jellemz\u0151k:<\/strong><\/h4>\n<ul data-start=\"735\" data-end=\"1050\">\n<li data-start=\"735\" data-end=\"794\">\n<p data-start=\"737\" data-end=\"794\">\ud83d\udd0c <strong data-start=\"740\" data-end=\"761\">Dupla USB kimenet<\/strong> \u2013 egyszerre k\u00e9t eszk\u00f6z t\u00f6lt\u00e9se<\/p>\n<\/li>\n<li data-start=\"795\" data-end=\"884\">\n<p data-start=\"797\" data-end=\"884\">\u26a1 <strong data-start=\"799\" data-end=\"834\">Max. 2.4A kimeneti teljes\u00edtm\u00e9ny<\/strong> \u2013 gyorsabb t\u00f6lt\u00e9s, mint a hagyom\u00e1nyos adapterek<\/p>\n<\/li>\n<li data-start=\"885\" data-end=\"978\">\n<p data-start=\"887\" data-end=\"978\">\ud83d\udcf1 <strong data-start=\"890\" data-end=\"929\">Kompatibilis minden USB-C eszk\u00f6zzel<\/strong> \u2013 Android telefonok, power bankok, tablet stb.<\/p>\n<\/li>\n<\/ul>","protected":false},"excerpt":{"rendered":"<p>SmartCover 2.4A Dupla USB T\u00f6lt\u0151 + USB-A \u2013 USB-C K\u00e1bel Ez a SmartCover t\u00f6lt\u0151szett ide\u00e1lis v\u00e1laszt\u00e1s, ha egyszerre szeretn\u00e9l t\u00f6bb eszk\u00f6zt is t\u00f6lteni biztons\u00e1gosan \u00e9s&#8230;<\/p>","protected":false},"featured_media":7854,"template":"","meta":[],"etheme_brands":[],"product_brand":[],"product_cat":[72,25,40],"product_tag":[],"class_list":{"0":"post-7872","1":"product","2":"type-product","3":"status-publish","4":"has-post-thumbnail","6":"product_cat-tartozekok-toltok-adapterek","7":"product_cat-legujabb-termekek","8":"product_cat-smartcover","10":"first","11":"instock","12":"taxable","13":"shipping-taxable","14":"product-type-simple"},"_links":{"self":[{"href":"https:\/\/smartcover.hu\/en\/wp-json\/wp\/v2\/product\/7872","targetHints":{"allow":["GET"]}}],"collection":[{"href":"https:\/\/smartcover.hu\/en\/wp-json\/wp\/v2\/product"}],"about":[{"href":"https:\/\/smartcover.hu\/en\/wp-json\/wp\/v2\/types\/product"}],"version-history":[{"count":3,"href":"https:\/\/smartcover.hu\/en\/wp-json\/wp\/v2\/product\/7872\/revisions"}],"predecessor-version":[{"id":7882,"href":"https:\/\/smartcover.hu\/en\/wp-json\/wp\/v2\/product\/7872\/revisions\/7882"}],"wp:featuredmedia":[{"embeddable":true,"href":"https:\/\/smartcover.hu\/en\/wp-json\/wp\/v2\/media\/7854"}],"wp:attachment":[{"href":"https:\/\/smartcover.hu\/en\/wp-json\/wp\/v2\/media?parent=7872"}],"wp:term":[{"taxonomy":"brand","embeddable":true,"href":"https:\/\/smartcover.hu\/en\/wp-json\/wp\/v2\/etheme_brands?post=7872"},{"taxonomy":"product_brand","embeddable":true,"href":"https:\/\/smartcover.hu\/en\/wp-json\/wp\/v2\/product_brand?post=7872"},{"taxonomy":"product_cat","embeddable":true,"href":"https:\/\/smartcover.hu\/en\/wp-json\/wp\/v2\/product_cat?post=7872"},{"taxonomy":"product_tag","embeddable":true,"href":"https:\/\/smartcover.hu\/en\/wp-json\/wp\/v2\/product_tag?post=7872"}],"curies":[{"name":"wp","href":"https:\/\/api.w.org\/{rel}","templated":true}]}}