{"id":7869,"date":"2025-06-17T08:39:30","date_gmt":"2025-06-17T07:39:30","guid":{"rendered":"https:\/\/smartcover.hu\/?post_type=product&#038;p=7869"},"modified":"2025-06-17T12:44:54","modified_gmt":"2025-06-17T11:44:54","slug":"7869","status":"publish","type":"product","link":"https:\/\/smartcover.hu\/en\/product\/7869\/","title":{"rendered":"SmartCover 25W USB-C T\u00f6lt\u0151 + USB-C \u2013 USB-C K\u00e1bel Szett"},"content":{"rendered":"<h3 data-start=\"1020\" data-end=\"1088\"><strong data-start=\"1027\" data-end=\"1088\">SmartCover 25W USB-C T\u00f6lt\u0151 + USB-C \u2013 USB-C K\u00e1bel Szett<\/strong><\/h3>\n<p data-start=\"1090\" data-end=\"1302\">Ez a SmartCover 25W-os t\u00f6lt\u0151szett egy USB-C \u2013 USB-C k\u00e1bellel egy\u00fctt \u00e9rkezik, \u00edgy azonnal haszn\u00e1latra k\u00e9sz. T\u00f6k\u00e9letes v\u00e1laszt\u00e1s, ha gyors, stabil \u00e9s praktikus megold\u00e1st keresel telefonod vagy t\u00e1blag\u00e9ped t\u00f6lt\u00e9s\u00e9re.<\/p>\n<hr data-start=\"1304\" data-end=\"1307\" \/>\n<h4 data-start=\"1309\" data-end=\"1335\"><strong data-start=\"1314\" data-end=\"1335\">A szett tartalma:<\/strong><\/h4>\n<ul data-start=\"1336\" data-end=\"1485\">\n<li data-start=\"1336\" data-end=\"1401\">\n<p data-start=\"1338\" data-end=\"1401\"><strong data-start=\"1338\" data-end=\"1369\">1 db 25W USB-C t\u00f6lt\u0151adapter<\/strong> \u2013 PD gyorst\u00f6lt\u00e9si technol\u00f3gia<\/p>\n<\/li>\n<li data-start=\"1402\" data-end=\"1485\">\n<p data-start=\"1404\" data-end=\"1485\"><strong data-start=\"1404\" data-end=\"1432\">1 db USB-C \u2013 USB-C k\u00e1bel<\/strong><\/p>\n<\/li>\n<\/ul>\n<hr data-start=\"1487\" data-end=\"1490\" \/>\n<h4 data-start=\"1492\" data-end=\"1516\"><strong data-start=\"1497\" data-end=\"1516\">F\u0151bb jellemz\u0151k:<\/strong><\/h4>\n<ul data-start=\"1517\" data-end=\"1780\">\n<li data-start=\"1517\" data-end=\"1584\">\n<p data-start=\"1519\" data-end=\"1584\">\u26a1 <strong data-start=\"1521\" data-end=\"1555\">25W Power Delivery gyorst\u00f6lt\u00e9s<\/strong> \u2013 gyors \u00e9s hat\u00e9kony t\u00f6lt\u00e9s<\/p>\n<\/li>\n<li data-start=\"1585\" data-end=\"1665\">\n<p data-start=\"1587\" data-end=\"1665\">\ud83d\udd0c <strong data-start=\"1590\" data-end=\"1625\">Kompatibilis modern eszk\u00f6z\u00f6kkel<\/strong> \u2013 iPhone (USB-C), Android, iPad, stb.<\/p>\n<\/li>\n<\/ul>","protected":false},"excerpt":{"rendered":"<p>SmartCover 25W USB-C T\u00f6lt\u0151 + USB-C \u2013 USB-C K\u00e1bel Szett Ez a SmartCover 25W-os t\u00f6lt\u0151szett egy USB-C \u2013 USB-C k\u00e1bellel egy\u00fctt \u00e9rkezik, \u00edgy azonnal haszn\u00e1latra&#8230;<\/p>","protected":false},"featured_media":7853,"template":"","meta":[],"etheme_brands":[],"product_brand":[],"product_cat":[72,25,40],"product_tag":[],"class_list":{"0":"post-7869","1":"product","2":"type-product","3":"status-publish","4":"has-post-thumbnail","6":"product_cat-tartozekok-toltok-adapterek","7":"product_cat-legujabb-termekek","8":"product_cat-smartcover","10":"first","11":"instock","12":"taxable","13":"shipping-taxable","14":"product-type-simple"},"_links":{"self":[{"href":"https:\/\/smartcover.hu\/en\/wp-json\/wp\/v2\/product\/7869","targetHints":{"allow":["GET"]}}],"collection":[{"href":"https:\/\/smartcover.hu\/en\/wp-json\/wp\/v2\/product"}],"about":[{"href":"https:\/\/smartcover.hu\/en\/wp-json\/wp\/v2\/types\/product"}],"version-history":[{"count":3,"href":"https:\/\/smartcover.hu\/en\/wp-json\/wp\/v2\/product\/7869\/revisions"}],"predecessor-version":[{"id":7874,"href":"https:\/\/smartcover.hu\/en\/wp-json\/wp\/v2\/product\/7869\/revisions\/7874"}],"wp:featuredmedia":[{"embeddable":true,"href":"https:\/\/smartcover.hu\/en\/wp-json\/wp\/v2\/media\/7853"}],"wp:attachment":[{"href":"https:\/\/smartcover.hu\/en\/wp-json\/wp\/v2\/media?parent=7869"}],"wp:term":[{"taxonomy":"brand","embeddable":true,"href":"https:\/\/smartcover.hu\/en\/wp-json\/wp\/v2\/etheme_brands?post=7869"},{"taxonomy":"product_brand","embeddable":true,"href":"https:\/\/smartcover.hu\/en\/wp-json\/wp\/v2\/product_brand?post=7869"},{"taxonomy":"product_cat","embeddable":true,"href":"https:\/\/smartcover.hu\/en\/wp-json\/wp\/v2\/product_cat?post=7869"},{"taxonomy":"product_tag","embeddable":true,"href":"https:\/\/smartcover.hu\/en\/wp-json\/wp\/v2\/product_tag?post=7869"}],"curies":[{"name":"wp","href":"https:\/\/api.w.org\/{rel}","templated":true}]}}