{"id":7867,"date":"2025-06-17T08:37:39","date_gmt":"2025-06-17T07:37:39","guid":{"rendered":"https:\/\/smartcover.hu\/?post_type=product&#038;p=7867"},"modified":"2025-06-17T12:43:57","modified_gmt":"2025-06-17T11:43:57","slug":"smartcover-25w-usb-c-toltoadapter-gyorstolto-telefonhoz-es-tablethez","status":"publish","type":"product","link":"https:\/\/smartcover.hu\/en\/product\/smartcover-25w-usb-c-toltoadapter-gyorstolto-telefonhoz-es-tablethez\/","title":{"rendered":"SmartCover 25W USB-C T\u00f6lt\u0151adapter \u2013 Gyorst\u00f6lt\u0151 Telefonhoz \u00e9s Tablethez"},"content":{"rendered":"<h3 data-start=\"228\" data-end=\"312\"><strong data-start=\"235\" data-end=\"312\">SmartCover 25W USB-C T\u00f6lt\u0151adapter \u2013 Gyorst\u00f6lt\u0151 Telefonhoz \u00e9s Tablethez<\/strong><\/h3>\n<p data-start=\"314\" data-end=\"580\">A SmartCover 25W-os t\u00f6lt\u0151adapter ide\u00e1lis v\u00e1laszt\u00e1s, ha kompakt, megb\u00edzhat\u00f3 \u00e9s gyors t\u00f6lt\u00e9si megold\u00e1st keresel USB-C eszk\u00f6z\u00f6kh\u00f6z. T\u00e1mogatja a Power Delivery gyorst\u00f6lt\u00e9si szabv\u00e1nyt, \u00edgy gyorsan felt\u00f6lti a kompatibilis telefonokat, t\u00e1blag\u00e9peket \u00e9s m\u00e1s USB-C eszk\u00f6z\u00f6ket.<\/p>\n<hr data-start=\"582\" data-end=\"585\" \/>\n<h4 data-start=\"587\" data-end=\"611\"><strong data-start=\"592\" data-end=\"611\">F\u0151bb jellemz\u0151k:<\/strong><\/h4>\n<ul data-start=\"612\" data-end=\"941\">\n<li data-start=\"612\" data-end=\"670\">\n<p data-start=\"614\" data-end=\"670\">\u26a1 <strong data-start=\"616\" data-end=\"636\">25W teljes\u00edtm\u00e9ny<\/strong> \u2013 Power Delivery (PD) t\u00e1mogat\u00e1s<\/p>\n<\/li>\n<li data-start=\"671\" data-end=\"729\">\n<p data-start=\"673\" data-end=\"729\">\ud83d\udd0c <strong data-start=\"676\" data-end=\"693\">USB-C kimenet<\/strong> \u2013 modern, univerz\u00e1lis csatlakoz\u00e1s<\/p>\n<\/li>\n<li data-start=\"730\" data-end=\"821\">\n<p data-start=\"732\" data-end=\"821\">\ud83d\udcf1 <strong data-start=\"735\" data-end=\"778\">Kompatibilis a legt\u00f6bb mobilk\u00e9sz\u00fcl\u00e9kkel<\/strong> \u2013 Samsung, iPhone (USB-C), iPad, Android<\/p>\n<\/li>\n<li data-start=\"822\" data-end=\"890\">\n<p data-start=\"824\" data-end=\"890\">\ud83c\udf92 <strong data-start=\"827\" data-end=\"844\">Kompakt m\u00e9ret<\/strong> \u2013 ide\u00e1lis utaz\u00e1shoz, mindennapi haszn\u00e1latra<\/p>\n<\/li>\n<li data-start=\"891\" data-end=\"941\">\n<p data-start=\"893\" data-end=\"941\">\ud83d\udee1\ufe0f <strong data-start=\"897\" data-end=\"941\">T\u00falmeleged\u00e9s \u00e9s t\u00falt\u00f6lt\u00e9s elleni v\u00e9delem<\/strong><\/p>\n<\/li>\n<\/ul>","protected":false},"excerpt":{"rendered":"<p>SmartCover 25W USB-C T\u00f6lt\u0151adapter \u2013 Gyorst\u00f6lt\u0151 Telefonhoz \u00e9s Tablethez A SmartCover 25W-os t\u00f6lt\u0151adapter ide\u00e1lis v\u00e1laszt\u00e1s, ha kompakt, megb\u00edzhat\u00f3 \u00e9s gyors t\u00f6lt\u00e9si megold\u00e1st keresel USB-C eszk\u00f6z\u00f6kh\u00f6z&#8230;.<\/p>","protected":false},"featured_media":7852,"template":"","meta":[],"etheme_brands":[],"product_brand":[],"product_cat":[72,15,25,40],"product_tag":[],"class_list":{"0":"post-7867","1":"product","2":"type-product","3":"status-publish","4":"has-post-thumbnail","6":"product_cat-tartozekok-toltok-adapterek","7":"product_cat-egyeb","8":"product_cat-legujabb-termekek","9":"product_cat-smartcover","11":"first","12":"instock","13":"taxable","14":"shipping-taxable","15":"product-type-simple"},"_links":{"self":[{"href":"https:\/\/smartcover.hu\/en\/wp-json\/wp\/v2\/product\/7867","targetHints":{"allow":["GET"]}}],"collection":[{"href":"https:\/\/smartcover.hu\/en\/wp-json\/wp\/v2\/product"}],"about":[{"href":"https:\/\/smartcover.hu\/en\/wp-json\/wp\/v2\/types\/product"}],"version-history":[{"count":1,"href":"https:\/\/smartcover.hu\/en\/wp-json\/wp\/v2\/product\/7867\/revisions"}],"predecessor-version":[{"id":7868,"href":"https:\/\/smartcover.hu\/en\/wp-json\/wp\/v2\/product\/7867\/revisions\/7868"}],"wp:featuredmedia":[{"embeddable":true,"href":"https:\/\/smartcover.hu\/en\/wp-json\/wp\/v2\/media\/7852"}],"wp:attachment":[{"href":"https:\/\/smartcover.hu\/en\/wp-json\/wp\/v2\/media?parent=7867"}],"wp:term":[{"taxonomy":"brand","embeddable":true,"href":"https:\/\/smartcover.hu\/en\/wp-json\/wp\/v2\/etheme_brands?post=7867"},{"taxonomy":"product_brand","embeddable":true,"href":"https:\/\/smartcover.hu\/en\/wp-json\/wp\/v2\/product_brand?post=7867"},{"taxonomy":"product_cat","embeddable":true,"href":"https:\/\/smartcover.hu\/en\/wp-json\/wp\/v2\/product_cat?post=7867"},{"taxonomy":"product_tag","embeddable":true,"href":"https:\/\/smartcover.hu\/en\/wp-json\/wp\/v2\/product_tag?post=7867"}],"curies":[{"name":"wp","href":"https:\/\/api.w.org\/{rel}","templated":true}]}}