{"id":7865,"date":"2025-06-17T08:36:45","date_gmt":"2025-06-17T07:36:45","guid":{"rendered":"https:\/\/smartcover.hu\/?post_type=product&#038;p=7865"},"modified":"2025-06-17T12:42:12","modified_gmt":"2025-06-17T11:42:12","slug":"smartcover-30w-gan-toltoadapter-usb-c-usb-c-kabel-szett","status":"publish","type":"product","link":"https:\/\/smartcover.hu\/en\/product\/smartcover-30w-gan-toltoadapter-usb-c-usb-c-kabel-szett\/","title":{"rendered":"SmartCover 30W GaN T\u00f6lt\u0151adapter + USB-C \u2013 USB-C K\u00e1bel"},"content":{"rendered":"<h3 data-start=\"1113\" data-end=\"1186\"><strong data-start=\"1120\" data-end=\"1186\">SmartCover 30W GaN T\u00f6lt\u0151adapter + USB-C \u2013 USB-C K\u00e1bel<\/strong><\/h3>\n<p data-start=\"1188\" data-end=\"1396\">A SmartCover 30W-os GaN t\u00f6lt\u0151je most praktikus szettk\u00e9nt is el\u00e9rhet\u0151 \u2013 a csomag tartalmaz egy strapab\u00edr\u00f3 USB-C \u2013 USB-C k\u00e1belt, \u00edgy azonnal haszn\u00e1latra k\u00e9sz, ak\u00e1r utaz\u00e1shoz, ak\u00e1r otthoni vagy irodai t\u00f6lt\u00e9shez.<\/p>\n<hr data-start=\"1398\" data-end=\"1401\" \/>\n<h4 data-start=\"1403\" data-end=\"1429\"><strong data-start=\"1408\" data-end=\"1429\">A szett tartalma:<\/strong><\/h4>\n<ul data-start=\"1430\" data-end=\"1580\">\n<li data-start=\"1430\" data-end=\"1493\">\n<p data-start=\"1432\" data-end=\"1493\"><strong data-start=\"1432\" data-end=\"1461\">1 db 30W GaN t\u00f6lt\u0151adapter<\/strong> \u2013 Power Delivery t\u00e1mogat\u00e1ssal<\/p>\n<\/li>\n<li data-start=\"1494\" data-end=\"1580\">\n<p data-start=\"1496\" data-end=\"1580\"><strong data-start=\"1496\" data-end=\"1524\">1 db USB-C \u2013 USB-C k\u00e1bel<\/strong> \u2013 gyors adat\u00e1tvitel \u00e9s t\u00f6lt\u00e9s<\/p>\n<\/li>\n<\/ul>\n<hr data-start=\"1582\" data-end=\"1585\" \/>\n<h4 data-start=\"1587\" data-end=\"1611\"><strong data-start=\"1592\" data-end=\"1611\">F\u0151bb jellemz\u0151k:<\/strong><\/h4>\n<ul data-start=\"1612\" data-end=\"1946\">\n<li data-start=\"1612\" data-end=\"1683\">\n<p data-start=\"1614\" data-end=\"1683\">\u26a1 <strong data-start=\"1616\" data-end=\"1635\">30W gyorst\u00f6lt\u00e9s<\/strong> \u2013 PD t\u00e1mogat\u00e1s gyors \u00e9s biztons\u00e1gos t\u00f6lt\u00e9shez<\/p>\n<\/li>\n<li data-start=\"1684\" data-end=\"1767\">\n<p data-start=\"1686\" data-end=\"1767\">\ud83e\udde0 <strong data-start=\"1689\" data-end=\"1708\">GaN technol\u00f3gia<\/strong> \u2013 energiatakar\u00e9kos, h\u0171v\u00f6sebb m\u0171k\u00f6d\u00e9s, kompakt kialak\u00edt\u00e1s<\/p>\n<\/li>\n<li data-start=\"1768\" data-end=\"1881\">\n<p data-start=\"1770\" data-end=\"1881\">\ud83d\udd0c <strong data-start=\"1773\" data-end=\"1806\">Univerz\u00e1lis USB-C csatlakoz\u00e1s<\/strong> \u2013 kompatibilis Android, iPhone (USB-C), iPad, MacBook \u00e9s m\u00e1s eszk\u00f6z\u00f6kkel<\/p>\n<\/li>\n<\/ul>","protected":false},"excerpt":{"rendered":"<p>SmartCover 30W GaN T\u00f6lt\u0151adapter + USB-C \u2013 USB-C K\u00e1bel A SmartCover 30W-os GaN t\u00f6lt\u0151je most praktikus szettk\u00e9nt is el\u00e9rhet\u0151 \u2013 a csomag tartalmaz egy strapab\u00edr\u00f3&#8230;<\/p>","protected":false},"featured_media":7850,"template":"","meta":[],"etheme_brands":[],"product_brand":[],"product_cat":[72,25,40],"product_tag":[],"class_list":{"0":"post-7865","1":"product","2":"type-product","3":"status-publish","4":"has-post-thumbnail","6":"product_cat-tartozekok-toltok-adapterek","7":"product_cat-legujabb-termekek","8":"product_cat-smartcover","10":"first","11":"instock","12":"taxable","13":"shipping-taxable","14":"product-type-simple"},"_links":{"self":[{"href":"https:\/\/smartcover.hu\/en\/wp-json\/wp\/v2\/product\/7865","targetHints":{"allow":["GET"]}}],"collection":[{"href":"https:\/\/smartcover.hu\/en\/wp-json\/wp\/v2\/product"}],"about":[{"href":"https:\/\/smartcover.hu\/en\/wp-json\/wp\/v2\/types\/product"}],"version-history":[{"count":3,"href":"https:\/\/smartcover.hu\/en\/wp-json\/wp\/v2\/product\/7865\/revisions"}],"predecessor-version":[{"id":7880,"href":"https:\/\/smartcover.hu\/en\/wp-json\/wp\/v2\/product\/7865\/revisions\/7880"}],"wp:featuredmedia":[{"embeddable":true,"href":"https:\/\/smartcover.hu\/en\/wp-json\/wp\/v2\/media\/7850"}],"wp:attachment":[{"href":"https:\/\/smartcover.hu\/en\/wp-json\/wp\/v2\/media?parent=7865"}],"wp:term":[{"taxonomy":"brand","embeddable":true,"href":"https:\/\/smartcover.hu\/en\/wp-json\/wp\/v2\/etheme_brands?post=7865"},{"taxonomy":"product_brand","embeddable":true,"href":"https:\/\/smartcover.hu\/en\/wp-json\/wp\/v2\/product_brand?post=7865"},{"taxonomy":"product_cat","embeddable":true,"href":"https:\/\/smartcover.hu\/en\/wp-json\/wp\/v2\/product_cat?post=7865"},{"taxonomy":"product_tag","embeddable":true,"href":"https:\/\/smartcover.hu\/en\/wp-json\/wp\/v2\/product_tag?post=7865"}],"curies":[{"name":"wp","href":"https:\/\/api.w.org\/{rel}","templated":true}]}}