{"id":7863,"date":"2025-06-17T08:35:38","date_gmt":"2025-06-17T07:35:38","guid":{"rendered":"https:\/\/smartcover.hu\/?post_type=product&#038;p=7863"},"modified":"2025-06-17T12:42:46","modified_gmt":"2025-06-17T11:42:46","slug":"smartcover-30w-gan-toltoadapter","status":"publish","type":"product","link":"https:\/\/smartcover.hu\/en\/product\/smartcover-30w-gan-toltoadapter\/","title":{"rendered":"SmartCover 30W GaN T\u00f6lt\u0151adapter"},"content":{"rendered":"<p>A SmartCover 30W-os GaN t\u00f6lt\u0151adapter egy nagy teljes\u00edtm\u00e9ny\u0171, m\u00e9gis rendk\u00edv\u00fcl kompakt t\u00f6lt\u0151, amely ide\u00e1lis v\u00e1laszt\u00e1s okostelefonok, t\u00e1blag\u00e9pek vagy kisebb laptopok gyors \u00e9s biztons\u00e1gos t\u00f6lt\u00e9s\u00e9hez. A GaN (gallium-nitrid) technol\u00f3gi\u00e1nak k\u00f6sz\u00f6nhet\u0151en kisebb, hat\u00e9konyabb \u00e9s kevesebb h\u0151t termel, mint a hagyom\u00e1nyos t\u00f6lt\u0151k.<\/p>\n<h4 data-start=\"648\" data-end=\"672\"><strong data-start=\"653\" data-end=\"672\">F\u0151bb jellemz\u0151k:<\/strong><\/h4>\n<ul data-start=\"673\" data-end=\"1031\">\n<li data-start=\"673\" data-end=\"731\">\n<p data-start=\"675\" data-end=\"731\">\u26a1 <strong data-start=\"677\" data-end=\"697\">30W teljes\u00edtm\u00e9ny<\/strong> \u2013 Power Delivery (PD) t\u00e1mogat\u00e1s<\/p>\n<\/li>\n<li data-start=\"732\" data-end=\"823\">\n<p data-start=\"734\" data-end=\"823\">\ud83d\udd0b <strong data-start=\"737\" data-end=\"763\">Gyors \u00e9s stabil t\u00f6lt\u00e9s<\/strong> \u2013 ak\u00e1r iPhone, iPad, Android vagy MacBook Air k\u00e9sz\u00fcl\u00e9khez<\/p>\n<\/li>\n<li data-start=\"824\" data-end=\"901\">\n<p data-start=\"826\" data-end=\"901\">\ud83e\udde0 <strong data-start=\"829\" data-end=\"848\">GaN technol\u00f3gia<\/strong> \u2013 kisebb m\u00e9ret, kevesebb h\u0151termel\u00e9s, jobb hat\u00e1sfok<\/p>\n<\/li>\n<li data-start=\"902\" data-end=\"962\">\n<p data-start=\"904\" data-end=\"962\">\ud83d\udd0c <strong data-start=\"907\" data-end=\"924\">USB-C kimenet<\/strong> \u2013 univerz\u00e1lis \u00e9s modern csatlakoz\u00e1s<\/p>\n<\/li>\n<\/ul>","protected":false},"excerpt":{"rendered":"<p>A SmartCover 30W-os GaN t\u00f6lt\u0151adapter egy nagy teljes\u00edtm\u00e9ny\u0171, m\u00e9gis rendk\u00edv\u00fcl kompakt t\u00f6lt\u0151, amely ide\u00e1lis v\u00e1laszt\u00e1s okostelefonok, t\u00e1blag\u00e9pek vagy kisebb laptopok gyors \u00e9s biztons\u00e1gos t\u00f6lt\u00e9s\u00e9hez. A&#8230;<\/p>","protected":false},"featured_media":7851,"template":"","meta":[],"etheme_brands":[],"product_brand":[],"product_cat":[72,25,40],"product_tag":[],"class_list":{"0":"post-7863","1":"product","2":"type-product","3":"status-publish","4":"has-post-thumbnail","6":"product_cat-tartozekok-toltok-adapterek","7":"product_cat-legujabb-termekek","8":"product_cat-smartcover","10":"first","11":"instock","12":"taxable","13":"shipping-taxable","14":"product-type-simple"},"_links":{"self":[{"href":"https:\/\/smartcover.hu\/en\/wp-json\/wp\/v2\/product\/7863","targetHints":{"allow":["GET"]}}],"collection":[{"href":"https:\/\/smartcover.hu\/en\/wp-json\/wp\/v2\/product"}],"about":[{"href":"https:\/\/smartcover.hu\/en\/wp-json\/wp\/v2\/types\/product"}],"version-history":[{"count":1,"href":"https:\/\/smartcover.hu\/en\/wp-json\/wp\/v2\/product\/7863\/revisions"}],"predecessor-version":[{"id":7864,"href":"https:\/\/smartcover.hu\/en\/wp-json\/wp\/v2\/product\/7863\/revisions\/7864"}],"wp:featuredmedia":[{"embeddable":true,"href":"https:\/\/smartcover.hu\/en\/wp-json\/wp\/v2\/media\/7851"}],"wp:attachment":[{"href":"https:\/\/smartcover.hu\/en\/wp-json\/wp\/v2\/media?parent=7863"}],"wp:term":[{"taxonomy":"brand","embeddable":true,"href":"https:\/\/smartcover.hu\/en\/wp-json\/wp\/v2\/etheme_brands?post=7863"},{"taxonomy":"product_brand","embeddable":true,"href":"https:\/\/smartcover.hu\/en\/wp-json\/wp\/v2\/product_brand?post=7863"},{"taxonomy":"product_cat","embeddable":true,"href":"https:\/\/smartcover.hu\/en\/wp-json\/wp\/v2\/product_cat?post=7863"},{"taxonomy":"product_tag","embeddable":true,"href":"https:\/\/smartcover.hu\/en\/wp-json\/wp\/v2\/product_tag?post=7863"}],"curies":[{"name":"wp","href":"https:\/\/api.w.org\/{rel}","templated":true}]}}