{"id":7656,"date":"2025-05-15T08:57:46","date_gmt":"2025-05-15T07:57:46","guid":{"rendered":"https:\/\/smartcover.hu\/?post_type=product&#038;p=7656"},"modified":"2025-05-15T08:59:57","modified_gmt":"2025-05-15T07:59:57","slug":"vekoby-pdqc-30w-gan-gyorstolto-adapter","status":"publish","type":"product","link":"https:\/\/smartcover.hu\/en\/product\/vekoby-pdqc-30w-gan-gyorstolto-adapter\/","title":{"rendered":"Vekoby PD+QC 30W  GaN gyorst\u00f6lt\u0151 adapter"},"content":{"rendered":"<p><strong>Vekoby PD+QC 30W GaN gyorst\u00f6lt\u0151 adapter<\/strong><\/p>\n<p>A <strong>Vekoby 30W gyorst\u00f6lt\u0151 adapter<\/strong> ide\u00e1lis v\u00e1laszt\u00e1s gyors \u00e9s biztons\u00e1gos t\u00f6lt\u00e9shez. T\u00e1mogatja a Power Delivery (PD) \u00e9s Quick Charge (QC) technol\u00f3gi\u00e1t, kompakt m\u00e9rete miatt pedig k\u00f6nnyen hordozhat\u00f3.<\/p>\n<ul>\n<li><strong>30W teljes\u00edtm\u00e9ny<\/strong> a gyors t\u00f6lt\u00e9shez<\/li>\n<li><strong>Kompakt \u00e9s biztons\u00e1gos<\/strong> kialak\u00edt\u00e1s<\/li>\n<li>Kompatibilis okostelefonokkal \u00e9s tabletekkel<\/li>\n<\/ul>","protected":false},"excerpt":{"rendered":"<p>Vekoby PD+QC 30W GaN gyorst\u00f6lt\u0151 adapter A Vekoby 30W gyorst\u00f6lt\u0151 adapter ide\u00e1lis v\u00e1laszt\u00e1s gyors \u00e9s biztons\u00e1gos t\u00f6lt\u00e9shez. T\u00e1mogatja a Power Delivery (PD) \u00e9s Quick Charge&#8230;<\/p>","protected":false},"featured_media":7655,"template":"","meta":[],"etheme_brands":[],"product_brand":[],"product_cat":[72,25],"product_tag":[],"class_list":{"0":"post-7656","1":"product","2":"type-product","3":"status-publish","4":"has-post-thumbnail","6":"product_cat-tartozekok-toltok-adapterek","7":"product_cat-legujabb-termekek","9":"first","10":"instock","11":"taxable","12":"shipping-taxable","13":"product-type-simple"},"_links":{"self":[{"href":"https:\/\/smartcover.hu\/en\/wp-json\/wp\/v2\/product\/7656","targetHints":{"allow":["GET"]}}],"collection":[{"href":"https:\/\/smartcover.hu\/en\/wp-json\/wp\/v2\/product"}],"about":[{"href":"https:\/\/smartcover.hu\/en\/wp-json\/wp\/v2\/types\/product"}],"version-history":[{"count":1,"href":"https:\/\/smartcover.hu\/en\/wp-json\/wp\/v2\/product\/7656\/revisions"}],"predecessor-version":[{"id":7657,"href":"https:\/\/smartcover.hu\/en\/wp-json\/wp\/v2\/product\/7656\/revisions\/7657"}],"wp:featuredmedia":[{"embeddable":true,"href":"https:\/\/smartcover.hu\/en\/wp-json\/wp\/v2\/media\/7655"}],"wp:attachment":[{"href":"https:\/\/smartcover.hu\/en\/wp-json\/wp\/v2\/media?parent=7656"}],"wp:term":[{"taxonomy":"brand","embeddable":true,"href":"https:\/\/smartcover.hu\/en\/wp-json\/wp\/v2\/etheme_brands?post=7656"},{"taxonomy":"product_brand","embeddable":true,"href":"https:\/\/smartcover.hu\/en\/wp-json\/wp\/v2\/product_brand?post=7656"},{"taxonomy":"product_cat","embeddable":true,"href":"https:\/\/smartcover.hu\/en\/wp-json\/wp\/v2\/product_cat?post=7656"},{"taxonomy":"product_tag","embeddable":true,"href":"https:\/\/smartcover.hu\/en\/wp-json\/wp\/v2\/product_tag?post=7656"}],"curies":[{"name":"wp","href":"https:\/\/api.w.org\/{rel}","templated":true}]}}