{"id":7138,"date":"2025-02-14T12:58:11","date_gmt":"2025-02-14T11:58:11","guid":{"rendered":"https:\/\/smartcover.hu\/?post_type=product&#038;p=7138"},"modified":"2026-05-12T11:06:39","modified_gmt":"2026-05-12T10:06:39","slug":"devia-smart-series-pd-lightning-kabel-pd-20w-3a-gyors-toltes","status":"publish","type":"product","link":"https:\/\/smartcover.hu\/en\/product\/devia-smart-series-pd-lightning-kabel-pd-20w-3a-gyors-toltes\/","title":{"rendered":"Devia Smart Series PD Lightning K\u00e1bel (PD 20W, 3A, Gyors T\u00f6lt\u00e9s)"},"content":{"rendered":"<p data-start=\"157\" data-end=\"404\">T\u00f6ltsd Apple k\u00e9sz\u00fcl\u00e9keidet vill\u00e1mgyorsan \u00e9s biztons\u00e1gosan a <strong data-start=\"217\" data-end=\"261\">Devia Smart Series PD Lightning k\u00e1bellel<\/strong>! A <strong data-start=\"265\" data-end=\"292\">Power Delivery (PD) 20W<\/strong> t\u00e1mogat\u00e1snak \u00e9s a <strong data-start=\"311\" data-end=\"332\">3A \u00e1ramer\u0151ss\u00e9gnek<\/strong> k\u00f6sz\u00f6nhet\u0151en ak\u00e1r 50%-ra t\u00f6ltheted iPhone-od mind\u00f6ssze 30 perc alatt.<\/p>\n<p data-start=\"406\" data-end=\"686\">\ud83d\udd39 <strong data-start=\"409\" data-end=\"426\">Teljes\u00edtm\u00e9ny:<\/strong> PD 20W, 3A<br data-start=\"437\" data-end=\"440\" \/>\ud83d\udd39 <strong data-start=\"443\" data-end=\"459\">Csatlakoz\u00f3k:<\/strong> USB-C &#8211; Lightning<br data-start=\"477\" data-end=\"480\" \/>\ud83d\udd39 <strong data-start=\"483\" data-end=\"497\">T\u00e1mogat\u00e1s:<\/strong> Gyors t\u00f6lt\u00e9s Apple eszk\u00f6z\u00f6kh\u00f6z<br data-start=\"528\" data-end=\"531\" \/>\ud83d\udd39 <strong data-start=\"534\" data-end=\"544\">Anyag:<\/strong> Tart\u00f3s, fonott kialak\u00edt\u00e1s a hosszabb \u00e9lettartam \u00e9rdek\u00e9ben<br data-start=\"602\" data-end=\"605\" \/>\ud83d\udd39 <strong data-start=\"608\" data-end=\"627\">Kompatibilit\u00e1s:<\/strong> iPhone, iPad \u00e9s m\u00e1s Lightning csatlakoz\u00f3s Apple eszk\u00f6z\u00f6k<\/p>\n<p data-start=\"688\" data-end=\"806\">Ha megb\u00edzhat\u00f3, gyors \u00e9s er\u0151s k\u00e1belt keresel Apple k\u00e9sz\u00fcl\u00e9keidhez, a <strong data-start=\"756\" data-end=\"781\">Devia Smart Series PD<\/strong> a t\u00f6k\u00e9letes v\u00e1laszt\u00e1s!<\/p>","protected":false},"excerpt":{"rendered":"<p>T\u00f6ltsd Apple k\u00e9sz\u00fcl\u00e9keidet vill\u00e1mgyorsan \u00e9s biztons\u00e1gosan a Devia Smart Series PD Lightning k\u00e1bellel! A Power Delivery (PD) 20W t\u00e1mogat\u00e1snak \u00e9s a 3A \u00e1ramer\u0151ss\u00e9gnek k\u00f6sz\u00f6nhet\u0151en ak\u00e1r&#8230;<\/p>","protected":false},"featured_media":6656,"template":"","meta":[],"etheme_brands":[],"product_brand":[],"product_cat":[72,25],"product_tag":[],"class_list":{"0":"post-7138","1":"product","2":"type-product","3":"status-publish","4":"has-post-thumbnail","6":"product_cat-tartozekok-toltok-adapterek","7":"product_cat-legujabb-termekek","9":"first","10":"instock","11":"taxable","12":"shipping-taxable","13":"product-type-simple"},"_links":{"self":[{"href":"https:\/\/smartcover.hu\/en\/wp-json\/wp\/v2\/product\/7138","targetHints":{"allow":["GET"]}}],"collection":[{"href":"https:\/\/smartcover.hu\/en\/wp-json\/wp\/v2\/product"}],"about":[{"href":"https:\/\/smartcover.hu\/en\/wp-json\/wp\/v2\/types\/product"}],"version-history":[{"count":1,"href":"https:\/\/smartcover.hu\/en\/wp-json\/wp\/v2\/product\/7138\/revisions"}],"predecessor-version":[{"id":7141,"href":"https:\/\/smartcover.hu\/en\/wp-json\/wp\/v2\/product\/7138\/revisions\/7141"}],"wp:featuredmedia":[{"embeddable":true,"href":"https:\/\/smartcover.hu\/en\/wp-json\/wp\/v2\/media\/6656"}],"wp:attachment":[{"href":"https:\/\/smartcover.hu\/en\/wp-json\/wp\/v2\/media?parent=7138"}],"wp:term":[{"taxonomy":"brand","embeddable":true,"href":"https:\/\/smartcover.hu\/en\/wp-json\/wp\/v2\/etheme_brands?post=7138"},{"taxonomy":"product_brand","embeddable":true,"href":"https:\/\/smartcover.hu\/en\/wp-json\/wp\/v2\/product_brand?post=7138"},{"taxonomy":"product_cat","embeddable":true,"href":"https:\/\/smartcover.hu\/en\/wp-json\/wp\/v2\/product_cat?post=7138"},{"taxonomy":"product_tag","embeddable":true,"href":"https:\/\/smartcover.hu\/en\/wp-json\/wp\/v2\/product_tag?post=7138"}],"curies":[{"name":"wp","href":"https:\/\/api.w.org\/{rel}","templated":true}]}}