{"id":7135,"date":"2025-02-14T12:43:56","date_gmt":"2025-02-14T11:43:56","guid":{"rendered":"https:\/\/smartcover.hu\/?post_type=product&#038;p=7135"},"modified":"2026-03-11T13:13:39","modified_gmt":"2026-03-11T12:13:39","slug":"usb-lightning-kabel-2m-nylon-fonott-2-1a-fekete","status":"publish","type":"product","link":"https:\/\/smartcover.hu\/en\/product\/usb-lightning-kabel-2m-nylon-fonott-2-1a-fekete\/","title":{"rendered":"USB &#8211; Lightning K\u00e1bel (1M, Nylon Fonott, 2.4A, Fekete)"},"content":{"rendered":"<p data-start=\"1185\" data-end=\"1277\">Gyors \u00e9s biztons\u00e1gos t\u00f6lt\u00e9s Apple k\u00e9sz\u00fcl\u00e9keidhez ezzel az er\u0151s, fonott Lightning k\u00e1bellel!<\/p>\n<p data-start=\"1279\" data-end=\"1501\">\ud83d\udd39 <strong data-start=\"1282\" data-end=\"1300\">Tan\u00fas\u00edtv\u00e1nyok:<\/strong> CE\/ROHS<br data-start=\"1308\" data-end=\"1311\" \/>\ud83d\udd39 <strong data-start=\"1314\" data-end=\"1328\">Hossz\u00fas\u00e1g:<\/strong> 1 m\u00e9ter<br data-start=\"1336\" data-end=\"1339\" \/>\ud83d\udd39 <strong data-start=\"1342\" data-end=\"1358\">Csatlakoz\u00f3k:<\/strong> USB &#8211; Lightning<br data-start=\"1374\" data-end=\"1377\" \/>\ud83d\udd39 <strong data-start=\"1380\" data-end=\"1406\">Kimeneti teljes\u00edtm\u00e9ny:<\/strong> 5V &#8211; 2.4A<br data-start=\"1416\" data-end=\"1419\" \/>\ud83d\udd39 <strong data-start=\"1422\" data-end=\"1432\">Anyag:<\/strong> Fonott nylon a maxim\u00e1lis tart\u00f3ss\u00e1g \u00e9rdek\u00e9ben<br data-start=\"1477\" data-end=\"1480\" \/>\ud83d\udd39 <strong data-start=\"1483\" data-end=\"1492\">Sz\u00edn:<\/strong> Fekete<\/p>\n<p data-start=\"1503\" data-end=\"1580\">Kompatibilis iPhone, iPad \u00e9s egy\u00e9b Lightning csatlakoz\u00f3s Apple eszk\u00f6z\u00f6kkel!<\/p>","protected":false},"excerpt":{"rendered":"<p>Gyors \u00e9s biztons\u00e1gos t\u00f6lt\u00e9s Apple k\u00e9sz\u00fcl\u00e9keidhez ezzel az er\u0151s, fonott Lightning k\u00e1bellel! \ud83d\udd39 Tan\u00fas\u00edtv\u00e1nyok: CE\/ROHS\ud83d\udd39 Hossz\u00fas\u00e1g: 1 m\u00e9ter\ud83d\udd39 Csatlakoz\u00f3k: USB &#8211; Lightning\ud83d\udd39 Kimeneti teljes\u00edtm\u00e9ny: 5V&#8230;<\/p>","protected":false},"featured_media":7131,"template":"","meta":[],"etheme_brands":[],"product_brand":[],"product_cat":[72,25],"product_tag":[],"class_list":{"0":"post-7135","1":"product","2":"type-product","3":"status-publish","4":"has-post-thumbnail","6":"product_cat-tartozekok-toltok-adapterek","7":"product_cat-legujabb-termekek","9":"first","10":"outofstock","11":"taxable","12":"shipping-taxable","13":"product-type-simple"},"_links":{"self":[{"href":"https:\/\/smartcover.hu\/en\/wp-json\/wp\/v2\/product\/7135","targetHints":{"allow":["GET"]}}],"collection":[{"href":"https:\/\/smartcover.hu\/en\/wp-json\/wp\/v2\/product"}],"about":[{"href":"https:\/\/smartcover.hu\/en\/wp-json\/wp\/v2\/types\/product"}],"version-history":[{"count":4,"href":"https:\/\/smartcover.hu\/en\/wp-json\/wp\/v2\/product\/7135\/revisions"}],"predecessor-version":[{"id":7161,"href":"https:\/\/smartcover.hu\/en\/wp-json\/wp\/v2\/product\/7135\/revisions\/7161"}],"wp:featuredmedia":[{"embeddable":true,"href":"https:\/\/smartcover.hu\/en\/wp-json\/wp\/v2\/media\/7131"}],"wp:attachment":[{"href":"https:\/\/smartcover.hu\/en\/wp-json\/wp\/v2\/media?parent=7135"}],"wp:term":[{"taxonomy":"brand","embeddable":true,"href":"https:\/\/smartcover.hu\/en\/wp-json\/wp\/v2\/etheme_brands?post=7135"},{"taxonomy":"product_brand","embeddable":true,"href":"https:\/\/smartcover.hu\/en\/wp-json\/wp\/v2\/product_brand?post=7135"},{"taxonomy":"product_cat","embeddable":true,"href":"https:\/\/smartcover.hu\/en\/wp-json\/wp\/v2\/product_cat?post=7135"},{"taxonomy":"product_tag","embeddable":true,"href":"https:\/\/smartcover.hu\/en\/wp-json\/wp\/v2\/product_tag?post=7135"}],"curies":[{"name":"wp","href":"https:\/\/api.w.org\/{rel}","templated":true}]}}