{"id":7060,"date":"2025-02-06T13:21:07","date_gmt":"2025-02-06T12:21:07","guid":{"rendered":"https:\/\/smartcover.hu\/?post_type=product&#038;p=7060"},"modified":"2026-03-27T09:37:28","modified_gmt":"2026-03-27T08:37:28","slug":"type-c-to-type-c-kabel-60w-pd-gyorstoltessel","status":"publish","type":"product","link":"https:\/\/smartcover.hu\/en\/product\/type-c-to-type-c-kabel-60w-pd-gyorstoltessel\/","title":{"rendered":"Type-C to Type-C K\u00e1bel 60W PD Gyorst\u00f6lt\u00e9ssel"},"content":{"rendered":"<p>Ez a <strong>Type-C to Type-C k\u00e1bel<\/strong> t\u00f6k\u00e9letes v\u00e1laszt\u00e1s, ha <strong>gyors \u00e9s biztons\u00e1gos t\u00f6lt\u00e9sre<\/strong> van sz\u00fcks\u00e9ged. <strong>Ak\u00e1r 60W teljes\u00edtm\u00e9nnyel<\/strong> t\u00e1mogatja a Power Delivery (PD) gyorst\u00f6lt\u00e9st, \u00edgy alkalmas <strong>tabletek \u00e9s okostelefonok<\/strong> t\u00f6lt\u00e9s\u00e9re, bele\u00e9rtve az <strong>iPhone 15 sz\u00e9ri\u00e1t,\u00a0 \u00e9s Android eszk\u00f6z\u00f6ket<\/strong>.<\/p>\n<p>\ud83d\udd39 <strong>F\u0151bb jellemz\u0151k:<\/strong><br \/>\n\u2714 <strong>60W PD gyorst\u00f6lt\u00e9s<\/strong> \u2013 T\u00f6ltsd eszk\u00f6zeidet vill\u00e1mgyorsan<br \/>\n\u2714 <strong>Sz\u00e9les kompatibilit\u00e1s<\/strong> \u2013 iPhone 15,\u00a0 iPad Pro, Samsung, Xiaomi \u00e9s m\u00e1s Type-C eszk\u00f6z\u00f6k<br \/>\n\u2714 <strong>Adat\u00e1tvitel<\/strong> \u2013 Gyors \u00e9s stabil f\u00e1jl\u00e1tvitel<br \/>\n\u2714 <strong>Strapab\u00edr\u00f3 kialak\u00edt\u00e1s<\/strong> \u2013 TPE+ m\u0171anyag bor\u00edt\u00e1s a hosszabb \u00e9lettartam\u00e9rt<br \/>\n\u2714 <strong>Biztons\u00e1gos haszn\u00e1lat<\/strong> \u2013 CE, FCC, ROHS tan\u00fas\u00edtv\u00e1nyokkal<br \/>\n\u2714 <strong>1M hossz\u00fas\u00e1g<\/strong> \u2013 K\u00e9nyelmes otthoni, irodai \u00e9s utaz\u00e1si haszn\u00e1latra<\/p>\n<p><strong>Megb\u00edzhat\u00f3, gyors \u00e9s tart\u00f3s \u2013 rendeld meg most!<\/strong><\/p>","protected":false},"excerpt":{"rendered":"<p>Ez a Type-C to Type-C k\u00e1bel t\u00f6k\u00e9letes v\u00e1laszt\u00e1s, ha gyors \u00e9s biztons\u00e1gos t\u00f6lt\u00e9sre van sz\u00fcks\u00e9ged. Ak\u00e1r 60W teljes\u00edtm\u00e9nnyel t\u00e1mogatja a Power Delivery (PD) gyorst\u00f6lt\u00e9st, \u00edgy&#8230;<\/p>","protected":false},"featured_media":6653,"template":"","meta":[],"etheme_brands":[],"product_brand":[],"product_cat":[72,25],"product_tag":[],"class_list":{"0":"post-7060","1":"product","2":"type-product","3":"status-publish","4":"has-post-thumbnail","6":"product_cat-tartozekok-toltok-adapterek","7":"product_cat-legujabb-termekek","9":"first","10":"outofstock","11":"taxable","12":"shipping-taxable","13":"product-type-simple"},"_links":{"self":[{"href":"https:\/\/smartcover.hu\/en\/wp-json\/wp\/v2\/product\/7060","targetHints":{"allow":["GET"]}}],"collection":[{"href":"https:\/\/smartcover.hu\/en\/wp-json\/wp\/v2\/product"}],"about":[{"href":"https:\/\/smartcover.hu\/en\/wp-json\/wp\/v2\/types\/product"}],"version-history":[{"count":2,"href":"https:\/\/smartcover.hu\/en\/wp-json\/wp\/v2\/product\/7060\/revisions"}],"predecessor-version":[{"id":7063,"href":"https:\/\/smartcover.hu\/en\/wp-json\/wp\/v2\/product\/7060\/revisions\/7063"}],"wp:featuredmedia":[{"embeddable":true,"href":"https:\/\/smartcover.hu\/en\/wp-json\/wp\/v2\/media\/6653"}],"wp:attachment":[{"href":"https:\/\/smartcover.hu\/en\/wp-json\/wp\/v2\/media?parent=7060"}],"wp:term":[{"taxonomy":"brand","embeddable":true,"href":"https:\/\/smartcover.hu\/en\/wp-json\/wp\/v2\/etheme_brands?post=7060"},{"taxonomy":"product_brand","embeddable":true,"href":"https:\/\/smartcover.hu\/en\/wp-json\/wp\/v2\/product_brand?post=7060"},{"taxonomy":"product_cat","embeddable":true,"href":"https:\/\/smartcover.hu\/en\/wp-json\/wp\/v2\/product_cat?post=7060"},{"taxonomy":"product_tag","embeddable":true,"href":"https:\/\/smartcover.hu\/en\/wp-json\/wp\/v2\/product_tag?post=7060"}],"curies":[{"name":"wp","href":"https:\/\/api.w.org\/{rel}","templated":true}]}}