{"id":6978,"date":"2025-01-23T12:39:06","date_gmt":"2025-01-23T11:39:06","guid":{"rendered":"https:\/\/smartcover.hu\/?post_type=product&#038;p=6978"},"modified":"2026-01-20T12:38:36","modified_gmt":"2026-01-20T11:38:36","slug":"devia-kintone-series-type-c-kabel-v2-1m-5v-2-1a","status":"publish","type":"product","link":"https:\/\/smartcover.hu\/en\/product\/devia-kintone-series-type-c-kabel-v2-1m-5v-2-1a\/","title":{"rendered":"Devia Kintone Series Type-C K\u00e1bel V2 \u2013 1M (5V\/2.1A)"},"content":{"rendered":"<p><strong>Devia Kintone Series Type-C K\u00e1bel V2 \u2013 1M (5V\/2.1A)<\/strong><\/p>\n<p>A <strong>Devia Kintone Series Type-C K\u00e1bel V2<\/strong> t\u00f6k\u00e9letes v\u00e1laszt\u00e1s modern eszk\u00f6zeid t\u00f6lt\u00e9s\u00e9hez \u00e9s adat\u00e1tvitel\u00e9hez. Ez a kiv\u00e1l\u00f3 min\u0151s\u00e9g\u0171 k\u00e1bel gyors \u00e9s megb\u00edzhat\u00f3 teljes\u00edtm\u00e9nyt ny\u00fajt, mik\u00f6zben strapab\u00edr\u00f3 kialak\u00edt\u00e1s\u00e1nak k\u00f6sz\u00f6nhet\u0151en hossz\u00fa t\u00e1von is b\u00edrja a mindennapi haszn\u00e1latot.<\/p>\n<p><strong>F\u0151bb jellemz\u0151k:<\/strong><\/p>\n<ul>\n<li><strong>Tart\u00f3s kialak\u00edt\u00e1s:<\/strong> Er\u0151s\u00edtett anyagokb\u00f3l k\u00e9sz\u00fclt, ellen\u00e1ll a s\u00e9r\u00fcl\u00e9seknek \u00e9s a kop\u00e1snak.<\/li>\n<li><strong>Gyors t\u00f6lt\u00e9s:<\/strong> 5V\/2.1A teljes\u00edtm\u00e9ny a hat\u00e9kony \u00e9s gyors t\u00f6lt\u00e9shez.<\/li>\n<li><strong>1 m\u00e9teres hossz:<\/strong> Ide\u00e1lis hossz\u00fas\u00e1g otthoni, munkahelyi vagy \u00fati haszn\u00e1latra.<\/li>\n<li><strong>USB Type-C csatlakoz\u00f3:<\/strong> Sz\u00e9les k\u00f6r\u0171 kompatibilit\u00e1s Android okostelefonokkal, tabletekkel, laptopokkal \u00e9s m\u00e1s Type-C porttal rendelkez\u0151 eszk\u00f6z\u00f6kkel.<\/li>\n<\/ul>\n<p>A <strong>Devia Kintone Series Type-C K\u00e1bel<\/strong> a modern eszk\u00f6z\u00f6k ig\u00e9nyeire szabva biztos\u00edtja a k\u00e9nyelmes haszn\u00e1latot \u00e9s a megb\u00edzhat\u00f3 teljes\u00edtm\u00e9nyt.<\/p>","protected":false},"excerpt":{"rendered":"<p>Devia Kintone Series Type-C K\u00e1bel V2 \u2013 1M (5V\/2.1A) A Devia Kintone Series Type-C K\u00e1bel V2 t\u00f6k\u00e9letes v\u00e1laszt\u00e1s modern eszk\u00f6zeid t\u00f6lt\u00e9s\u00e9hez \u00e9s adat\u00e1tvitel\u00e9hez. Ez a&#8230;<\/p>","protected":false},"featured_media":7039,"template":"","meta":[],"etheme_brands":[],"product_brand":[],"product_cat":[72,25],"product_tag":[],"class_list":{"0":"post-6978","1":"product","2":"type-product","3":"status-publish","4":"has-post-thumbnail","6":"product_cat-tartozekok-toltok-adapterek","7":"product_cat-legujabb-termekek","9":"first","10":"outofstock","11":"taxable","12":"shipping-taxable","13":"product-type-simple"},"_links":{"self":[{"href":"https:\/\/smartcover.hu\/en\/wp-json\/wp\/v2\/product\/6978","targetHints":{"allow":["GET"]}}],"collection":[{"href":"https:\/\/smartcover.hu\/en\/wp-json\/wp\/v2\/product"}],"about":[{"href":"https:\/\/smartcover.hu\/en\/wp-json\/wp\/v2\/types\/product"}],"version-history":[{"count":1,"href":"https:\/\/smartcover.hu\/en\/wp-json\/wp\/v2\/product\/6978\/revisions"}],"predecessor-version":[{"id":6979,"href":"https:\/\/smartcover.hu\/en\/wp-json\/wp\/v2\/product\/6978\/revisions\/6979"}],"wp:featuredmedia":[{"embeddable":true,"href":"https:\/\/smartcover.hu\/en\/wp-json\/wp\/v2\/media\/7039"}],"wp:attachment":[{"href":"https:\/\/smartcover.hu\/en\/wp-json\/wp\/v2\/media?parent=6978"}],"wp:term":[{"taxonomy":"brand","embeddable":true,"href":"https:\/\/smartcover.hu\/en\/wp-json\/wp\/v2\/etheme_brands?post=6978"},{"taxonomy":"product_brand","embeddable":true,"href":"https:\/\/smartcover.hu\/en\/wp-json\/wp\/v2\/product_brand?post=6978"},{"taxonomy":"product_cat","embeddable":true,"href":"https:\/\/smartcover.hu\/en\/wp-json\/wp\/v2\/product_cat?post=6978"},{"taxonomy":"product_tag","embeddable":true,"href":"https:\/\/smartcover.hu\/en\/wp-json\/wp\/v2\/product_tag?post=6978"}],"curies":[{"name":"wp","href":"https:\/\/api.w.org\/{rel}","templated":true}]}}