{"id":6976,"date":"2025-01-23T12:35:27","date_gmt":"2025-01-23T11:35:27","guid":{"rendered":"https:\/\/smartcover.hu\/?post_type=product&#038;p=6976"},"modified":"2026-05-05T12:46:08","modified_gmt":"2026-05-05T11:46:08","slug":"devia-kintone-series-lightning-kabel-v2-1m-5v-2-1a","status":"publish","type":"product","link":"https:\/\/smartcover.hu\/en\/product\/devia-kintone-series-lightning-kabel-v2-1m-5v-2-1a\/","title":{"rendered":"Devia Kintone Series Lightning K\u00e1bel V2 \u2013 1M (5V\/2.1A)"},"content":{"rendered":"<p><strong>Devia Kintone Series Lightning K\u00e1bel V2 \u2013 1M (5V\/2.1A)<\/strong><\/p>\n<p>A <strong>Devia Kintone Series Lightning K\u00e1bel V2<\/strong> egy megb\u00edzhat\u00f3 \u00e9s st\u00edlusos megold\u00e1s Apple k\u00e9sz\u00fcl\u00e9keid t\u00f6lt\u00e9s\u00e9hez \u00e9s adat\u00e1tvitel\u00e9hez. Ez a pr\u00e9mium min\u0151s\u00e9g\u0171 k\u00e1bel garant\u00e1lja a gyors \u00e9s stabil t\u00f6lt\u00e9st, valamint a biztons\u00e1gos adat\u00e1tvitelt.<\/p>\n<p><strong>F\u0151bb jellemz\u0151k:<\/strong><\/p>\n<ul>\n<li><strong>Tart\u00f3s kialak\u00edt\u00e1s:<\/strong> Er\u0151s\u00edtett anyagokb\u00f3l k\u00e9sz\u00fclt, amely ellen\u00e1ll a mindennapi haszn\u00e1latb\u00f3l ered\u0151 kop\u00e1snak.<\/li>\n<li><strong>Gyors t\u00f6lt\u00e9s:<\/strong> 5V\/2.1A teljes\u00edtm\u00e9ny a hat\u00e9kony \u00e9s gyors t\u00f6lt\u00e9s \u00e9rdek\u00e9ben.<\/li>\n<li><strong>1 m\u00e9teres hossz:<\/strong> K\u00e9nyelmes haszn\u00e1lat ak\u00e1r otthon, irod\u00e1ban vagy \u00fatk\u00f6zben.<\/li>\n<li><strong>Apple Lightning csatlakoz\u00f3:<\/strong> Kompatibilis az \u00f6sszes Lightning csatlakoz\u00f3val ell\u00e1tott Apple eszk\u00f6zzel (iPhone, iPad, iPod).<\/li>\n<\/ul>\n<p>Legyen sz\u00f3 t\u00f6lt\u00e9sr\u0151l vagy adat\u00e1tvitelr\u0151l, a Devia Kintone Series k\u00e1bel megb\u00edzhat\u00f3 t\u00e1rsad lesz a mindennapokban!<\/p>","protected":false},"excerpt":{"rendered":"<p>Devia Kintone Series Lightning K\u00e1bel V2 \u2013 1M (5V\/2.1A) A Devia Kintone Series Lightning K\u00e1bel V2 egy megb\u00edzhat\u00f3 \u00e9s st\u00edlusos megold\u00e1s Apple k\u00e9sz\u00fcl\u00e9keid t\u00f6lt\u00e9s\u00e9hez \u00e9s&#8230;<\/p>","protected":false},"featured_media":7040,"template":"","meta":[],"etheme_brands":[],"product_brand":[],"product_cat":[72,25],"product_tag":[],"class_list":{"0":"post-6976","1":"product","2":"type-product","3":"status-publish","4":"has-post-thumbnail","6":"product_cat-tartozekok-toltok-adapterek","7":"product_cat-legujabb-termekek","9":"first","10":"outofstock","11":"taxable","12":"shipping-taxable","13":"product-type-simple"},"_links":{"self":[{"href":"https:\/\/smartcover.hu\/en\/wp-json\/wp\/v2\/product\/6976","targetHints":{"allow":["GET"]}}],"collection":[{"href":"https:\/\/smartcover.hu\/en\/wp-json\/wp\/v2\/product"}],"about":[{"href":"https:\/\/smartcover.hu\/en\/wp-json\/wp\/v2\/types\/product"}],"version-history":[{"count":1,"href":"https:\/\/smartcover.hu\/en\/wp-json\/wp\/v2\/product\/6976\/revisions"}],"predecessor-version":[{"id":6977,"href":"https:\/\/smartcover.hu\/en\/wp-json\/wp\/v2\/product\/6976\/revisions\/6977"}],"wp:featuredmedia":[{"embeddable":true,"href":"https:\/\/smartcover.hu\/en\/wp-json\/wp\/v2\/media\/7040"}],"wp:attachment":[{"href":"https:\/\/smartcover.hu\/en\/wp-json\/wp\/v2\/media?parent=6976"}],"wp:term":[{"taxonomy":"brand","embeddable":true,"href":"https:\/\/smartcover.hu\/en\/wp-json\/wp\/v2\/etheme_brands?post=6976"},{"taxonomy":"product_brand","embeddable":true,"href":"https:\/\/smartcover.hu\/en\/wp-json\/wp\/v2\/product_brand?post=6976"},{"taxonomy":"product_cat","embeddable":true,"href":"https:\/\/smartcover.hu\/en\/wp-json\/wp\/v2\/product_cat?post=6976"},{"taxonomy":"product_tag","embeddable":true,"href":"https:\/\/smartcover.hu\/en\/wp-json\/wp\/v2\/product_tag?post=6976"}],"curies":[{"name":"wp","href":"https:\/\/api.w.org\/{rel}","templated":true}]}}