{"id":6910,"date":"2025-01-13T13:59:06","date_gmt":"2025-01-13T12:59:06","guid":{"rendered":"https:\/\/smartcover.hu\/?post_type=product&#038;p=6910"},"modified":"2025-01-13T14:07:30","modified_gmt":"2025-01-13T13:07:30","slug":"smartcover-300-mikronos-flexi-glass-tpu-folia","status":"publish","type":"product","link":"https:\/\/smartcover.hu\/en\/product\/smartcover-300-mikronos-flexi-glass-tpu-folia\/","title":{"rendered":"SmartCover 300 mikronos Flexi Glass TPU F\u00f3lia"},"content":{"rendered":"<h2><span style=\"color: #ff0000;\"><strong>KIZ\u00c1R\u00d3LAG S\u00cdK K\u00c9PERNY\u0150S TELEFONOKHOZ<\/strong><\/span><\/h2>\n<h2><span style=\"color: #ff0000;\"><strong>FONTOS: A V\u00c1G\u00d3FEJET 2-3 EGYS\u00c9GGEL FELJEBB KELL TEKERNI<\/strong><\/span><\/h2>\n<h4><span style=\"color: #ff0000;\">FELHELYEZ\u00c9SI \u00daTMUTAT\u00d3:<\/span><\/h4>\n<p><iframe title=\"Explosion-proof Flexible Glass Cut By Plotter installation\" width=\"1170\" height=\"658\" src=\"https:\/\/www.youtube.com\/embed\/COYc6m2EOP4?feature=oembed\" frameborder=\"0\" allow=\"accelerometer; autoplay; clipboard-write; encrypted-media; gyroscope; picture-in-picture; web-share\" referrerpolicy=\"strict-origin-when-cross-origin\" allowfullscreen><\/iframe><\/p>\n<p><strong>SmartCover 300 mikronos Flexi Glass TPU F\u00f3lia<\/strong><\/p>\n<p>A SmartCover 300 mikronos Flexi Glass TPU F\u00f3lia\u00a0egy pr\u00e9mium min\u0151s\u00e9g\u0171, rugalmas \u00e9s tart\u00f3s v\u00e9d\u0151f\u00f3lia, amely a leg\u00fajabb technol\u00f3giai fejleszt\u00e9sekkel biztos\u00edt maxim\u00e1lis v\u00e9delmet telefonja kijelz\u0151je sz\u00e1m\u00e1ra. A f\u00f3lia kombin\u00e1lja a TPU (Thermoplastic Polyurethane) anyag el\u0151nyeit a flexibilis \u00fcvegszer\u0171 tulajdons\u00e1gokkal, \u00edgy kiv\u00e1l\u00f3 v\u00e9delmet ny\u00fajt a mindennapi haszn\u00e1lat sor\u00e1n keletkez\u0151 karcol\u00e1sokkal, \u00fct\u0151d\u00e9sekkel \u00e9s egy\u00e9b fizikai hat\u00e1sokkal szemben.<\/p>\n<p><strong>F\u0151bb jellemz\u0151k:<\/strong><\/p>\n<ul>\n<li><strong>300 mikronos vastags\u00e1g:<\/strong> A f\u00f3lia 300 mikronos vastags\u00e1ga garant\u00e1lja a kiemelked\u0151 v\u00e9delmet. T\u00f6k\u00e9letes egyens\u00falyt biztos\u00edt a v\u00e9delem \u00e9s a telefon eszt\u00e9tikai megjelen\u00e9se k\u00f6z\u00f6tt.<\/li>\n<li><strong>Rugalmas TPU anyag:<\/strong> A Flexi Glass f\u00f3lia a rugalmas TPU technol\u00f3gi\u00e1t alkalmazza, amely jobban alkalmazkodik a telefon kijelz\u0151j\u00e9hez, \u00edgy nem csak tart\u00f3s, hanem k\u00f6nnyen felhelyezhet\u0151 is, an\u00e9lk\u00fcl, hogy bubor\u00e9kok k\u00e9pz\u0151dn\u00e9nek.<\/li>\n<li><strong>T\u00f6k\u00e9letes \u00fct\u00e9s\u00e1ll\u00f3s\u00e1g:<\/strong> A f\u00f3lia kiemelked\u0151 \u00fct\u00e9s\u00e1ll\u00f3s\u00e1ga r\u00e9v\u00e9n k\u00e9pes hat\u00e9konyan elnyelni az \u00fct\u00e9seket \u00e9s kisebb es\u00e9seket, cs\u00f6kkentve a kijelz\u0151 s\u00e9r\u00fcl\u00e9s\u00e9nek kock\u00e1zat\u00e1t.<\/li>\n<li><strong>Karcol\u00e1s\u00e1ll\u00f3:<\/strong> A <em>Flexi Glass TPU<\/em> f\u00f3lia kiv\u00e1l\u00f3an ellen\u00e1ll a mindennapi haszn\u00e1lat sor\u00e1n el\u0151fordul\u00f3 karcol\u00e1soknak, \u00edgy hossz\u00fa t\u00e1v\u00fa v\u00e9delmet biztos\u00edt telefonja kijelz\u0151j\u00e9nek.<\/li>\n<li><strong>Pr\u00e9mium tapad\u00e1s:<\/strong> Az er\u0151sebb tapad\u00e1snak k\u00f6sz\u00f6nhet\u0151en a f\u00f3lia szoros kapcsolatban marad a kijelz\u0151 fel\u00fclet\u00e9vel, ez\u00e1ltal nem cs\u00faszk\u00e1l el, \u00e9s nem hagy leveg\u0151bubor\u00e9kokat.<\/li>\n<li><strong>Zavartalan \u00e9rint\u0151k\u00e9perny\u0151 \u00e9rz\u00e9kel\u00e9s:<\/strong> A f\u00f3lia biztos\u00edtja, hogy a telefon kijelz\u0151je teljes m\u00e9rt\u00e9kben reag\u00e1ljon az \u00e9rint\u00e9sre, meg\u0151rzi az \u00e9rz\u00e9kenys\u00e9get \u00e9s a v\u00e1laszid\u0151t, \u00edgy nem befoly\u00e1solja a telefon haszn\u00e1lhat\u00f3s\u00e1g\u00e1t.<\/li>\n<li><strong>K\u00f6nny\u0171 telep\u00edt\u00e9s:<\/strong> A f\u00f3lia bubor\u00e9kmentes felhelyez\u00e9se egyszer\u0171 \u00e9s gyors, k\u00f6sz\u00f6nhet\u0151en a prec\u00edzen megtervezett fel\u00fcleti tapad\u00e1snak.<\/li>\n<\/ul>\n<p>A SmartCover 300 mikronos Flexi Glass TPU F\u00f3lia\u00a0ide\u00e1lis v\u00e1laszt\u00e1s azok sz\u00e1m\u00e1ra, akik tart\u00f3s, rugalmas \u00e9s v\u00e9kony v\u00e9delmet keresnek telefonja kijelz\u0151j\u00e9nek meg\u00f3v\u00e1s\u00e1ra. Ha a legjobb v\u00e9delmet szeretn\u00e9 biztos\u00edtani k\u00e9sz\u00fcl\u00e9k\u00e9nek an\u00e9lk\u00fcl, hogy cs\u00f6kkenten\u00e9 annak vizu\u00e1lis megjelen\u00e9s\u00e9t vagy \u00e9rint\u0151k\u00e9perny\u0151s \u00e9rz\u00e9kenys\u00e9g\u00e9t, akkor ez a f\u00f3lia t\u00f6k\u00e9letes megold\u00e1s.<\/p>","protected":false},"excerpt":{"rendered":"<p>KIZ\u00c1R\u00d3LAG S\u00cdK K\u00c9PERNY\u0150S TELEFONOKHOZ FONTOS: A V\u00c1G\u00d3FEJET 2-3 EGYS\u00c9GGEL FELJEBB KELL TEKERNI FELHELYEZ\u00c9SI \u00daTMUTAT\u00d3: SmartCover 300 mikronos Flexi Glass TPU F\u00f3lia A SmartCover 300 mikronos&#8230;<\/p>","protected":false},"featured_media":6903,"template":"","meta":[],"etheme_brands":[],"product_brand":[],"product_cat":[40,19,25],"product_tag":[],"class_list":{"0":"post-6910","1":"product","2":"type-product","3":"status-publish","4":"has-post-thumbnail","6":"product_cat-smartcover","7":"product_cat-elolapi-folia","8":"product_cat-legujabb-termekek","10":"first","11":"instock","12":"taxable","13":"shipping-taxable","14":"product-type-simple"},"_links":{"self":[{"href":"https:\/\/smartcover.hu\/en\/wp-json\/wp\/v2\/product\/6910","targetHints":{"allow":["GET"]}}],"collection":[{"href":"https:\/\/smartcover.hu\/en\/wp-json\/wp\/v2\/product"}],"about":[{"href":"https:\/\/smartcover.hu\/en\/wp-json\/wp\/v2\/types\/product"}],"version-history":[{"count":3,"href":"https:\/\/smartcover.hu\/en\/wp-json\/wp\/v2\/product\/6910\/revisions"}],"predecessor-version":[{"id":6913,"href":"https:\/\/smartcover.hu\/en\/wp-json\/wp\/v2\/product\/6910\/revisions\/6913"}],"wp:featuredmedia":[{"embeddable":true,"href":"https:\/\/smartcover.hu\/en\/wp-json\/wp\/v2\/media\/6903"}],"wp:attachment":[{"href":"https:\/\/smartcover.hu\/en\/wp-json\/wp\/v2\/media?parent=6910"}],"wp:term":[{"taxonomy":"brand","embeddable":true,"href":"https:\/\/smartcover.hu\/en\/wp-json\/wp\/v2\/etheme_brands?post=6910"},{"taxonomy":"product_brand","embeddable":true,"href":"https:\/\/smartcover.hu\/en\/wp-json\/wp\/v2\/product_brand?post=6910"},{"taxonomy":"product_cat","embeddable":true,"href":"https:\/\/smartcover.hu\/en\/wp-json\/wp\/v2\/product_cat?post=6910"},{"taxonomy":"product_tag","embeddable":true,"href":"https:\/\/smartcover.hu\/en\/wp-json\/wp\/v2\/product_tag?post=6910"}],"curies":[{"name":"wp","href":"https:\/\/api.w.org\/{rel}","templated":true}]}}