{"id":6900,"date":"2025-01-13T13:16:14","date_gmt":"2025-01-13T12:16:14","guid":{"rendered":"https:\/\/smartcover.hu\/?post_type=product&#038;p=6900"},"modified":"2026-04-13T14:41:53","modified_gmt":"2026-04-13T13:41:53","slug":"inteligens-epu-1s-quick-repair-telefon-folia","status":"publish","type":"product","link":"https:\/\/smartcover.hu\/en\/product\/inteligens-epu-1s-quick-repair-telefon-folia\/","title":{"rendered":"Inteligens EPU 1S Quick Repair Telefon F\u00f3lia"},"content":{"rendered":"<p><strong>Inteligens EPU 1S Quick Repair Telefon F\u00f3lia<\/strong><\/p>\n<p>Az <em>Inteligens EPU Quick Repair<\/em> telefonf\u00f3lia a leg\u00fajabb technol\u00f3gi\u00e1t alkalmazva biztos\u00edt gyors \u00e9s hat\u00e9kony megold\u00e1st a telefon kijelz\u0151j\u00e9nek v\u00e9delm\u00e9re. A pr\u00e9mium min\u0151s\u00e9g\u0171 EPU (Environmental Polyurethane) anyag garant\u00e1lja a maxim\u00e1lis v\u00e9delmet a karcol\u00e1sok, \u00fct\u0151d\u00e9sek \u00e9s egy\u00e9b fizikai hat\u00e1sok ellen, mik\u00f6zben meg\u0151rzi a k\u00e9sz\u00fcl\u00e9k kijelz\u0151j\u00e9nek tisztas\u00e1g\u00e1t \u00e9s \u00e9rz\u00e9kenys\u00e9g\u00e9t.<\/p>\n<p><strong>F\u0151bb jellemz\u0151k:<\/strong><\/p>\n<ul>\n<li><strong>Gyors jav\u00edt\u00e1si technol\u00f3gia:<\/strong> Az Inteligens EPU Quick Repair f\u00f3lia egyed\u00fcl\u00e1ll\u00f3 tulajdons\u00e1gai r\u00e9v\u00e9n k\u00e9pes gyorsan vissza\u00e1ll\u00edtani a kisebb s\u00e9r\u00fcl\u00e9seket \u00e9s karcol\u00e1sokat, \u00edgy a kijelz\u0151 fel\u00fclete szinte \u00faj \u00e1llapotba ker\u00fcl.<\/li>\n<li><strong>Pr\u00e9mium EPU anyag:<\/strong> A speci\u00e1lis, k\u00f6rnyezetbar\u00e1t EPU anyag kiv\u00e1l\u00f3 v\u00e9delmet ny\u00fajt a mindennapi haszn\u00e1lat sor\u00e1n keletkez\u0151 k\u00e1rosod\u00e1sokkal szemben.<\/li>\n<li><strong>Kiv\u00e1l\u00f3 tapad\u00e1s:<\/strong> Az er\u0151sebb tapad\u00e1snak k\u00f6sz\u00f6nhet\u0151en a f\u00f3lia biztos\u00edtja, hogy ne mozduljon el a kijelz\u0151r\u0151l, m\u00e9g intenz\u00edv haszn\u00e1lat eset\u00e9n sem.<\/li>\n<li><strong>Zavartalan \u00e9rint\u0151k\u00e9perny\u0151 \u00e9rz\u00e9kel\u00e9s:<\/strong> A f\u00f3lia a leg\u00fajabb technol\u00f3giai fejleszt\u00e9seknek k\u00f6sz\u00f6nhet\u0151en nem befoly\u00e1solja a kijelz\u0151 \u00e9rz\u00e9kenys\u00e9g\u00e9t, \u00edgy tov\u00e1bbra is zavartalanul haszn\u00e1lhatja az \u00e9rint\u0151k\u00e9perny\u0151t.<\/li>\n<li><strong>K\u00f6nny\u0171 felhelyez\u00e9s:<\/strong> A f\u00f3lia bubor\u00e9kmentes felhelyez\u00e9se egyszer\u0171 \u00e9s gyors, a csomagban tal\u00e1lhat\u00f3 eszk\u00f6z\u00f6k seg\u00edts\u00e9g\u00e9vel pedig garant\u00e1ltan pontosan helyezheti el a kijelz\u0151n.<\/li>\n<li><strong>UV-v\u00e9delem:<\/strong> A f\u00f3lia UV-v\u00e9delmet biztos\u00edt, \u00edgy seg\u00edt meg\u00f3vni a kijelz\u0151t a napsug\u00e1rz\u00e1s k\u00e1ros hat\u00e1sait\u00f3l, mik\u00f6zben a kijelz\u0151 tisztas\u00e1g\u00e1t is meg\u0151rzi.<\/li>\n<\/ul>\n<p>Az <em>Inteligens EPU Quick Repair<\/em> telefonf\u00f3lia ide\u00e1lis v\u00e1laszt\u00e1s minden olyan felhaszn\u00e1l\u00f3 sz\u00e1m\u00e1ra, aki szeretn\u00e9 meg\u00f3vni telefonja kijelz\u0151j\u00e9t a mindennapi haszn\u00e1lat sor\u00e1n felmer\u00fcl\u0151 kisebb s\u00e9r\u00fcl\u00e9sekt\u0151l \u00e9s karcol\u00e1sokt\u00f3l, mik\u00f6zben meg\u0151rzi a telefon eszt\u00e9tikai megjelen\u00e9s\u00e9t \u00e9s m\u0171k\u00f6d\u00e9s\u00e9t.<\/p>","protected":false},"excerpt":{"rendered":"<p>Inteligens EPU 1S Quick Repair Telefon F\u00f3lia Az Inteligens EPU Quick Repair telefonf\u00f3lia a leg\u00fajabb technol\u00f3gi\u00e1t alkalmazva biztos\u00edt gyors \u00e9s hat\u00e9kony megold\u00e1st a telefon kijelz\u0151j\u00e9nek&#8230;<\/p>","protected":false},"featured_media":6899,"template":"","meta":[],"etheme_brands":[],"product_brand":[],"product_cat":[17,19,25],"product_tag":[],"class_list":{"0":"post-6900","1":"product","2":"type-product","3":"status-publish","4":"has-post-thumbnail","6":"product_cat-devia","7":"product_cat-elolapi-folia","8":"product_cat-legujabb-termekek","10":"first","11":"instock","12":"taxable","13":"shipping-taxable","14":"product-type-simple"},"_links":{"self":[{"href":"https:\/\/smartcover.hu\/en\/wp-json\/wp\/v2\/product\/6900","targetHints":{"allow":["GET"]}}],"collection":[{"href":"https:\/\/smartcover.hu\/en\/wp-json\/wp\/v2\/product"}],"about":[{"href":"https:\/\/smartcover.hu\/en\/wp-json\/wp\/v2\/types\/product"}],"version-history":[{"count":2,"href":"https:\/\/smartcover.hu\/en\/wp-json\/wp\/v2\/product\/6900\/revisions"}],"predecessor-version":[{"id":9982,"href":"https:\/\/smartcover.hu\/en\/wp-json\/wp\/v2\/product\/6900\/revisions\/9982"}],"wp:featuredmedia":[{"embeddable":true,"href":"https:\/\/smartcover.hu\/en\/wp-json\/wp\/v2\/media\/6899"}],"wp:attachment":[{"href":"https:\/\/smartcover.hu\/en\/wp-json\/wp\/v2\/media?parent=6900"}],"wp:term":[{"taxonomy":"brand","embeddable":true,"href":"https:\/\/smartcover.hu\/en\/wp-json\/wp\/v2\/etheme_brands?post=6900"},{"taxonomy":"product_brand","embeddable":true,"href":"https:\/\/smartcover.hu\/en\/wp-json\/wp\/v2\/product_brand?post=6900"},{"taxonomy":"product_cat","embeddable":true,"href":"https:\/\/smartcover.hu\/en\/wp-json\/wp\/v2\/product_cat?post=6900"},{"taxonomy":"product_tag","embeddable":true,"href":"https:\/\/smartcover.hu\/en\/wp-json\/wp\/v2\/product_tag?post=6900"}],"curies":[{"name":"wp","href":"https:\/\/api.w.org\/{rel}","templated":true}]}}