{"id":6828,"date":"2025-01-09T10:47:12","date_gmt":"2025-01-09T09:47:12","guid":{"rendered":"https:\/\/smartcover.hu\/?post_type=product&#038;p=6828"},"modified":"2026-04-08T09:59:36","modified_gmt":"2026-04-08T08:59:36","slug":"vekobi-type-c-to-lightning-tolto-es-adatkabel","status":"publish","type":"product","link":"https:\/\/smartcover.hu\/en\/product\/vekobi-type-c-to-lightning-tolto-es-adatkabel\/","title":{"rendered":"Vekoby Type-C to Lightning t\u00f6lt\u0151 \u00e9s adatk\u00e1bel"},"content":{"rendered":"<p><strong>Vekoby Type-C to Lightning t\u00f6lt\u0151 \u00e9s adatk\u00e1bel<\/strong><\/p>\n<p>A <strong>Vekoby Type-C to Lightning k\u00e1bel<\/strong> ide\u00e1lis v\u00e1laszt\u00e1s iPhone \u00e9s iPad k\u00e9sz\u00fcl\u00e9kek t\u00f6lt\u00e9s\u00e9hez \u00e9s adat\u00e1tvitel\u00e9hez. Kiv\u00e1l\u00f3 min\u0151s\u00e9g\u0171 anyagokb\u00f3l k\u00e9sz\u00fclt, \u00edgy hossz\u00fa \u00e9lettartamot biztos\u00edt.<\/p>\n<ul>\n<li><strong>Gyors t\u00f6lt\u00e9s<\/strong> \u00e9s <strong>adat\u00e1tvitel<\/strong><\/li>\n<li><strong>Strapab\u00edr\u00f3 kialak\u00edt\u00e1s<\/strong><\/li>\n<li>Kompatibilis minden Lightning csatlakoz\u00f3s eszk\u00f6zzel<\/li>\n<\/ul>\n<p>V\u00e1laszd a Vekoby-t, ha megb\u00edzhat\u00f3 \u00e9s tart\u00f3s k\u00e1belt keresel!<\/p>","protected":false},"excerpt":{"rendered":"<p>Vekoby Type-C to Lightning t\u00f6lt\u0151 \u00e9s adatk\u00e1bel A Vekoby Type-C to Lightning k\u00e1bel ide\u00e1lis v\u00e1laszt\u00e1s iPhone \u00e9s iPad k\u00e9sz\u00fcl\u00e9kek t\u00f6lt\u00e9s\u00e9hez \u00e9s adat\u00e1tvitel\u00e9hez. Kiv\u00e1l\u00f3 min\u0151s\u00e9g\u0171 anyagokb\u00f3l&#8230;<\/p>","protected":false},"featured_media":6859,"template":"","meta":[],"etheme_brands":[],"product_brand":[],"product_cat":[72,25],"product_tag":[],"class_list":{"0":"post-6828","1":"product","2":"type-product","3":"status-publish","4":"has-post-thumbnail","6":"product_cat-tartozekok-toltok-adapterek","7":"product_cat-legujabb-termekek","9":"first","10":"instock","11":"taxable","12":"shipping-taxable","13":"product-type-simple"},"_links":{"self":[{"href":"https:\/\/smartcover.hu\/en\/wp-json\/wp\/v2\/product\/6828","targetHints":{"allow":["GET"]}}],"collection":[{"href":"https:\/\/smartcover.hu\/en\/wp-json\/wp\/v2\/product"}],"about":[{"href":"https:\/\/smartcover.hu\/en\/wp-json\/wp\/v2\/types\/product"}],"version-history":[{"count":3,"href":"https:\/\/smartcover.hu\/en\/wp-json\/wp\/v2\/product\/6828\/revisions"}],"predecessor-version":[{"id":6848,"href":"https:\/\/smartcover.hu\/en\/wp-json\/wp\/v2\/product\/6828\/revisions\/6848"}],"wp:featuredmedia":[{"embeddable":true,"href":"https:\/\/smartcover.hu\/en\/wp-json\/wp\/v2\/media\/6859"}],"wp:attachment":[{"href":"https:\/\/smartcover.hu\/en\/wp-json\/wp\/v2\/media?parent=6828"}],"wp:term":[{"taxonomy":"brand","embeddable":true,"href":"https:\/\/smartcover.hu\/en\/wp-json\/wp\/v2\/etheme_brands?post=6828"},{"taxonomy":"product_brand","embeddable":true,"href":"https:\/\/smartcover.hu\/en\/wp-json\/wp\/v2\/product_brand?post=6828"},{"taxonomy":"product_cat","embeddable":true,"href":"https:\/\/smartcover.hu\/en\/wp-json\/wp\/v2\/product_cat?post=6828"},{"taxonomy":"product_tag","embeddable":true,"href":"https:\/\/smartcover.hu\/en\/wp-json\/wp\/v2\/product_tag?post=6828"}],"curies":[{"name":"wp","href":"https:\/\/api.w.org\/{rel}","templated":true}]}}