{"id":6650,"date":"2025-01-06T13:13:52","date_gmt":"2025-01-06T12:13:52","guid":{"rendered":"https:\/\/smartcover.hu\/?post_type=product&#038;p=6650"},"modified":"2026-03-26T11:02:24","modified_gmt":"2026-03-26T10:02:24","slug":"magic-box-univerzalis-uvegfolia-es-inteligens-tarolorendszer-270db-os-szett","status":"publish","type":"product","link":"https:\/\/smartcover.hu\/en\/product\/magic-box-univerzalis-uvegfolia-es-inteligens-tarolorendszer-270db-os-szett\/","title":{"rendered":"1.0 MAGIC BOX  Univerz\u00e1lis \u00dcvegf\u00f3lia \u00e9s Inteligens t\u00e1rol\u00f3rendszer 305db-os szett"},"content":{"rendered":"<h6><em><strong>\u00a0 \u00a0<\/strong><\/em><\/h6>\n<h2 style=\"text-align: center;\"><em><strong>MAGIC BOX Univerz\u00e1lis \u00fcvegf\u00f3lia\u00a0 \u00e9s Inteligens t\u00e1rol\u00f3rendszer 305 db-os szett<\/strong><\/em><\/h2>\n<h3><em><strong>\u00a0<\/strong><\/em>A <strong>MAGIC BOX Univerz\u00e1lis \u00fcvegf\u00f3lia\u00a0 \u00e9s Inteligens t\u00e1rol\u00f3rendszer 305 db-os szett<\/strong> t\u00f6k\u00e9letes megold\u00e1s a telefonok v\u00e9delm\u00e9re \u00e9s a rendszerezett t\u00e1rol\u00e1sra. A szett 61 ( 5db\/ doboz) k\u00fcl\u00f6nb\u00f6z\u0151 m\u00e9ret\u0171\u00a0 \u00fcvegf\u00f3li\u00e1t tartalmaz, amelyek kompatibilisek\u00a0 t\u00f6bb mint 2000 telefon modellel, biztos\u00edtva azok k\u00e9perny\u0151j\u00e9nek maxim\u00e1lis v\u00e9delm\u00e9t a karcol\u00e1sokt\u00f3l, \u00fct\u00e9sekekt\u0151l \u00e9s egy\u00e9b s\u00e9r\u00fcl\u00e9sekt\u0151l. Az intelligens t\u00e1rol\u00f3rendszer seg\u00edt abban, hogy a f\u00f3li\u00e1k k\u00f6nnyen hozz\u00e1f\u00e9rhet\u0151k \u00e9s j\u00f3l rendszerezettek maradjanak, \u00edgy mindig gyorsan megtal\u00e1lhatod a megfelel\u0151 darabot. A pr\u00e9mium min\u0151s\u00e9g\u0171 \u00fcvegf\u00f3li\u00e1k hossz\u00fa t\u00e1v\u00fa v\u00e9delmet ny\u00fajtanak, mik\u00f6zben meg\u0151rzik a telefon k\u00e9perny\u0151j\u00e9nek \u00e9rint\u0151funkci\u00f3j\u00e1t \u00e9s vizu\u00e1lis tisztas\u00e1g\u00e1t. Ide\u00e1lis v\u00e1laszt\u00e1s a mobiltelefonok v\u00e9delm\u00e9re \u00e9s a praktikus t\u00e1rol\u00e1sra.<\/h3>\n<div style=\"width: 848px;\" class=\"wp-video\"><video class=\"wp-video-shortcode\" id=\"video-6650-1\" width=\"848\" height=\"480\" preload=\"metadata\" controls=\"controls\"><source type=\"video\/mp4\" src=\"https:\/\/smartcover.hu\/wp-content\/uploads\/2025\/01\/OFFICIAL-MAGIC-BOX.mp4?_=1\" \/><a href=\"https:\/\/smartcover.hu\/wp-content\/uploads\/2025\/01\/OFFICIAL-MAGIC-BOX.mp4\">https:\/\/smartcover.hu\/wp-content\/uploads\/2025\/01\/OFFICIAL-MAGIC-BOX.mp4<\/a><\/video><\/div>","protected":false},"excerpt":{"rendered":"<p>\u00a0 \u00a0 MAGIC BOX Univerz\u00e1lis \u00fcvegf\u00f3lia\u00a0 \u00e9s Inteligens t\u00e1rol\u00f3rendszer 305 db-os szett \u00a0A MAGIC BOX Univerz\u00e1lis \u00fcvegf\u00f3lia\u00a0 \u00e9s Inteligens t\u00e1rol\u00f3rendszer 305 db-os szett t\u00f6k\u00e9letes megold\u00e1s&#8230;<\/p>","protected":false},"featured_media":6669,"template":"","meta":[],"etheme_brands":[],"product_brand":[],"product_cat":[71,25],"product_tag":[],"class_list":{"0":"post-6650","1":"product","2":"type-product","3":"status-publish","4":"has-post-thumbnail","6":"product_cat-magic-box","7":"product_cat-legujabb-termekek","9":"first","10":"instock","11":"taxable","12":"shipping-taxable","13":"product-type-simple"},"_links":{"self":[{"href":"https:\/\/smartcover.hu\/en\/wp-json\/wp\/v2\/product\/6650","targetHints":{"allow":["GET"]}}],"collection":[{"href":"https:\/\/smartcover.hu\/en\/wp-json\/wp\/v2\/product"}],"about":[{"href":"https:\/\/smartcover.hu\/en\/wp-json\/wp\/v2\/types\/product"}],"version-history":[{"count":6,"href":"https:\/\/smartcover.hu\/en\/wp-json\/wp\/v2\/product\/6650\/revisions"}],"predecessor-version":[{"id":9490,"href":"https:\/\/smartcover.hu\/en\/wp-json\/wp\/v2\/product\/6650\/revisions\/9490"}],"wp:featuredmedia":[{"embeddable":true,"href":"https:\/\/smartcover.hu\/en\/wp-json\/wp\/v2\/media\/6669"}],"wp:attachment":[{"href":"https:\/\/smartcover.hu\/en\/wp-json\/wp\/v2\/media?parent=6650"}],"wp:term":[{"taxonomy":"brand","embeddable":true,"href":"https:\/\/smartcover.hu\/en\/wp-json\/wp\/v2\/etheme_brands?post=6650"},{"taxonomy":"product_brand","embeddable":true,"href":"https:\/\/smartcover.hu\/en\/wp-json\/wp\/v2\/product_brand?post=6650"},{"taxonomy":"product_cat","embeddable":true,"href":"https:\/\/smartcover.hu\/en\/wp-json\/wp\/v2\/product_cat?post=6650"},{"taxonomy":"product_tag","embeddable":true,"href":"https:\/\/smartcover.hu\/en\/wp-json\/wp\/v2\/product_tag?post=6650"}],"curies":[{"name":"wp","href":"https:\/\/api.w.org\/{rel}","templated":true}]}}