{"id":6493,"date":"2024-12-06T11:46:30","date_gmt":"2024-12-06T10:46:30","guid":{"rendered":"https:\/\/smartcover.hu\/?post_type=product&#038;p=6493"},"modified":"2024-12-06T11:46:31","modified_gmt":"2024-12-06T10:46:31","slug":"basic-kijelzovedo-csomag-az-alapveto-vedelem-premium-minosegben","status":"publish","type":"product","link":"https:\/\/smartcover.hu\/en\/product\/basic-kijelzovedo-csomag-az-alapveto-vedelem-premium-minosegben\/","title":{"rendered":"Basic Kijelz\u0151v\u00e9d\u0151 Csomag \u2013 Az alapvet\u0151 v\u00e9delem, pr\u00e9mium min\u0151s\u00e9gben!"},"content":{"rendered":"<p>\ud83c\udf89 <strong>Basic Kijelz\u0151v\u00e9d\u0151 Csomag \u2013 Az alapvet\u0151 v\u00e9delem, pr\u00e9mium min\u0151s\u00e9gben!<\/strong><\/p>\n<p>\ud83d\udcf1 <strong>Tartalma:<\/strong><br \/>\n\u2714\ufe0f <strong>100 db Devia Basic Hydrog\u00e9l kijelz\u0151v\u00e9d\u0151 f\u00f3lia<\/strong><br \/>\n\u2714\ufe0f <strong>20 db Devia Basic Privacy Matt Hydrog\u00e9l f\u00f3lia<\/strong><br \/>\n\u2714\ufe0f <strong>10 db Devia HD Privacy Hydrog\u00e9l f\u00f3lia (NEM MATT)<\/strong><br \/>\n\u2714\ufe0f <strong>50 db Smartcover 150 mikronos matt hydrog\u00e9l f\u00f3lia<\/strong><br \/>\n\u2714\ufe0f <strong>20 db Devia Watch kijelz\u0151v\u00e9d\u0151 f\u00f3lia<\/strong><\/p>\n<p>\ud83c\udf1f <strong>Mi\u00e9rt v\u00e1laszd a Basic csomagot?<\/strong><\/p>\n<ul>\n<li>K\u00f6lts\u00e9ghat\u00e9kony megold\u00e1s nagy mennyis\u00e9gben.<\/li>\n<li>Kiv\u00e1l\u00f3 min\u0151s\u00e9g\u0171 term\u00e9kek, amelyek hossz\u00fa t\u00e1von v\u00e9delmet ny\u00fajtanak.<\/li>\n<\/ul>\n<p>\ud83d\udce6 <strong>Rakt\u00e1rr\u00f3l azonnal el\u00e9rhet\u0151!<\/strong><\/p>","protected":false},"excerpt":{"rendered":"<p>\ud83c\udf89 Basic Kijelz\u0151v\u00e9d\u0151 Csomag \u2013 Az alapvet\u0151 v\u00e9delem, pr\u00e9mium min\u0151s\u00e9gben! \ud83d\udcf1 Tartalma: \u2714\ufe0f 100 db Devia Basic Hydrog\u00e9l kijelz\u0151v\u00e9d\u0151 f\u00f3lia \u2714\ufe0f 20 db Devia Basic&#8230;<\/p>","protected":false},"featured_media":6494,"template":"","meta":[],"etheme_brands":[],"product_brand":[],"product_cat":[70,19,25],"product_tag":[],"class_list":{"0":"post-6493","1":"product","2":"type-product","3":"status-publish","4":"has-post-thumbnail","6":"product_cat-kedvezo-csomagok","7":"product_cat-elolapi-folia","8":"product_cat-legujabb-termekek","10":"first","11":"instock","12":"taxable","13":"shipping-taxable","14":"product-type-simple"},"_links":{"self":[{"href":"https:\/\/smartcover.hu\/en\/wp-json\/wp\/v2\/product\/6493","targetHints":{"allow":["GET"]}}],"collection":[{"href":"https:\/\/smartcover.hu\/en\/wp-json\/wp\/v2\/product"}],"about":[{"href":"https:\/\/smartcover.hu\/en\/wp-json\/wp\/v2\/types\/product"}],"version-history":[{"count":1,"href":"https:\/\/smartcover.hu\/en\/wp-json\/wp\/v2\/product\/6493\/revisions"}],"predecessor-version":[{"id":6495,"href":"https:\/\/smartcover.hu\/en\/wp-json\/wp\/v2\/product\/6493\/revisions\/6495"}],"wp:featuredmedia":[{"embeddable":true,"href":"https:\/\/smartcover.hu\/en\/wp-json\/wp\/v2\/media\/6494"}],"wp:attachment":[{"href":"https:\/\/smartcover.hu\/en\/wp-json\/wp\/v2\/media?parent=6493"}],"wp:term":[{"taxonomy":"brand","embeddable":true,"href":"https:\/\/smartcover.hu\/en\/wp-json\/wp\/v2\/etheme_brands?post=6493"},{"taxonomy":"product_brand","embeddable":true,"href":"https:\/\/smartcover.hu\/en\/wp-json\/wp\/v2\/product_brand?post=6493"},{"taxonomy":"product_cat","embeddable":true,"href":"https:\/\/smartcover.hu\/en\/wp-json\/wp\/v2\/product_cat?post=6493"},{"taxonomy":"product_tag","embeddable":true,"href":"https:\/\/smartcover.hu\/en\/wp-json\/wp\/v2\/product_tag?post=6493"}],"curies":[{"name":"wp","href":"https:\/\/api.w.org\/{rel}","templated":true}]}}