{"id":6443,"date":"2024-12-04T12:54:10","date_gmt":"2024-12-04T11:54:10","guid":{"rendered":"https:\/\/smartcover.hu\/?post_type=product&#038;p=6443"},"modified":"2024-12-04T13:00:13","modified_gmt":"2024-12-04T12:00:13","slug":"premium-kijelzovedo-csomag-maximalis-vedelem","status":"publish","type":"product","link":"https:\/\/smartcover.hu\/en\/product\/premium-kijelzovedo-csomag-maximalis-vedelem\/","title":{"rendered":"Pr\u00e9mium Kijelz\u0151v\u00e9d\u0151 Csomag \u2013 Maxim\u00e1lis V\u00e9delem"},"content":{"rendered":"<p><strong>V\u00e9dd meg k\u00e9sz\u00fcl\u00e9keid kijelz\u0151j\u00e9t pr\u00e9mium min\u0151s\u00e9gben, \u00e9s sp\u00f3rolj egyszerre!<\/strong><br \/>\nIsmerd meg a Pr\u00e9mium Kijelz\u0151v\u00e9d\u0151 Csomagot, amely tartalmazza a legn\u00e9pszer\u0171bb \u00e9s legmegb\u00edzhat\u00f3bb Devia \u00e9s SmartCover kijelz\u0151v\u00e9d\u0151 f\u00f3li\u00e1kat. Ez a csomag ide\u00e1lis v\u00e1laszt\u00e1s azok sz\u00e1m\u00e1ra, akik min\u0151s\u00e9gi megold\u00e1st keresnek okoseszk\u00f6zeik v\u00e9delm\u00e9re.<\/p>\n<p><strong>A csomag tartalma:<\/strong><\/p>\n<ul>\n<li><strong>50 db Devia 180 mikronos hidrog\u00e9l kijelz\u0151v\u00e9d\u0151 f\u00f3lia<\/strong><\/li>\n<li><strong>20 db Devia UV 190 mikronos kijelz\u0151v\u00e9d\u0151 f\u00f3lia<\/strong><\/li>\n<li><strong>10 db Devia HD Privacy hidrog\u00e9l kijelz\u0151v\u00e9d\u0151 f\u00f3lia (nem matt)<\/strong><\/li>\n<li><strong>10 db Devia HD Privacy 300 mikronos UV kijelz\u0151v\u00e9d\u0151 f\u00f3lia (nem matt)<\/strong><\/li>\n<li><strong>25 db SmartCover 210 mikronos hidrog\u00e9l kijelz\u0151v\u00e9d\u0151 f\u00f3lia<\/strong><\/li>\n<li><strong>25 db SmartCover 190 mikronos hidrog\u00e9l kijelz\u0151v\u00e9d\u0151 f\u00f3lia<\/strong><\/li>\n<\/ul>\n<p><strong>Mi\u00e9rt \u00e9rdemes ezt v\u00e1lasztani?<\/strong><br \/>\n\u2714\ufe0f Pr\u00e9mium anyagok \u00e9s tart\u00f3ss\u00e1g<br \/>\n\u2714\ufe0f K\u00fcl\u00f6nleges \u00e1r, amit csak a csomaggal \u00e9rhetsz el<br \/>\n\u2714\ufe0f Sz\u00e9les v\u00e1laszt\u00e9k az ig\u00e9nyeidnek megfelel\u0151en<\/p>\n<p>Ne hagyd ki ezt az aj\u00e1nlatot, \u00e9s biztos\u00edtsd k\u00e9sz\u00fcl\u00e9keid maxim\u00e1lis v\u00e9delm\u00e9t most!<\/p>","protected":false},"excerpt":{"rendered":"<p>V\u00e9dd meg k\u00e9sz\u00fcl\u00e9keid kijelz\u0151j\u00e9t pr\u00e9mium min\u0151s\u00e9gben, \u00e9s sp\u00f3rolj egyszerre! Ismerd meg a Pr\u00e9mium Kijelz\u0151v\u00e9d\u0151 Csomagot, amely tartalmazza a legn\u00e9pszer\u0171bb \u00e9s legmegb\u00edzhat\u00f3bb Devia \u00e9s SmartCover kijelz\u0151v\u00e9d\u0151&#8230;<\/p>","protected":false},"featured_media":6442,"template":"","meta":[],"etheme_brands":[],"product_brand":[],"product_cat":[70,19],"product_tag":[],"class_list":{"0":"post-6443","1":"product","2":"type-product","3":"status-publish","4":"has-post-thumbnail","6":"product_cat-kedvezo-csomagok","7":"product_cat-elolapi-folia","9":"first","10":"instock","11":"taxable","12":"shipping-taxable","13":"product-type-simple"},"_links":{"self":[{"href":"https:\/\/smartcover.hu\/en\/wp-json\/wp\/v2\/product\/6443","targetHints":{"allow":["GET"]}}],"collection":[{"href":"https:\/\/smartcover.hu\/en\/wp-json\/wp\/v2\/product"}],"about":[{"href":"https:\/\/smartcover.hu\/en\/wp-json\/wp\/v2\/types\/product"}],"version-history":[{"count":3,"href":"https:\/\/smartcover.hu\/en\/wp-json\/wp\/v2\/product\/6443\/revisions"}],"predecessor-version":[{"id":6446,"href":"https:\/\/smartcover.hu\/en\/wp-json\/wp\/v2\/product\/6443\/revisions\/6446"}],"wp:featuredmedia":[{"embeddable":true,"href":"https:\/\/smartcover.hu\/en\/wp-json\/wp\/v2\/media\/6442"}],"wp:attachment":[{"href":"https:\/\/smartcover.hu\/en\/wp-json\/wp\/v2\/media?parent=6443"}],"wp:term":[{"taxonomy":"brand","embeddable":true,"href":"https:\/\/smartcover.hu\/en\/wp-json\/wp\/v2\/etheme_brands?post=6443"},{"taxonomy":"product_brand","embeddable":true,"href":"https:\/\/smartcover.hu\/en\/wp-json\/wp\/v2\/product_brand?post=6443"},{"taxonomy":"product_cat","embeddable":true,"href":"https:\/\/smartcover.hu\/en\/wp-json\/wp\/v2\/product_cat?post=6443"},{"taxonomy":"product_tag","embeddable":true,"href":"https:\/\/smartcover.hu\/en\/wp-json\/wp\/v2\/product_tag?post=6443"}],"curies":[{"name":"wp","href":"https:\/\/api.w.org\/{rel}","templated":true}]}}