{"id":6407,"date":"2024-12-03T16:09:24","date_gmt":"2024-12-03T15:09:24","guid":{"rendered":"https:\/\/smartcover.hu\/?post_type=product&#038;p=6407"},"modified":"2024-12-04T13:02:06","modified_gmt":"2024-12-04T12:02:06","slug":"6407","status":"publish","type":"product","link":"https:\/\/smartcover.hu\/en\/product\/6407\/","title":{"rendered":"Devia Kijelz\u0151v\u00e9d\u0151 F\u00f3lia UV Csomag"},"content":{"rendered":"<p><strong>Devia Kijelz\u0151v\u00e9d\u0151 F\u00f3lia UV Csomag \u2013 Exkluz\u00edv Kedvezm\u00e9nnyel!<\/strong><\/p>\n<p>Szerezd be pr\u00e9mium kijelz\u0151v\u00e9d\u0151 f\u00f3lia kollekci\u00f3nkat most csomagaj\u00e1nlatban, jelent\u0151s kedvezm\u00e9nnyel! A csomag tartalma:<\/p>\n<ul>\n<li><strong>3 x 20 db Devia UV 190 mikronos kijelz\u0151v\u00e9d\u0151 f\u00f3lia<\/strong><\/li>\n<li><strong>20 db Devia UV matt kijelz\u0151v\u00e9d\u0151 f\u00f3lia<\/strong><\/li>\n<li><strong>20 db Devia UV 190 mikronos matt privacy kijelz\u0151v\u00e9d\u0151 f\u00f3lia<\/strong><\/li>\n<li><strong>10 db Devia HD UV 300 mikronos kijelz\u0151v\u00e9d\u0151 f\u00f3lia (nem matt)<\/strong><\/li>\n<\/ul>\n<p>V\u00e9dd meg a k\u00e9sz\u00fcl\u00e9kek kijelz\u0151j\u00e9t st\u00edlusosan \u00e9s hat\u00e9konyan, mik\u00f6zben jelent\u0151s megtakar\u00edt\u00e1st \u00e9rhetsz el!<\/p>","protected":false},"excerpt":{"rendered":"<p>Devia Kijelz\u0151v\u00e9d\u0151 F\u00f3lia UV Csomag \u2013 Exkluz\u00edv Kedvezm\u00e9nnyel! Szerezd be pr\u00e9mium kijelz\u0151v\u00e9d\u0151 f\u00f3lia kollekci\u00f3nkat most csomagaj\u00e1nlatban, jelent\u0151s kedvezm\u00e9nnyel! A csomag tartalma: 3 x 20 db&#8230;<\/p>","protected":false},"featured_media":6402,"template":"","meta":[],"etheme_brands":[],"product_brand":[],"product_cat":[70,19,25],"product_tag":[],"class_list":{"0":"post-6407","1":"product","2":"type-product","3":"status-publish","4":"has-post-thumbnail","6":"product_cat-kedvezo-csomagok","7":"product_cat-elolapi-folia","8":"product_cat-legujabb-termekek","10":"first","11":"instock","12":"taxable","13":"shipping-taxable","14":"product-type-simple"},"_links":{"self":[{"href":"https:\/\/smartcover.hu\/en\/wp-json\/wp\/v2\/product\/6407","targetHints":{"allow":["GET"]}}],"collection":[{"href":"https:\/\/smartcover.hu\/en\/wp-json\/wp\/v2\/product"}],"about":[{"href":"https:\/\/smartcover.hu\/en\/wp-json\/wp\/v2\/types\/product"}],"version-history":[{"count":4,"href":"https:\/\/smartcover.hu\/en\/wp-json\/wp\/v2\/product\/6407\/revisions"}],"predecessor-version":[{"id":6447,"href":"https:\/\/smartcover.hu\/en\/wp-json\/wp\/v2\/product\/6407\/revisions\/6447"}],"wp:featuredmedia":[{"embeddable":true,"href":"https:\/\/smartcover.hu\/en\/wp-json\/wp\/v2\/media\/6402"}],"wp:attachment":[{"href":"https:\/\/smartcover.hu\/en\/wp-json\/wp\/v2\/media?parent=6407"}],"wp:term":[{"taxonomy":"brand","embeddable":true,"href":"https:\/\/smartcover.hu\/en\/wp-json\/wp\/v2\/etheme_brands?post=6407"},{"taxonomy":"product_brand","embeddable":true,"href":"https:\/\/smartcover.hu\/en\/wp-json\/wp\/v2\/product_brand?post=6407"},{"taxonomy":"product_cat","embeddable":true,"href":"https:\/\/smartcover.hu\/en\/wp-json\/wp\/v2\/product_cat?post=6407"},{"taxonomy":"product_tag","embeddable":true,"href":"https:\/\/smartcover.hu\/en\/wp-json\/wp\/v2\/product_tag?post=6407"}],"curies":[{"name":"wp","href":"https:\/\/api.w.org\/{rel}","templated":true}]}}