{"id":6403,"date":"2024-12-03T15:47:12","date_gmt":"2024-12-03T14:47:12","guid":{"rendered":"https:\/\/smartcover.hu\/?post_type=product&#038;p=6403"},"modified":"2024-12-04T13:02:35","modified_gmt":"2024-12-04T12:02:35","slug":"6403","status":"publish","type":"product","link":"https:\/\/smartcover.hu\/en\/product\/6403\/","title":{"rendered":"Smartcover Kijelz\u0151v\u00e9d\u0151 Nagycsomag"},"content":{"rendered":"<p><strong>Smartcover Kijelz\u0151v\u00e9d\u0151 Nagycsomag &#8211; Maxim\u00e1lis v\u00e9delem, kedvez\u0151 \u00e1ron!<\/strong><\/p>\n<p>V\u00e1lassza kiemelked\u0151 \u00e1r-\u00e9rt\u00e9k ar\u00e1ny\u00fa csomagunkat, amelyben minden megtal\u00e1lhat\u00f3, amire a kijelz\u0151k maxim\u00e1lis v\u00e9delm\u00e9hez sz\u00fcks\u00e9ge van:<\/p>\n<ul>\n<li><strong>25 db 210 mikronos hidrog\u00e9l kijelz\u0151v\u00e9d\u0151 f\u00f3lia<\/strong><\/li>\n<li><strong>25 db 190 mikronos hidrog\u00e9l kijelz\u0151v\u00e9d\u0151 f\u00f3lia<\/strong><\/li>\n<li><strong>50 db 150 mikronos hidrog\u00e9l kijelz\u0151v\u00e9d\u0151 f\u00f3lia<\/strong><\/li>\n<li><strong>50 db 150 mikronos matt hidrog\u00e9l kijelz\u0151v\u00e9d\u0151 f\u00f3lia<\/strong><\/li>\n<li><strong>25 db matt privacy hidrog\u00e9l kijelz\u0151v\u00e9d\u0151 f\u00f3lia<\/strong><\/li>\n<\/ul>\n<p>&nbsp;<\/p>","protected":false},"excerpt":{"rendered":"<p>Smartcover Kijelz\u0151v\u00e9d\u0151 Nagycsomag &#8211; Maxim\u00e1lis v\u00e9delem, kedvez\u0151 \u00e1ron! V\u00e1lassza kiemelked\u0151 \u00e1r-\u00e9rt\u00e9k ar\u00e1ny\u00fa csomagunkat, amelyben minden megtal\u00e1lhat\u00f3, amire a kijelz\u0151k maxim\u00e1lis v\u00e9delm\u00e9hez sz\u00fcks\u00e9ge van: 25 db&#8230;<\/p>","protected":false},"featured_media":6401,"template":"","meta":[],"etheme_brands":[],"product_brand":[],"product_cat":[70,19,40],"product_tag":[],"class_list":{"0":"post-6403","1":"product","2":"type-product","3":"status-publish","4":"has-post-thumbnail","6":"product_cat-kedvezo-csomagok","7":"product_cat-elolapi-folia","8":"product_cat-smartcover","10":"first","11":"instock","12":"taxable","13":"shipping-taxable","14":"product-type-simple"},"_links":{"self":[{"href":"https:\/\/smartcover.hu\/en\/wp-json\/wp\/v2\/product\/6403","targetHints":{"allow":["GET"]}}],"collection":[{"href":"https:\/\/smartcover.hu\/en\/wp-json\/wp\/v2\/product"}],"about":[{"href":"https:\/\/smartcover.hu\/en\/wp-json\/wp\/v2\/types\/product"}],"version-history":[{"count":4,"href":"https:\/\/smartcover.hu\/en\/wp-json\/wp\/v2\/product\/6403\/revisions"}],"predecessor-version":[{"id":6448,"href":"https:\/\/smartcover.hu\/en\/wp-json\/wp\/v2\/product\/6403\/revisions\/6448"}],"wp:featuredmedia":[{"embeddable":true,"href":"https:\/\/smartcover.hu\/en\/wp-json\/wp\/v2\/media\/6401"}],"wp:attachment":[{"href":"https:\/\/smartcover.hu\/en\/wp-json\/wp\/v2\/media?parent=6403"}],"wp:term":[{"taxonomy":"brand","embeddable":true,"href":"https:\/\/smartcover.hu\/en\/wp-json\/wp\/v2\/etheme_brands?post=6403"},{"taxonomy":"product_brand","embeddable":true,"href":"https:\/\/smartcover.hu\/en\/wp-json\/wp\/v2\/product_brand?post=6403"},{"taxonomy":"product_cat","embeddable":true,"href":"https:\/\/smartcover.hu\/en\/wp-json\/wp\/v2\/product_cat?post=6403"},{"taxonomy":"product_tag","embeddable":true,"href":"https:\/\/smartcover.hu\/en\/wp-json\/wp\/v2\/product_tag?post=6403"}],"curies":[{"name":"wp","href":"https:\/\/api.w.org\/{rel}","templated":true}]}}