{"id":5397,"date":"2024-10-03T15:58:55","date_gmt":"2024-10-03T14:58:55","guid":{"rendered":"https:\/\/smartcover.hu\/?post_type=product&#038;p=5397"},"modified":"2024-10-03T21:31:34","modified_gmt":"2024-10-03T20:31:34","slug":"devia-nyomtathato-folia-36db-es-fogyoeszkoz-keszlet-mini-fotonyomtatohoz","status":"publish","type":"product","link":"https:\/\/smartcover.hu\/en\/product\/devia-nyomtathato-folia-36db-es-fogyoeszkoz-keszlet-mini-fotonyomtatohoz\/","title":{"rendered":"DEVIA Nyomtathat\u00f3 f\u00f3lia (36DB) \u00e9s fogy\u00f3eszk\u00f6z k\u00e9szlet mini fot\u00f3nyomtat\u00f3hoz"},"content":{"rendered":"<h3>DEVIA Nyomtathat\u00f3 f\u00f3lia (36DB) \u00e9s fogy\u00f3eszk\u00f6z k\u00e9szlet mini fot\u00f3nyomtat\u00f3hoz<\/h3>\n<p>A Devia term\u00e1l szublim\u00e1ci\u00f3s telefon h\u00e1tlapi f\u00f3li\u00e1k kiv\u00e1l\u00f3 min\u0151s\u00e9g\u0171 megold\u00e1st ny\u00fajtanak, ha egyedi megjelen\u00e9st szeretn\u00e9l adni mobiltelefonodnak. Ezek a speci\u00e1lisan tervezett f\u00f3li\u00e1k a term\u00e1l szublim\u00e1ci\u00f3s technol\u00f3gi\u00e1val egy\u00fcttm\u0171k\u00f6dve \u00e9l\u00e9nk, r\u00e9szletgazdag mint\u00e1kat biztos\u00edtanak, amelyek t\u00f6k\u00e9letesen illeszkednek a k\u00e9sz\u00fcl\u00e9k h\u00e1tlapj\u00e1hoz.<\/p>\n<p>A f\u00f3li\u00e1k rendk\u00edv\u00fcl tart\u00f3sak, ellen\u00e1llnak a karcol\u00e1soknak \u00e9s a kop\u00e1snak, mik\u00f6zben v\u00e9delmet ny\u00fajtanak a mindennapi haszn\u00e1lat sor\u00e1n. Rugalmas anyaguknak k\u00f6sz\u00f6nhet\u0151en k\u00f6nnyen felhelyezhet\u0151k \u00e9s elt\u00e1vol\u00edthat\u00f3k, \u00edgy b\u00e1rmikor friss\u00edtheted telefonod megjelen\u00e9s\u00e9t.<\/p>\n<p>A Devia f\u00f3li\u00e1k seg\u00edts\u00e9g\u00e9vel egyszer\u0171en var\u00e1zsolhatod egyediv\u00e9 a telefonod!<\/p>","protected":false},"excerpt":{"rendered":"<p>DEVIA Nyomtathat\u00f3 f\u00f3lia (36DB) \u00e9s fogy\u00f3eszk\u00f6z k\u00e9szlet mini fot\u00f3nyomtat\u00f3hoz A Devia term\u00e1l szublim\u00e1ci\u00f3s telefon h\u00e1tlapi f\u00f3li\u00e1k kiv\u00e1l\u00f3 min\u0151s\u00e9g\u0171 megold\u00e1st ny\u00fajtanak, ha egyedi megjelen\u00e9st szeretn\u00e9l adni&#8230;<\/p>","protected":false},"featured_media":5398,"template":"","meta":[],"etheme_brands":[],"product_brand":[],"product_cat":[17,18,25],"product_tag":[],"class_list":{"0":"post-5397","1":"product","2":"type-product","3":"status-publish","4":"has-post-thumbnail","6":"product_cat-devia","7":"product_cat-folia","8":"product_cat-legujabb-termekek","10":"first","11":"instock","12":"taxable","13":"shipping-taxable","14":"product-type-simple"},"_links":{"self":[{"href":"https:\/\/smartcover.hu\/en\/wp-json\/wp\/v2\/product\/5397","targetHints":{"allow":["GET"]}}],"collection":[{"href":"https:\/\/smartcover.hu\/en\/wp-json\/wp\/v2\/product"}],"about":[{"href":"https:\/\/smartcover.hu\/en\/wp-json\/wp\/v2\/types\/product"}],"version-history":[{"count":0,"href":"https:\/\/smartcover.hu\/en\/wp-json\/wp\/v2\/product\/5397\/revisions"}],"wp:featuredmedia":[{"embeddable":true,"href":"https:\/\/smartcover.hu\/en\/wp-json\/wp\/v2\/media\/5398"}],"wp:attachment":[{"href":"https:\/\/smartcover.hu\/en\/wp-json\/wp\/v2\/media?parent=5397"}],"wp:term":[{"taxonomy":"brand","embeddable":true,"href":"https:\/\/smartcover.hu\/en\/wp-json\/wp\/v2\/etheme_brands?post=5397"},{"taxonomy":"product_brand","embeddable":true,"href":"https:\/\/smartcover.hu\/en\/wp-json\/wp\/v2\/product_brand?post=5397"},{"taxonomy":"product_cat","embeddable":true,"href":"https:\/\/smartcover.hu\/en\/wp-json\/wp\/v2\/product_cat?post=5397"},{"taxonomy":"product_tag","embeddable":true,"href":"https:\/\/smartcover.hu\/en\/wp-json\/wp\/v2\/product_tag?post=5397"}],"curies":[{"name":"wp","href":"https:\/\/api.w.org\/{rel}","templated":true}]}}