{"id":5394,"date":"2024-10-03T15:46:02","date_gmt":"2024-10-03T14:46:02","guid":{"rendered":"https:\/\/smartcover.hu\/?post_type=product&#038;p=5394"},"modified":"2024-10-03T21:31:35","modified_gmt":"2024-10-03T20:31:35","slug":"devia-mini-telefon-hatlapi-folia-nyomtato-36db-nyomtathato-folia","status":"publish","type":"product","link":"https:\/\/smartcover.hu\/en\/product\/devia-mini-telefon-hatlapi-folia-nyomtato-36db-nyomtathato-folia\/","title":{"rendered":"DEVIA mini telefon h\u00e1tlapi f\u00f3lia nyomtat\u00f3 + 36db nyomtathat\u00f3 f\u00f3lia"},"content":{"rendered":"<h3>\u00a0 DEVIA term\u00e1l szublim\u00e1ci\u00f3s mini telefon h\u00e1tlapi f\u00f3lia nyomtat\u00f3<\/h3>\n<p>A Devia term\u00e1l szublim\u00e1ci\u00f3s telefon h\u00e1tlapi nyomtat\u00f3 egy innovat\u00edv eszk\u00f6z, amely lehet\u0151v\u00e9 teszi, hogy szem\u00e9lyre szabott \u00e9s kiv\u00e1l\u00f3 min\u0151s\u00e9g\u0171 nyomatokat k\u00e9sz\u00edts mobiltelefonod h\u00e1tlapj\u00e1ra.<\/p>\n<p>A term\u00e1l szublim\u00e1ci\u00f3s technol\u00f3gia r\u00e9v\u00e9n \u00e9l\u00e9nk, tart\u00f3s \u00e9s r\u00e9szletgazdag nyomatok k\u00e9sz\u00edthet\u0151k, amelyek ellen\u00e1llnak a kop\u00e1snak \u00e9s a fakul\u00e1snak. Kompakt kialak\u00edt\u00e1sa \u00e9s k\u00f6nny\u0171 kezelhet\u0151s\u00e9ge miatt ide\u00e1lis v\u00e1laszt\u00e1s mindazoknak, akik szeretn\u00e9k egyediv\u00e9 tenni telefonjukat egy gyors \u00e9s egyszer\u0171 nyomtat\u00e1si folyamattal.<\/p>\n<p>A Devia nyomtat\u00f3 kompatibilis sz\u00e1mos telefonmodellel, \u00edgy b\u00e1rki \u00e9lvezheti a kreativit\u00e1s szabads\u00e1g\u00e1t!<\/p>","protected":false},"excerpt":{"rendered":"<p>\u00a0 DEVIA term\u00e1l szublim\u00e1ci\u00f3s mini telefon h\u00e1tlapi f\u00f3lia nyomtat\u00f3 A Devia term\u00e1l szublim\u00e1ci\u00f3s telefon h\u00e1tlapi nyomtat\u00f3 egy innovat\u00edv eszk\u00f6z, amely lehet\u0151v\u00e9 teszi, hogy szem\u00e9lyre szabott&#8230;<\/p>","protected":false},"featured_media":5395,"template":"","meta":[],"etheme_brands":[],"product_brand":[],"product_cat":[20,17,25],"product_tag":[],"class_list":{"0":"post-5394","1":"product","2":"type-product","3":"status-publish","4":"has-post-thumbnail","6":"product_cat-devia-vago-gep","7":"product_cat-devia","8":"product_cat-legujabb-termekek","10":"first","11":"instock","12":"taxable","13":"shipping-taxable","14":"product-type-simple"},"_links":{"self":[{"href":"https:\/\/smartcover.hu\/en\/wp-json\/wp\/v2\/product\/5394","targetHints":{"allow":["GET"]}}],"collection":[{"href":"https:\/\/smartcover.hu\/en\/wp-json\/wp\/v2\/product"}],"about":[{"href":"https:\/\/smartcover.hu\/en\/wp-json\/wp\/v2\/types\/product"}],"version-history":[{"count":0,"href":"https:\/\/smartcover.hu\/en\/wp-json\/wp\/v2\/product\/5394\/revisions"}],"wp:featuredmedia":[{"embeddable":true,"href":"https:\/\/smartcover.hu\/en\/wp-json\/wp\/v2\/media\/5395"}],"wp:attachment":[{"href":"https:\/\/smartcover.hu\/en\/wp-json\/wp\/v2\/media?parent=5394"}],"wp:term":[{"taxonomy":"brand","embeddable":true,"href":"https:\/\/smartcover.hu\/en\/wp-json\/wp\/v2\/etheme_brands?post=5394"},{"taxonomy":"product_brand","embeddable":true,"href":"https:\/\/smartcover.hu\/en\/wp-json\/wp\/v2\/product_brand?post=5394"},{"taxonomy":"product_cat","embeddable":true,"href":"https:\/\/smartcover.hu\/en\/wp-json\/wp\/v2\/product_cat?post=5394"},{"taxonomy":"product_tag","embeddable":true,"href":"https:\/\/smartcover.hu\/en\/wp-json\/wp\/v2\/product_tag?post=5394"}],"curies":[{"name":"wp","href":"https:\/\/api.w.org\/{rel}","templated":true}]}}