{"id":4396,"date":"2024-03-20T16:57:54","date_gmt":"2024-03-20T15:57:54","guid":{"rendered":"https:\/\/smartcover.hu\/?post_type=product&#038;p=4396"},"modified":"2024-10-03T21:31:38","modified_gmt":"2024-10-03T20:31:38","slug":"devia-grs-matt-intelligens-hidrogel-folia-telefonokra-1db","status":"publish","type":"product","link":"https:\/\/smartcover.hu\/en\/product\/devia-grs-matt-intelligens-hidrogel-folia-telefonokra-1db\/","title":{"rendered":"Devia GRS MATT Intelligens Hidrog\u00e9l f\u00f3lia telefonokra 1db"},"content":{"rendered":"<h2>Devia GRS MATT Intelligens Hidrog\u00e9l f\u00f3lia telefonokra 1db<\/h2>\n<p>Term\u00e9kbemutat\u00f3: Devia GRS MATT Intelligens Hidrog\u00e9l F\u00f3lia<\/p>\n<div class=\"flex-1 overflow-hidden\">\n<div class=\"react-scroll-to-bottom--css-uojnj-79elbk h-full\">\n<div class=\"react-scroll-to-bottom--css-uojnj-1n7m0yu\">\n<div class=\"flex flex-col text-sm pb-9\">\n<div class=\"w-full text-token-text-primary\" data-testid=\"conversation-turn-3\">\n<div class=\"px-4 py-2 justify-center text-base md:gap-6 m-auto\">\n<div class=\"flex flex-1 text-base mx-auto gap-3 md:px-5 lg:px-1 xl:px-5 md:max-w-3xl lg:max-w-[40rem] xl:max-w-[48rem] group final-completion\">\n<div class=\"relative flex w-full flex-col agent-turn\">\n<div class=\"flex-col gap-1 md:gap-3\">\n<div class=\"flex flex-grow flex-col max-w-full\">\n<div class=\"min-h-[20px] text-message flex flex-col items-start gap-3 whitespace-pre-wrap break-words [.text-message+&amp;]:mt-5 overflow-x-auto\" data-message-author-role=\"assistant\" data-message-id=\"82e76c51-d83e-4f58-98f3-2fb8ba90bc20\">\n<div class=\"markdown prose w-full break-words dark:prose-invert light\">\n<p>\u00dcdv\u00f6z\u00f6lj\u00fck a j\u00f6v\u0151 gener\u00e1ci\u00f3s v\u00e9delem vil\u00e1g\u00e1ban! Bemutatjuk \u00d6nnek a Devia GRS MATT Intelligens Hidrog\u00e9l F\u00f3li\u00e1t, a leg\u00fajabb technol\u00f3gia cs\u00facs\u00e1t, amely \u00faj ir\u00e1nyt mutat a k\u00e9sz\u00fcl\u00e9kv\u00e9delem ter\u00e9n. A Devia GRS MATT intelligens hidrog\u00e9l f\u00f3lia egy forradalmian \u00faj megk\u00f6zel\u00edt\u00e9st k\u00edn\u00e1l a mobiltelefonok \u00e9s okostelefonok kijelz\u0151j\u00e9nek v\u00e9delm\u00e9re, mik\u00f6zben megtartja a k\u00e9sz\u00fcl\u00e9k eredeti diz\u00e1jnj\u00e1t \u00e9s \u00e9rint\u00e9s\u00e9rz\u00e9kenys\u00e9g\u00e9t.<\/p>\n<p>Ezt a f\u00f3li\u00e1t a legmodernebb nanotechnol\u00f3gi\u00e1val fejlesztett\u00e9k ki, \u00e9s kiz\u00e1r\u00f3lagosan a legmagasabb min\u0151s\u00e9g\u0171 anyagokb\u00f3l k\u00e9sz\u00fclt. A hidrog\u00e9l anyag egyed\u00fcl\u00e1ll\u00f3 tulajdons\u00e1gokkal rendelkezik, amelyek lehet\u0151v\u00e9 teszik, hogy a kijelz\u0151 t\u00f6k\u00e9letesen v\u00e9dett legyen a karcol\u00e1sokt\u00f3l, \u00fct\u00e9sekt\u0151l \u00e9s m\u00e1s k\u00e1ros hat\u00e1sokt\u00f3l.<\/p>\n<p>A Devia GRS MATT Intelligens Hidrog\u00e9l F\u00f3lia el\u0151nyei k\u00f6z\u00e9 tartozik:<\/p>\n<ol>\n<li><strong>Kiv\u00e9teles v\u00e9delem:<\/strong> A hidrog\u00e9l anyag rugalmass\u00e1ga \u00e9s tart\u00f3ss\u00e1ga biztos\u00edtja, hogy a k\u00e9sz\u00fcl\u00e9k kijelz\u0151je teljes v\u00e9delmet \u00e9lvezzen a mindennapi k\u00e1ros hat\u00e1sok ellen.<\/li>\n<li><strong>\u00c9rint\u00e9s\u00e9rz\u00e9kenys\u00e9g:<\/strong> A f\u00f3lia v\u00e9kony kialak\u00edt\u00e1sa lehet\u0151v\u00e9 teszi, hogy a k\u00e9sz\u00fcl\u00e9k \u00e9rint\u00e9s\u00e9rz\u00e9kenys\u00e9ge v\u00e1ltozatlan maradjon, \u00edgy tov\u00e1bbra is \u00e9lvezheti a sima \u00e9s k\u00e9nyelmes haszn\u00e1latot.<\/li>\n<li><strong>Anti-Fingerprint bevonat:<\/strong> A bevonatnak k\u00f6sz\u00f6nhet\u0151en a f\u00f3lia ellen\u00e1ll a zs\u00edros ujjlenyomatoknak \u00e9s a szennyez\u0151d\u00e9seknek, \u00edgy mindig tiszta \u00e9s \u00e1tl\u00e1tsz\u00f3 marad a kijelz\u0151.<\/li>\n<li><strong>Bubor\u00e9kmentes telep\u00edt\u00e9s:<\/strong> A f\u00f3lia telep\u00edt\u00e9se egyszer\u0171 \u00e9s bubor\u00e9kmentes, \u00edgy k\u00f6nnyen \u00e9s gyorsan felhelyezhet\u0151 a k\u00e9sz\u00fcl\u00e9k kijelz\u0151j\u00e9re.<\/li>\n<li><strong>Optim\u00e1lis illeszked\u00e9s:<\/strong> A f\u00f3lia prec\u00edzen illeszkedik a k\u00e9sz\u00fcl\u00e9k kijelz\u0151j\u00e9hez, \u00edgy minden szegletben \u00e9s \u00e9lb\u0151l t\u00f6k\u00e9letesen v\u00e9detts\u00e9get biztos\u00edt.<\/li>\n<\/ol>\n<p>A Devia GRS MATT Intelligens Hidrog\u00e9l F\u00f3lia minden olyan felhaszn\u00e1l\u00f3 sz\u00e1m\u00e1ra ide\u00e1lis v\u00e1laszt\u00e1s, aki \u00e9rt\u00e9keli k\u00e9sz\u00fcl\u00e9k\u00e9nek v\u00e9delm\u00e9t \u00e9s az eredeti diz\u00e1jn meg\u0151rz\u00e9s\u00e9t. Ne hagyja, hogy a k\u00e9sz\u00fcl\u00e9k kijelz\u0151je s\u00e9r\u00fclj\u00f6n vagy karcol\u00f3djon, v\u00e1lassza a Devia GRS MATT Intelligens Hidrog\u00e9l F\u00f3li\u00e1t, \u00e9s fedezze fel a t\u00f6k\u00e9letes v\u00e9delem \u00e9s funkcionalit\u00e1s \u00faj szintj\u00e9t!<\/p>\n<\/div>\n<\/div>\n<\/div>\n<\/div>\n<\/div>\n<\/div>\n<\/div>\n<\/div>\n<\/div>\n<\/div>\n<\/div>\n<\/div>\n<p>&#8220;Fedezze fel a piac leg\u00fajabb v\u00e9d\u0151f\u00f3li\u00e1j\u00e1t&#8221;<\/p>\n<p>Automatikus jav\u00edt\u00e1s<\/p>\n<p>Karc\u00e1ll\u00f3<\/p>\n<p>\u00dct\u00e9s\u00e1ll\u00f3<\/p>\n<p>Ujjlenyomat-felismer\u00e9s bar\u00e1t<\/p>\n<p>T\u00f6k\u00e9letes illeszked\u00e9s<\/p>\n<p>&nbsp;<\/p>\n<p>A Devia szilikon f\u00f3lia a legpraktikusabban \u00e9s leggyorsabban r\u00f6gz\u00edthet\u0151 f\u00f3lia.<\/p>\n<p>&nbsp;<\/p>\n<p><strong>A pozicion\u00e1l\u00e1shoz nincs sz\u00fcks\u00e9g g\u00e9lre, <\/strong><\/p>\n<p><strong>ami a mi szempontunkb\u00f3l a legsokoldal\u00fabb \u00e9s legtiszt\u00e1bb f\u00f3li\u00e1t jelenti a felszerel\u00e9s ut\u00e1n.<\/strong><\/p>\n<p>&nbsp;<\/p>\n<p>Csak az zavarhat, hogy a k\u00e9perny\u0151 k\u00f6zep\u00e9n marad egy nagyon finom vonal, de n\u00e9h\u00e1ny nap m\u00falva elt\u0171nik.<\/p>\n<p>A f\u00f3lia fel\u00e9nek leh\u00faz\u00e1s\u00e1val hajtj\u00e1k v\u00e9gre (az els\u0151 l\u00e9p\u00e9s, amely ut\u00e1n a m\u00e1sodik fel\u00e9t ragasztj\u00e1k).<\/p>\n<p>Ezt a szilikon f\u00f3li\u00e1t javasoljuk, amely id\u0151ben a legellen\u00e1ll\u00f3bb \u00e9s nem h\u00e1mlik le.<\/p>\n<p>&nbsp;<\/p>\n<p>A k\u00e9p csak azt a f\u00f3li\u00e1t \u00e1br\u00e1zolja, amelyb\u0151l a v\u00e1g\u00f3 g\u00e9p kiv\u00e1gja a v\u00e9gs\u0151 m\u00e9retet!<\/p>\n<p>&nbsp;<\/p>\n<p>Smart HD hidrog\u00e9l f\u00f3lia<\/p>\n<p>Fedezzen fel egy rendk\u00edv\u00fcl er\u0151s 0,13 mm-es k\u00e9perny\u0151v\u00e9d\u0151t<\/p>\n<p>&nbsp;<\/p>\n<p>A Smart Hydrogel HD sorozat lehet\u0151v\u00e9 teszi, hogy kiv\u00e1l\u00f3 min\u0151s\u00e9g\u0171 term\u00e9keket \u00e9lvezhessen,<\/p>\n<p>amely az okostelefon minden r\u00e9sz\u00e9nek v\u00e9delm\u00e9t szolg\u00e1lja, mind el\u00f6l, mind h\u00e1tul.<\/p>\n<p>&nbsp;<\/p>\n<p>Adjon teljes v\u00e9delmet k\u00e9sz\u00fcl\u00e9k\u00e9nek. Az OEM Devia Gel a f\u00f3lia leg\u00fajabb gener\u00e1ci\u00f3ja,<\/p>\n<p>ide\u00e1lis a lekerek\u00edtett k\u00e9perny\u0151kh\u00f6z.<\/p>\n<p>&nbsp;<\/p>\n<p>A bor\u00edt\u00f3 kellemes tapint\u00e1s\u00fa, \u00e9s nem befoly\u00e1solja a k\u00e9sz\u00fcl\u00e9k m\u0171k\u00f6d\u00e9s\u00e9t.<\/p>\n<p>&nbsp;<\/p>\n<p>Nagyon j\u00f3 tapint\u00e1si \u00e9lm\u00e9nyt k\u00edn\u00e1l. Elnyeli az \u00fct\u00e9seket \u00e9s \u00f6nregener\u00e1l\u00f3 funkci\u00f3kkal rendelkezik.<\/p>\n<p>Nem befoly\u00e1solja a megjelen\u00edtett k\u00e9p min\u0151s\u00e9g\u00e9t.\u00a0 A telep\u00edt\u00e9s nagyon egyszer\u0171 \u00e9s h\u00e1rom l\u00e9p\u00e9sb\u0151l \u00e1ll.<\/p>\n<p>\u00d6ngy\u00f3gyit\u00f3 karc \u00e9s \u00fct\u00e9s\u00e1ll\u00f3 f\u00f3lia telefonokra 1db<\/p>\n<p>A hidrog\u00e9l \u00f6sszet\u00e9tele (v\u00edz + k\u00fcl\u00f6nb\u00f6z\u0151 polimerek) miatt a f\u00f3lia karcol\u00e1sa neh\u00e9z vagy lehetetlen folyamat;<\/p>\n<p>Az alkalmaz\u00e1si technol\u00f3gia korl\u00e1tozza a porszemcs\u00e9k befogad\u00e1s\u00e1t.<\/p>\n<p>F\u00f3lia nagy \u00e1tl\u00e1tsz\u00f3s\u00e1ggal rendelkezik(99,9%).<\/p>\n<p>Elnyeli az \u00fct\u00e9seket \u00e9s az apr\u00f3 karcol\u00e1sokat, hossz\u00fa ideig meg\u0151rizve \u00faj megjelen\u00e9s\u00e9t.<\/p>\n<p align=\"center\"><a href=\"https:\/\/smartcover.hu\/utmutato\/\">Tov\u00e1bbi inform\u00e1ci\u00f3k\u00e9rt l\u00e9pjen kapcsolatba vel\u00fcnk.<\/a><\/p>\n<p style=\"text-align: center;\" align=\"center\">Email : <a href=\"mailto:office@smartcover.hu\">office@smartcover.hu<\/a><\/p>\n<p style=\"text-align: center;\" align=\"center\"><strong>Tel: <span class=\"topbar-content\">+36705434343 <\/span> <\/strong><\/p>\n<p style=\"text-align: center;\"><a href=\"https:\/\/www.facebook.com\/smartcover2020\" target=\"_blank\" rel=\"noopener noreferrer\"><b>Facebook<\/b><\/a><\/p>\n<p>&nbsp;<\/p>\n<p>&nbsp;<\/p>\n<p>&nbsp;<\/p>\n","protected":false},"excerpt":{"rendered":"<p>Devia GRS MATT Intelligens Hidrog\u00e9l f\u00f3lia telefonokra 1db Term\u00e9kbemutat\u00f3: Devia GRS MATT Intelligens Hidrog\u00e9l F\u00f3lia \u00dcdv\u00f6z\u00f6lj\u00fck a j\u00f6v\u0151 gener\u00e1ci\u00f3s v\u00e9delem vil\u00e1g\u00e1ban! Bemutatjuk \u00d6nnek a Devia&#8230;<\/p>","protected":false},"featured_media":4393,"template":"","meta":[],"etheme_brands":[],"product_brand":[],"product_cat":[17,19,25],"product_tag":[],"class_list":{"0":"post-4396","1":"product","2":"type-product","3":"status-publish","4":"has-post-thumbnail","6":"product_cat-devia","7":"product_cat-elolapi-folia","8":"product_cat-legujabb-termekek","10":"first","11":"instock","12":"taxable","13":"shipping-taxable","14":"product-type-simple"},"_links":{"self":[{"href":"https:\/\/smartcover.hu\/en\/wp-json\/wp\/v2\/product\/4396","targetHints":{"allow":["GET"]}}],"collection":[{"href":"https:\/\/smartcover.hu\/en\/wp-json\/wp\/v2\/product"}],"about":[{"href":"https:\/\/smartcover.hu\/en\/wp-json\/wp\/v2\/types\/product"}],"version-history":[{"count":0,"href":"https:\/\/smartcover.hu\/en\/wp-json\/wp\/v2\/product\/4396\/revisions"}],"wp:featuredmedia":[{"embeddable":true,"href":"https:\/\/smartcover.hu\/en\/wp-json\/wp\/v2\/media\/4393"}],"wp:attachment":[{"href":"https:\/\/smartcover.hu\/en\/wp-json\/wp\/v2\/media?parent=4396"}],"wp:term":[{"taxonomy":"brand","embeddable":true,"href":"https:\/\/smartcover.hu\/en\/wp-json\/wp\/v2\/etheme_brands?post=4396"},{"taxonomy":"product_brand","embeddable":true,"href":"https:\/\/smartcover.hu\/en\/wp-json\/wp\/v2\/product_brand?post=4396"},{"taxonomy":"product_cat","embeddable":true,"href":"https:\/\/smartcover.hu\/en\/wp-json\/wp\/v2\/product_cat?post=4396"},{"taxonomy":"product_tag","embeddable":true,"href":"https:\/\/smartcover.hu\/en\/wp-json\/wp\/v2\/product_tag?post=4396"}],"curies":[{"name":"wp","href":"https:\/\/api.w.org\/{rel}","templated":true}]}}