{"id":4306,"date":"2024-03-07T08:08:10","date_gmt":"2024-03-07T07:08:10","guid":{"rendered":"https:\/\/smartcover.hu\/?post_type=product&#038;p=4306"},"modified":"2024-10-03T21:31:39","modified_gmt":"2024-10-03T20:31:39","slug":"devia-fold-hydrogel-folia-osszehajthato-kepernyohoz-20-darabos-szett","status":"publish","type":"product","link":"https:\/\/smartcover.hu\/en\/product\/devia-fold-hydrogel-folia-osszehajthato-kepernyohoz-20-darabos-szett\/","title":{"rendered":"Devia FOLD hydrog\u00e9l f\u00f3lia \u00f6sszehajthat\u00f3 k\u00e9perny\u0151h\u00f6z 20 darabos szett"},"content":{"rendered":"<h2>Devia FOLD hydrog\u00e9l f\u00f3lia \u00f6sszehajthat\u00f3 k\u00e9perny\u0151h\u00f6z 20 darabos szett<\/h2>\n<p>&#8220;Fedezze fel a piac leg\u00fajabb v\u00e9d\u0151f\u00f3li\u00e1j\u00e1t&#8221;<\/p>\n<p>Automatikus jav\u00edt\u00e1s 2 \u00f3ra alatt<\/p>\n<p>Karc\u00e1ll\u00f3<\/p>\n<p>\u00dct\u00e9s\u00e1ll\u00f3<\/p>\n<p>Ujjlenyomat-felismer\u00e9s bar\u00e1t<\/p>\n<p>T\u00f6k\u00e9letes illeszked\u00e9s<\/p>\n<p>&nbsp;<\/p>\n<p>Ez a f\u00f3lia kifejezetten az \u00f6sszehajthat\u00f3 k\u00e9perny\u0151k sz\u00e1m\u00e1ra lett tervezve , hogy megfeleljen azok egyedi ig\u00e9nyeinek \u00e9s form\u00e1j\u00e1nak.<\/p>\n<p>Az ultra-v\u00e9kony, intelligens TPU anyagb\u00f3l k\u00e9sz\u00fclt f\u00f3lia rendk\u00edv\u00fcl puha \u00e9s rugalmas, \u00edgy t\u00f6k\u00e9letesen illeszkedik a k\u00e9perny\u0151h\u00f6z, an\u00e9lk\u00fcl, hogy akad\u00e1lyozn\u00e1 az \u00f6sszehajthat\u00f3 mechanizmus m\u0171k\u00f6d\u00e9s\u00e9t.<\/p>\n<p>A Devia \u00d6sszehajthat\u00f3 K\u00e9perny\u0151 F\u00f3lia nemcsak v\u00e9delmet ny\u00fajt a karcol\u00e1sok \u00e9s ujjlenyomatok ellen, hanem seg\u00edt meg\u0151rizni az \u00e9les k\u00e9pmin\u0151s\u00e9get \u00e9s \u00e9rint\u00e9si \u00e9rz\u00e9kenys\u00e9get is.<\/p>\n<p>K\u00f6nnyen felhelyezhet\u0151 \u00e9s elt\u00e1vol\u00edthat\u00f3, an\u00e9lk\u00fcl, hogy maradna rajta ragad\u00f3 nyom vagy bubor\u00e9k.<\/p>\n<p>Legyen sz\u00f3 mindennapi haszn\u00e1latr\u00f3l vagy k\u00fcl\u00f6nleges alkalmakr\u00f3l, a Devia \u00d6sszehajthat\u00f3 K\u00e9perny\u0151 F\u00f3lia garant\u00e1ltan megteszi a dolg\u00e1t.<\/p>\n<p>V\u00e9dd okostelefonod \u00e9rt\u00e9kes \u00f6sszehajthat\u00f3 k\u00e9perny\u0151j\u00e9t \u00e9s tartsd azt tiszt\u00e1n \u00e9s f\u00e9nyesen minden k\u00f6r\u00fclm\u00e9nyek k\u00f6z\u00f6tt.<\/p>\n<p>&nbsp;<\/p>\n<p>A k\u00e9p csak azt a f\u00f3li\u00e1t \u00e1br\u00e1zolja, amelyb\u0151l a v\u00e1g\u00f3 g\u00e9p kiv\u00e1gja a v\u00e9gs\u0151 m\u00e9retet!<\/p>\n<p>&nbsp;<\/p>\n<p>Smart HD hidrog\u00e9l f\u00f3lia<\/p>\n<p>Fedezzen fel egy rendk\u00edv\u00fcl er\u0151s 0,15 mm-es k\u00e9perny\u0151v\u00e9d\u0151t<\/p>\n<p>&nbsp;<\/p>\n<p>A Smart Hydrogel HD sorozat lehet\u0151v\u00e9 teszi, hogy kiv\u00e1l\u00f3 min\u0151s\u00e9g\u0171 term\u00e9keket \u00e9lvezhessen,<\/p>\n<p>amely az okostelefon minden r\u00e9sz\u00e9nek v\u00e9delm\u00e9t szolg\u00e1lja, mind el\u00f6l, mind h\u00e1tul.<\/p>\n<p>&nbsp;<\/p>\n<p>Adjon teljes v\u00e9delmet k\u00e9sz\u00fcl\u00e9k\u00e9nek. Az OEM Devia Gel a f\u00f3lia leg\u00fajabb gener\u00e1ci\u00f3ja,<\/p>\n<p>ide\u00e1lis a lekerek\u00edtett k\u00e9perny\u0151kh\u00f6z.<\/p>\n<p>&nbsp;<\/p>\n<p>A bor\u00edt\u00f3 kellemes tapint\u00e1s\u00fa, \u00e9s nem befoly\u00e1solja a k\u00e9sz\u00fcl\u00e9k m\u0171k\u00f6d\u00e9s\u00e9t.<\/p>\n<p>&nbsp;<\/p>\n<p>Nagyon j\u00f3 tapint\u00e1si \u00e9lm\u00e9nyt k\u00edn\u00e1l. Elnyeli az \u00fct\u00e9seket \u00e9s \u00f6nregener\u00e1l\u00f3 funkci\u00f3kkal rendelkezik.<\/p>\n<p>Nem befoly\u00e1solja a megjelen\u00edtett k\u00e9p min\u0151s\u00e9g\u00e9t.\u00a0 A telep\u00edt\u00e9s nagyon egyszer\u0171 \u00e9s h\u00e1rom l\u00e9p\u00e9sb\u0151l \u00e1ll.<\/p>\n<p>\u00d6ngy\u00f3gyit\u00f3 karc \u00e9s \u00fct\u00e9s\u00e1ll\u00f3 f\u00f3lia telefonokra 1db<\/p>\n<p>A hidrog\u00e9l \u00f6sszet\u00e9tele (v\u00edz + k\u00fcl\u00f6nb\u00f6z\u0151 polimerek) miatt a f\u00f3lia karcol\u00e1sa neh\u00e9z vagy lehetetlen folyamat;<\/p>\n<p>Az alkalmaz\u00e1si technol\u00f3gia korl\u00e1tozza a porszemcs\u00e9k befogad\u00e1s\u00e1t.<\/p>\n<p>F\u00f3lia nagy \u00e1tl\u00e1tsz\u00f3s\u00e1ggal rendelkezik(99,9%).<\/p>\n<p>Elnyeli az \u00fct\u00e9seket \u00e9s az apr\u00f3 karcol\u00e1sokat, hossz\u00fa ideig meg\u0151rizve \u00faj megjelen\u00e9s\u00e9t.<\/p>\n<p align=\"center\"><a href=\"https:\/\/smartcover.hu\/en\/utmutato\/\">Tov\u00e1bbi inform\u00e1ci\u00f3k\u00e9rt l\u00e9pjen kapcsolatba vel\u00fcnk.<\/a><\/p>\n<p style=\"text-align: center;\" align=\"center\">Email : <a href=\"mailto:office@smartcover.hu\">office@smartcover.hu<\/a><\/p>\n<p style=\"text-align: center;\" align=\"center\"><strong>Tel: <span class=\"topbar-content\">+36705434343<\/span> \u00a0<\/strong><\/p>\n<p style=\"text-align: center;\"><a href=\"https:\/\/www.facebook.com\/smartcover2020\" target=\"_blank\" rel=\"noopener noreferrer\"><b>Facebook<\/b><\/a><\/p>\n<p>&nbsp;<\/p>\n<p>&nbsp;<\/p>\n<p>&nbsp;<\/p>","protected":false},"excerpt":{"rendered":"<p>Devia FOLD hydrog\u00e9l f\u00f3lia \u00f6sszehajthat\u00f3 k\u00e9perny\u0151h\u00f6z 20 darabos szett &#8220;Fedezze fel a piac leg\u00fajabb v\u00e9d\u0151f\u00f3li\u00e1j\u00e1t&#8221; Automatikus jav\u00edt\u00e1s 2 \u00f3ra alatt Karc\u00e1ll\u00f3 \u00dct\u00e9s\u00e1ll\u00f3 Ujjlenyomat-felismer\u00e9s bar\u00e1t T\u00f6k\u00e9letes&#8230;<\/p>","protected":false},"featured_media":4307,"template":"","meta":[],"etheme_brands":[],"product_brand":[],"product_cat":[17,19],"product_tag":[],"class_list":{"0":"post-4306","1":"product","2":"type-product","3":"status-publish","4":"has-post-thumbnail","6":"product_cat-devia","7":"product_cat-elolapi-folia","9":"first","10":"instock","11":"taxable","12":"shipping-taxable","13":"product-type-simple"},"_links":{"self":[{"href":"https:\/\/smartcover.hu\/en\/wp-json\/wp\/v2\/product\/4306","targetHints":{"allow":["GET"]}}],"collection":[{"href":"https:\/\/smartcover.hu\/en\/wp-json\/wp\/v2\/product"}],"about":[{"href":"https:\/\/smartcover.hu\/en\/wp-json\/wp\/v2\/types\/product"}],"version-history":[{"count":0,"href":"https:\/\/smartcover.hu\/en\/wp-json\/wp\/v2\/product\/4306\/revisions"}],"wp:featuredmedia":[{"embeddable":true,"href":"https:\/\/smartcover.hu\/en\/wp-json\/wp\/v2\/media\/4307"}],"wp:attachment":[{"href":"https:\/\/smartcover.hu\/en\/wp-json\/wp\/v2\/media?parent=4306"}],"wp:term":[{"taxonomy":"brand","embeddable":true,"href":"https:\/\/smartcover.hu\/en\/wp-json\/wp\/v2\/etheme_brands?post=4306"},{"taxonomy":"product_brand","embeddable":true,"href":"https:\/\/smartcover.hu\/en\/wp-json\/wp\/v2\/product_brand?post=4306"},{"taxonomy":"product_cat","embeddable":true,"href":"https:\/\/smartcover.hu\/en\/wp-json\/wp\/v2\/product_cat?post=4306"},{"taxonomy":"product_tag","embeddable":true,"href":"https:\/\/smartcover.hu\/en\/wp-json\/wp\/v2\/product_tag?post=4306"}],"curies":[{"name":"wp","href":"https:\/\/api.w.org\/{rel}","templated":true}]}}