{"id":3602,"date":"2023-10-06T09:01:28","date_gmt":"2023-10-06T08:01:28","guid":{"rendered":"https:\/\/smartcover.hu\/?post_type=product&#038;p=3602"},"modified":"2025-08-26T10:38:14","modified_gmt":"2025-08-26T09:38:14","slug":"smartcover-beepitett-kijelzos-folia-vago-gep-50db-telefon-folia","status":"publish","type":"product","link":"https:\/\/smartcover.hu\/en\/product\/smartcover-beepitett-kijelzos-folia-vago-gep-50db-telefon-folia\/","title":{"rendered":"SMARTCOVER  be\u00e9p\u00edtett kijelz\u0151s f\u00f3lia v\u00e1g\u00f3 g\u00e9p + 50db telefon f\u00f3lia"},"content":{"rendered":"<h2>A\u00a0 SMARTCOVER f\u00f3lia v\u00e1g\u00f3 g\u00e9p el\u0151nye, hogy azonnali v\u00e9d\u0151f\u00f3li\u00e1t \u00e1ll\u00edt el\u0151 a piacon l\u00e9v\u0151 b\u00e1rmely okostelefonra, \u00f3r\u00e1ra, stb.<\/h2>\n<div style=\"width: 640px;\" class=\"wp-video\"><video class=\"wp-video-shortcode\" id=\"video-3602-1\" width=\"640\" height=\"368\" preload=\"metadata\" controls=\"controls\"><source type=\"video\/mp4\" src=\"https:\/\/smartcover.hu\/wp-content\/uploads\/2023\/10\/VID-20230814-WA0001.mp4?_=1\" \/><a href=\"https:\/\/smartcover.hu\/wp-content\/uploads\/2023\/10\/VID-20230814-WA0001.mp4\">https:\/\/smartcover.hu\/wp-content\/uploads\/2023\/10\/VID-20230814-WA0001.mp4<\/a><\/video><\/div>\n<p>\u27a2 T\u00f6bb mint 20000 modell<\/p>\n<p>\u27a2 Egy k\u00e9szlet<\/p>\n<p>\u27a2 \u00d6n \u00e1ltal v\u00e1gott Az \u00fczletben, a helysz\u00ednen<\/p>\n<p>\u27a2 Csak 10 m\u00e1sodperc<\/p>\n<p>\u27a2 B\u00e1rmely telefon \/ \u00f3ra modellhez stb<\/p>\n<p>A SMARTCOVER leegyszer\u0171s\u00edti az elj\u00e1r\u00e1sokat: a k\u00e9perny\u0151v\u00e9d\u0151 f\u00f3lia megv\u00e1s\u00e1rl\u00e1sa, lelt\u00e1roz\u00e1sa,<\/p>\n<p>n\u00e9pszer\u0171s\u00edt\u00e9se \u00e9s elad\u00e1sa,valamint a nem l\u00e9tez\u0151 rakt\u00e1ri poz\u00edci\u00f3k fedez\u00e9s\u00e9re szolg\u00e1l.<\/p>\n<p>Devia F\u00f3lia:<\/p>\n<p>\u27a2 Szinte l\u00e1thatatlan,\u00a0 k\u00e9tszer olyan v\u00e9kony, mint a legv\u00e9konyabb \u00fcveg.<\/p>\n<p>\u27a2 Jelent\u0151sen n\u00f6veli a k\u00e9perny\u0151 \u00fct\u00e9s- vagy karc\u00e1ll\u00f3s\u00e1g\u00e1t az \u00fcveghez k\u00e9pest.<\/p>\n<p>\u27a2 Az \u00fcveget\u0151l elt\u00e9r\u0151en nem fog t\u00f6rni.<\/p>\n<p>\u27a2 A h\u00e1tlapi f\u00f3li\u00e1k, a telefonkeretre is alkalmazhat\u00f3k, 360 fokos v\u00e9delmet biztositva igy ak\u00e1r<\/p>\n<p>a leg\u00fajabb modellekhez is!<\/p>\n<p>\u27a2 Egy k\u00e9szlet.<\/p>\n<p>&nbsp;<\/p>\n<p>R\u00e9szletek\u00e9rt k\u00e9rj\u00fck, ne habozzon kapcsolatba l\u00e9pni vel\u00fcnk!<\/p>\n<p align=\"center\"><a href=\"https:\/\/smartcover.hu\/en\/utmutato\/\">Tov\u00e1bbi inform\u00e1ci\u00f3k\u00e9rt l\u00e9pjen kapcsolatba vel\u00fcnk.<\/a><\/p>\n<p style=\"text-align: center;\" align=\"center\">Email : <a href=\"mailto:office@smartcover.hu\">office@smartcover.hu<\/a><\/p>\n<p style=\"text-align: center;\" align=\"center\"><strong>Tel: <span class=\"topbar-content\">+36705434343<\/span> \u00a0<\/strong><\/p>\n<p style=\"text-align: center;\"><a href=\"https:\/\/www.facebook.com\/smartcover2020\" target=\"_blank\" rel=\"noopener noreferrer\"><b>Facebook<\/b><\/a><\/p>\n<p>&nbsp;<\/p>","protected":false},"excerpt":{"rendered":"<p>A\u00a0 SMARTCOVER f\u00f3lia v\u00e1g\u00f3 g\u00e9p el\u0151nye, hogy azonnali v\u00e9d\u0151f\u00f3li\u00e1t \u00e1ll\u00edt el\u0151 a piacon l\u00e9v\u0151 b\u00e1rmely okostelefonra, \u00f3r\u00e1ra, stb. \u27a2 T\u00f6bb mint 20000 modell \u27a2 Egy&#8230;<\/p>","protected":false},"featured_media":6460,"template":"","meta":[],"etheme_brands":[],"product_brand":[],"product_cat":[17,20,40],"product_tag":[],"class_list":{"0":"post-3602","1":"product","2":"type-product","3":"status-publish","4":"has-post-thumbnail","6":"product_cat-devia","7":"product_cat-devia-vago-gep","8":"product_cat-smartcover","10":"first","11":"outofstock","12":"taxable","13":"shipping-taxable","14":"product-type-simple"},"_links":{"self":[{"href":"https:\/\/smartcover.hu\/en\/wp-json\/wp\/v2\/product\/3602","targetHints":{"allow":["GET"]}}],"collection":[{"href":"https:\/\/smartcover.hu\/en\/wp-json\/wp\/v2\/product"}],"about":[{"href":"https:\/\/smartcover.hu\/en\/wp-json\/wp\/v2\/types\/product"}],"version-history":[{"count":2,"href":"https:\/\/smartcover.hu\/en\/wp-json\/wp\/v2\/product\/3602\/revisions"}],"predecessor-version":[{"id":6930,"href":"https:\/\/smartcover.hu\/en\/wp-json\/wp\/v2\/product\/3602\/revisions\/6930"}],"wp:featuredmedia":[{"embeddable":true,"href":"https:\/\/smartcover.hu\/en\/wp-json\/wp\/v2\/media\/6460"}],"wp:attachment":[{"href":"https:\/\/smartcover.hu\/en\/wp-json\/wp\/v2\/media?parent=3602"}],"wp:term":[{"taxonomy":"brand","embeddable":true,"href":"https:\/\/smartcover.hu\/en\/wp-json\/wp\/v2\/etheme_brands?post=3602"},{"taxonomy":"product_brand","embeddable":true,"href":"https:\/\/smartcover.hu\/en\/wp-json\/wp\/v2\/product_brand?post=3602"},{"taxonomy":"product_cat","embeddable":true,"href":"https:\/\/smartcover.hu\/en\/wp-json\/wp\/v2\/product_cat?post=3602"},{"taxonomy":"product_tag","embeddable":true,"href":"https:\/\/smartcover.hu\/en\/wp-json\/wp\/v2\/product_tag?post=3602"}],"curies":[{"name":"wp","href":"https:\/\/api.w.org\/{rel}","templated":true}]}}