{"id":313,"date":"2020-11-24T10:28:50","date_gmt":"2020-11-24T10:28:50","guid":{"rendered":"http:\/\/smartcover.hu\/?post_type=product&#038;p=313"},"modified":"2024-10-03T21:39:46","modified_gmt":"2024-10-03T20:39:46","slug":"aurora-szivarvany-hatasu-hatlapi-folia","status":"publish","type":"product","link":"https:\/\/smartcover.hu\/en\/product\/aurora-szivarvany-hatasu-hatlapi-folia\/","title":{"rendered":"Aur\u00f3ra sziv\u00e1rv\u00e1ny hat\u00e1s\u00fa h\u00e1tlapi f\u00f3lia telefonokra 1db"},"content":{"rendered":"<h2>Aur\u00f3ra sziv\u00e1rv\u00e1ny hat\u00e1s\u00fa h\u00e1tlapi f\u00f3lia telefonokra 1db<\/h2>\n<p>AURORA h\u00e1tlapi sziv\u00e1rv\u00e1ny hat\u00e1s\u00fa hidrog\u00e9l f\u00f3lia telefonokra.<\/p>\n<p>Az Aurora sorozat hipnotikus hat\u00e1st kelt, amely minden alkalommal eml\u00e9keztet a sziv\u00e1rv\u00e1nyra, amikor a f\u00e9ny \u00e9ri az telefont.<\/p>\n<p>Hozzon l\u00e9tre egy egyedi \u00e9s \u00f6sszet\u00e9veszthetetlen diz\u00e1jnt.<\/p>\n<p>A f\u00f3li\u00e1t a h\u00e1toldal\u00e1ra helyezz\u00fck, garant\u00e1lva az eszk\u00f6z 100% -os v\u00e9delm\u00e9t.<\/p>\n<p align=\"center\"><a href=\"https:\/\/smartcover.hu\/en\/utmutato\/\">Tov\u00e1bbi inform\u00e1ci\u00f3k\u00e9rt l\u00e9pjen kapcsolatba vel\u00fcnk.<\/a><\/p>\n<p style=\"text-align: center;\" align=\"center\">Email : <a href=\"mailto:office@smartcover.hu\">office@smartcover.hu<\/a><\/p>\n<p style=\"text-align: center;\" align=\"center\"><strong>Tel: 06202990666\u00a0\u00a0<\/strong><\/p>\n<p style=\"text-align: center;\"><a href=\"https:\/\/www.facebook.com\/smartcover2020\" target=\"_blank\" rel=\"noopener noreferrer\"><b>Facebook<\/b><\/a><\/p>","protected":false},"excerpt":{"rendered":"<p>Aur\u00f3ra sziv\u00e1rv\u00e1ny hat\u00e1s\u00fa h\u00e1tlapi f\u00f3lia telefonokra 1db AURORA h\u00e1tlapi sziv\u00e1rv\u00e1ny hat\u00e1s\u00fa hidrog\u00e9l f\u00f3lia telefonokra. Az Aurora sorozat hipnotikus hat\u00e1st kelt, amely minden alkalommal eml\u00e9keztet a&#8230;<\/p>","protected":false},"featured_media":130,"template":"","meta":[],"etheme_brands":[],"product_brand":[],"product_cat":[17,18],"product_tag":[],"class_list":{"0":"post-313","1":"product","2":"type-product","3":"status-publish","4":"has-post-thumbnail","6":"product_cat-devia","7":"product_cat-folia","9":"first","10":"outofstock","11":"taxable","12":"shipping-taxable","13":"product-type-simple"},"_links":{"self":[{"href":"https:\/\/smartcover.hu\/en\/wp-json\/wp\/v2\/product\/313","targetHints":{"allow":["GET"]}}],"collection":[{"href":"https:\/\/smartcover.hu\/en\/wp-json\/wp\/v2\/product"}],"about":[{"href":"https:\/\/smartcover.hu\/en\/wp-json\/wp\/v2\/types\/product"}],"version-history":[{"count":1,"href":"https:\/\/smartcover.hu\/en\/wp-json\/wp\/v2\/product\/313\/revisions"}],"predecessor-version":[{"id":627,"href":"https:\/\/smartcover.hu\/en\/wp-json\/wp\/v2\/product\/313\/revisions\/627"}],"wp:featuredmedia":[{"embeddable":true,"href":"https:\/\/smartcover.hu\/en\/wp-json\/wp\/v2\/media\/130"}],"wp:attachment":[{"href":"https:\/\/smartcover.hu\/en\/wp-json\/wp\/v2\/media?parent=313"}],"wp:term":[{"taxonomy":"brand","embeddable":true,"href":"https:\/\/smartcover.hu\/en\/wp-json\/wp\/v2\/etheme_brands?post=313"},{"taxonomy":"product_brand","embeddable":true,"href":"https:\/\/smartcover.hu\/en\/wp-json\/wp\/v2\/product_brand?post=313"},{"taxonomy":"product_cat","embeddable":true,"href":"https:\/\/smartcover.hu\/en\/wp-json\/wp\/v2\/product_cat?post=313"},{"taxonomy":"product_tag","embeddable":true,"href":"https:\/\/smartcover.hu\/en\/wp-json\/wp\/v2\/product_tag?post=313"}],"curies":[{"name":"wp","href":"https:\/\/api.w.org\/{rel}","templated":true}]}}