{"id":2439,"date":"2022-09-21T15:23:28","date_gmt":"2022-09-21T14:23:28","guid":{"rendered":"https:\/\/smartcover.hu\/?post_type=product&#038;p=2439"},"modified":"2024-12-01T08:26:47","modified_gmt":"2024-12-01T07:26:47","slug":"devia-uv-karc-es-utesallo-folia-telefonokra-190-micronos-1db","status":"publish","type":"product","link":"https:\/\/smartcover.hu\/en\/product\/devia-uv-karc-es-utesallo-folia-telefonokra-190-micronos-1db\/","title":{"rendered":"Devia UV karc \u00e9s \u00fct\u00e9s\u00e1ll\u00f3 f\u00f3lia telefonokra 190 micronos 1db"},"content":{"rendered":"<h2>Devia UV karc \u00e9s \u00fct\u00e9s\u00e1ll\u00f3 f\u00f3lia telefonokra 190 micronos 1db<\/h2>\n<p>&#8220;Fedezze fel a piac leg\u00fajabb UV v\u00e9d\u0151f\u00f3li\u00e1j\u00e1t&#8221;<\/p>\n<p>Karc\u00e1ll\u00f3<\/p>\n<p>\u00dct\u00e9s\u00e1ll\u00f3<\/p>\n<p>Ujjlenyomat-felismer\u00e9s bar\u00e1t<\/p>\n<p>T\u00f6k\u00e9letes illeszked\u00e9s<\/p>\n<p>&nbsp;<\/p>\n<p>&nbsp;<\/p>\n<p>A Devia PET UV\u00a0 f\u00f3lia a legpraktikusabban \u00e9s leggyorsabban r\u00f6gz\u00edthet\u0151 f\u00f3lia.<\/p>\n<p>&nbsp;<\/p>\n<p><strong>A pozicion\u00e1l\u00e1shoz nincs sz\u00fcks\u00e9g g\u00e9lre, <\/strong><\/p>\n<p><strong>ami a mi szempontunkb\u00f3l a legsokoldal\u00fabb \u00e9s legtiszt\u00e1bb f\u00f3li\u00e1t jelenti a felszerel\u00e9s ut\u00e1n.<\/strong><\/p>\n<p>&nbsp;<\/p>\n<p>A f\u00f3lia fel\u00e9nek leh\u00faz\u00e1s\u00e1val hajtj\u00e1k v\u00e9gre (az els\u0151 l\u00e9p\u00e9s, amely ut\u00e1n a m\u00e1sodik fel\u00e9t ragasztj\u00e1k).<\/p>\n<p>Ezt az uv f\u00f3li\u00e1t javasoljuk, amely id\u0151ben a legellen\u00e1ll\u00f3bb \u00e9s nem h\u00e1mlik le.<\/p>\n<p>&nbsp;<\/p>\n<p>A k\u00e9p csak azt a f\u00f3li\u00e1t \u00e1br\u00e1zolja, amelyb\u0151l a v\u00e1g\u00f3 g\u00e9p kiv\u00e1gja a v\u00e9gs\u0151 m\u00e9retet!<\/p>\n<p>&nbsp;<\/p>\n<p>Inteligens Devia Uv f\u00f3lia<\/p>\n<p>Fedezzen fel egy rendk\u00edv\u00fcl er\u0151s 0,19 mm-es k\u00e9perny\u0151v\u00e9d\u0151t<\/p>\n<p>&nbsp;<\/p>\n<p>A Smart Hydrogel HD sorozat lehet\u0151v\u00e9 teszi, hogy kiv\u00e1l\u00f3 min\u0151s\u00e9g\u0171 term\u00e9keket \u00e9lvezhessen,<\/p>\n<p>amely az okostelefon minden r\u00e9sz\u00e9nek v\u00e9delm\u00e9t szolg\u00e1lja, mind el\u00f6l, mind h\u00e1tul.<\/p>\n<p>&nbsp;<\/p>\n<p>A bor\u00edt\u00f3 kellemes tapint\u00e1s\u00fa, \u00e9s nem befoly\u00e1solja a k\u00e9sz\u00fcl\u00e9k m\u0171k\u00f6d\u00e9s\u00e9t.<\/p>\n<p>&nbsp;<\/p>\n<p>Nagyon j\u00f3 tapint\u00e1si \u00e9lm\u00e9nyt k\u00edn\u00e1l. Elnyeli az \u00fct\u00e9seket \u00e9s \u00f6nregener\u00e1l\u00f3 funkci\u00f3kkal rendelkezik.<\/p>\n<p>Nem befoly\u00e1solja a megjelen\u00edtett k\u00e9p min\u0151s\u00e9g\u00e9t.\u00a0 A telep\u00edt\u00e9s nagyon egyszer\u0171 \u00e9s h\u00e1rom l\u00e9p\u00e9sb\u0151l \u00e1ll.<\/p>\n<p>Az alkalmaz\u00e1si technol\u00f3gia korl\u00e1tozza a porszemcs\u00e9k befogad\u00e1s\u00e1t.<\/p>\n<p>F\u00f3lia nagy \u00e1tl\u00e1tsz\u00f3s\u00e1ggal rendelkezik(99,9%).<\/p>\n<p>Elnyeli az \u00fct\u00e9seket \u00e9s az apr\u00f3 karcol\u00e1sokat, hossz\u00fa ideig meg\u0151rizve \u00faj megjelen\u00e9s\u00e9t.<\/p>\n<p align=\"center\"><a href=\"https:\/\/smartcover.hu\/en\/utmutato\/\">Tov\u00e1bbi inform\u00e1ci\u00f3k\u00e9rt l\u00e9pjen kapcsolatba vel\u00fcnk.<\/a><\/p>\n<p style=\"text-align: center;\" align=\"center\">Email : <a href=\"mailto:office@smartcover.hu\">office@smartcover.hu<\/a><\/p>\n<p style=\"text-align: center;\" align=\"center\"><strong>Tel: 06202990666\u00a0\u00a0<\/strong><\/p>\n<p style=\"text-align: center;\"><a href=\"https:\/\/www.facebook.com\/smartcover2020\" target=\"_blank\" rel=\"noopener noreferrer\"><b>Facebook<\/b><\/a><\/p>\n<p>&nbsp;<\/p>\n<p>&nbsp;<\/p>\n<p>&nbsp;<\/p>","protected":false},"excerpt":{"rendered":"<p>Devia UV karc \u00e9s \u00fct\u00e9s\u00e1ll\u00f3 f\u00f3lia telefonokra 190 micronos 1db &#8220;Fedezze fel a piac leg\u00fajabb UV v\u00e9d\u0151f\u00f3li\u00e1j\u00e1t&#8221; Karc\u00e1ll\u00f3 \u00dct\u00e9s\u00e1ll\u00f3 Ujjlenyomat-felismer\u00e9s bar\u00e1t T\u00f6k\u00e9letes illeszked\u00e9s &nbsp; &nbsp;&#8230;<\/p>","protected":false},"featured_media":2441,"template":"","meta":[],"etheme_brands":[],"product_brand":[],"product_cat":[17,19,25],"product_tag":[],"class_list":{"0":"post-2439","1":"product","2":"type-product","3":"status-publish","4":"has-post-thumbnail","6":"product_cat-devia","7":"product_cat-elolapi-folia","8":"product_cat-legujabb-termekek","10":"first","11":"instock","12":"taxable","13":"shipping-taxable","14":"product-type-simple"},"_links":{"self":[{"href":"https:\/\/smartcover.hu\/en\/wp-json\/wp\/v2\/product\/2439","targetHints":{"allow":["GET"]}}],"collection":[{"href":"https:\/\/smartcover.hu\/en\/wp-json\/wp\/v2\/product"}],"about":[{"href":"https:\/\/smartcover.hu\/en\/wp-json\/wp\/v2\/types\/product"}],"version-history":[{"count":2,"href":"https:\/\/smartcover.hu\/en\/wp-json\/wp\/v2\/product\/2439\/revisions"}],"predecessor-version":[{"id":5879,"href":"https:\/\/smartcover.hu\/en\/wp-json\/wp\/v2\/product\/2439\/revisions\/5879"}],"wp:featuredmedia":[{"embeddable":true,"href":"https:\/\/smartcover.hu\/en\/wp-json\/wp\/v2\/media\/2441"}],"wp:attachment":[{"href":"https:\/\/smartcover.hu\/en\/wp-json\/wp\/v2\/media?parent=2439"}],"wp:term":[{"taxonomy":"brand","embeddable":true,"href":"https:\/\/smartcover.hu\/en\/wp-json\/wp\/v2\/etheme_brands?post=2439"},{"taxonomy":"product_brand","embeddable":true,"href":"https:\/\/smartcover.hu\/en\/wp-json\/wp\/v2\/product_brand?post=2439"},{"taxonomy":"product_cat","embeddable":true,"href":"https:\/\/smartcover.hu\/en\/wp-json\/wp\/v2\/product_cat?post=2439"},{"taxonomy":"product_tag","embeddable":true,"href":"https:\/\/smartcover.hu\/en\/wp-json\/wp\/v2\/product_tag?post=2439"}],"curies":[{"name":"wp","href":"https:\/\/api.w.org\/{rel}","templated":true}]}}