{"id":2394,"date":"2022-09-07T07:34:30","date_gmt":"2022-09-07T06:34:30","guid":{"rendered":"https:\/\/smartcover.hu\/?post_type=product&#038;p=2394"},"modified":"2025-03-13T12:15:17","modified_gmt":"2025-03-13T11:15:17","slug":"devia-nagy-kijelzo-nelkuli-folia-vago-gep-laptopokhoz-30db-telefon-folia","status":"publish","type":"product","link":"https:\/\/smartcover.hu\/en\/product\/devia-nagy-kijelzo-nelkuli-folia-vago-gep-laptopokhoz-30db-telefon-folia\/","title":{"rendered":"Devia nagy kijelz\u0151 n\u00e9lk\u00fcli f\u00f3lia v\u00e1g\u00f3 g\u00e9p laptopokhoz + 50db telefon f\u00f3lia"},"content":{"rendered":"<h2>A\u00a0 Devia f\u00f3lia v\u00e1g\u00f3 g\u00e9p el\u0151nye, hogy azonnali v\u00e9d\u0151f\u00f3li\u00e1t \u00e1ll\u00edt el\u0151 a piacon l\u00e9v\u0151 b\u00e1rmely okostelefonra, \u00f3r\u00e1ra, t\u00e1bla g\u00e9pre \u00e9s <em><strong>LAPTOPOKHOZ 17&#8243;-IG<\/strong><\/em>.<\/h2>\n<p>&nbsp;<\/p>\n<p>\u27a2 T\u00f6bb mint 14000 modell<\/p>\n<p>\u27a2 Egy k\u00e9szlet<\/p>\n<p>\u27a2 \u00d6n \u00e1ltal v\u00e1gott Az \u00fczletben, a helysz\u00ednen<\/p>\n<p>\u27a2 Csak 10 m\u00e1sodperc<\/p>\n<p>\u27a2 B\u00e1rmely telefon \/ \u00f3ra modellhez stb<\/p>\n<p>A Devia leegyszer\u0171s\u00edti az elj\u00e1r\u00e1sokat: a k\u00e9perny\u0151v\u00e9d\u0151 f\u00f3lia megv\u00e1s\u00e1rl\u00e1sa, lelt\u00e1roz\u00e1sa,<\/p>\n<p>n\u00e9pszer\u0171s\u00edt\u00e9se \u00e9s elad\u00e1sa,valamint a nem l\u00e9tez\u0151 rakt\u00e1ri poz\u00edci\u00f3k fedez\u00e9s\u00e9re szolg\u00e1l.<\/p>\n<p>Devia F\u00f3lia:<\/p>\n<p>\u27a2 Szinte l\u00e1thatatlan,\u00a0 k\u00e9tszer olyan v\u00e9kony, mint a legv\u00e9konyabb \u00fcveg.<\/p>\n<p>\u27a2 Jelent\u0151sen n\u00f6veli a k\u00e9perny\u0151 \u00fct\u00e9s- vagy karc\u00e1ll\u00f3s\u00e1g\u00e1t az \u00fcveghez k\u00e9pest.<\/p>\n<p>\u27a2 Az \u00fcveget\u0151l elt\u00e9r\u0151en nem fog t\u00f6rni.<\/p>\n<p>\u27a2 A h\u00e1tlapi f\u00f3li\u00e1k, a telefonkeretre is alkalmazhat\u00f3k, 360 fokos v\u00e9delmet biztositva igy ak\u00e1r<\/p>\n<p>a leg\u00fajabb modellekhez is!<\/p>\n<p>\u27a2 Egy k\u00e9szlet.<\/p>\n<p>&nbsp;<\/p>\n<p>R\u00e9szletek\u00e9rt k\u00e9rj\u00fck, ne habozzon kapcsolatba l\u00e9pni vel\u00fcnk!<\/p>\n<p align=\"center\"><a href=\"https:\/\/smartcover.hu\/en\/utmutato\/\">Tov\u00e1bbi inform\u00e1ci\u00f3k\u00e9rt l\u00e9pjen kapcsolatba vel\u00fcnk.<\/a><\/p>\n<p style=\"text-align: center;\" align=\"center\">Email : <a href=\"mailto:office@smartcover.hu\">office@smartcover.hu<\/a><\/p>\n<p style=\"text-align: center;\" align=\"center\"><strong>Tel: 06202990666\u00a0\u00a0<\/strong><\/p>\n<p style=\"text-align: center;\"><a href=\"https:\/\/www.facebook.com\/smartcover2020\" target=\"_blank\" rel=\"noopener noreferrer\"><b>Facebook<\/b><\/a><\/p>\n<p>&nbsp;<\/p>\n<p>&nbsp;<\/p>\n<div style=\"width: 1170px;\" class=\"wp-video\"><video class=\"wp-video-shortcode\" id=\"video-2394-1\" width=\"1170\" height=\"658\" preload=\"metadata\" controls=\"controls\"><source type=\"video\/mp4\" src=\"https:\/\/smartcover.hu\/wp-content\/uploads\/2022\/09\/Laptop-machine.mp4?_=1\" \/><a href=\"https:\/\/smartcover.hu\/wp-content\/uploads\/2022\/09\/Laptop-machine.mp4\">https:\/\/smartcover.hu\/wp-content\/uploads\/2022\/09\/Laptop-machine.mp4<\/a><\/video><\/div>","protected":false},"excerpt":{"rendered":"<p>A\u00a0 Devia f\u00f3lia v\u00e1g\u00f3 g\u00e9p el\u0151nye, hogy azonnali v\u00e9d\u0151f\u00f3li\u00e1t \u00e1ll\u00edt el\u0151 a piacon l\u00e9v\u0151 b\u00e1rmely okostelefonra, \u00f3r\u00e1ra, t\u00e1bla g\u00e9pre \u00e9s LAPTOPOKHOZ 17&#8243;-IG. &nbsp; \u27a2 T\u00f6bb&#8230;<\/p>","protected":false},"featured_media":6457,"template":"","meta":[],"etheme_brands":[],"product_brand":[],"product_cat":[17,20],"product_tag":[],"class_list":{"0":"post-2394","1":"product","2":"type-product","3":"status-publish","4":"has-post-thumbnail","6":"product_cat-devia","7":"product_cat-devia-vago-gep","9":"first","10":"instock","11":"taxable","12":"shipping-taxable","13":"product-type-simple"},"_links":{"self":[{"href":"https:\/\/smartcover.hu\/en\/wp-json\/wp\/v2\/product\/2394","targetHints":{"allow":["GET"]}}],"collection":[{"href":"https:\/\/smartcover.hu\/en\/wp-json\/wp\/v2\/product"}],"about":[{"href":"https:\/\/smartcover.hu\/en\/wp-json\/wp\/v2\/types\/product"}],"version-history":[{"count":1,"href":"https:\/\/smartcover.hu\/en\/wp-json\/wp\/v2\/product\/2394\/revisions"}],"predecessor-version":[{"id":6931,"href":"https:\/\/smartcover.hu\/en\/wp-json\/wp\/v2\/product\/2394\/revisions\/6931"}],"wp:featuredmedia":[{"embeddable":true,"href":"https:\/\/smartcover.hu\/en\/wp-json\/wp\/v2\/media\/6457"}],"wp:attachment":[{"href":"https:\/\/smartcover.hu\/en\/wp-json\/wp\/v2\/media?parent=2394"}],"wp:term":[{"taxonomy":"brand","embeddable":true,"href":"https:\/\/smartcover.hu\/en\/wp-json\/wp\/v2\/etheme_brands?post=2394"},{"taxonomy":"product_brand","embeddable":true,"href":"https:\/\/smartcover.hu\/en\/wp-json\/wp\/v2\/product_brand?post=2394"},{"taxonomy":"product_cat","embeddable":true,"href":"https:\/\/smartcover.hu\/en\/wp-json\/wp\/v2\/product_cat?post=2394"},{"taxonomy":"product_tag","embeddable":true,"href":"https:\/\/smartcover.hu\/en\/wp-json\/wp\/v2\/product_tag?post=2394"}],"curies":[{"name":"wp","href":"https:\/\/api.w.org\/{rel}","templated":true}]}}