{"id":2240,"date":"2022-07-01T15:06:35","date_gmt":"2022-07-01T14:06:35","guid":{"rendered":"https:\/\/smartcover.hu\/?post_type=product&#038;p=2240"},"modified":"2026-03-09T11:52:56","modified_gmt":"2026-03-09T10:52:56","slug":"devia-egyedi-nyomtathato-folia-hydrogel-laminalo-folia","status":"publish","type":"product","link":"https:\/\/smartcover.hu\/en\/product\/devia-egyedi-nyomtathato-folia-hydrogel-laminalo-folia\/","title":{"rendered":"DEVIA MATT Egyedi nyomtathat\u00f3 f\u00f3lia +  lamin\u00e1l\u00f3 f\u00f3lia"},"content":{"rendered":"<h1>Egyedi nyomtathat\u00f3 f\u00f3lia<\/h1>\n<h2>Amelyel EGYEDI H\u00c1TLAPI F\u00d3LI\u00c1KAT k\u00e9szithet\u00fcnk helyben , \u00fcgyf\u00e9l \u00e1ltal hozott fot\u00f3val, max\u00a0<em><strong>20 perc<\/strong><\/em>\u00a0alatt, , felhelyez\u00e9ssel egy\u00fctt!!!!<\/h2>\n<h2>Nyomtathat\u00f3 f\u00f3li\u00e1nk alapos tesztek alapj\u00e1n kivalasztott Ultra Premium MATT min\u0151s\u00e9g\u0171 \u00f6ntapad\u00f3s print f\u00f3lia , amelyet egy matt lamin\u00e1l\u00f3 f\u00f3li\u00e1val\u00a0 \u00a0gy\u00f6ny\u00f6r\u0171v\u00e9\u00a0 is tesz\u00fcnk.<\/h2>\n<p><img fetchpriority=\"high\" decoding=\"async\" class=\"alignnone wp-image-1911 size-medium\" src=\"https:\/\/smartcover.hu\/wp-content\/uploads\/2022\/02\/0-02-0a-4256561075c64c6f77e76015af370585510a17e13909a1a4862740670095997a_7c255093391b261d-e1645550823900-600x270.jpg\" alt=\"Smartcover Egyedi nyomtathat\u00f3 f\u00f3lia + hydrog\u00e9l lamin\u00e1l\u00f3 f\u00f3lia\" width=\"600\" height=\"270\" srcset=\"https:\/\/smartcover.hu\/wp-content\/uploads\/2022\/02\/0-02-0a-4256561075c64c6f77e76015af370585510a17e13909a1a4862740670095997a_7c255093391b261d-e1645550823900-600x270.jpg 600w, https:\/\/smartcover.hu\/wp-content\/uploads\/2022\/02\/0-02-0a-4256561075c64c6f77e76015af370585510a17e13909a1a4862740670095997a_7c255093391b261d-e1645550823900-1024x461.jpg 1024w, https:\/\/smartcover.hu\/wp-content\/uploads\/2022\/02\/0-02-0a-4256561075c64c6f77e76015af370585510a17e13909a1a4862740670095997a_7c255093391b261d-e1645550823900-768x346.jpg 768w, https:\/\/smartcover.hu\/wp-content\/uploads\/2022\/02\/0-02-0a-4256561075c64c6f77e76015af370585510a17e13909a1a4862740670095997a_7c255093391b261d-e1645550823900-1536x692.jpg 1536w, https:\/\/smartcover.hu\/wp-content\/uploads\/2022\/02\/0-02-0a-4256561075c64c6f77e76015af370585510a17e13909a1a4862740670095997a_7c255093391b261d-e1645550823900-18x8.jpg 18w, https:\/\/smartcover.hu\/wp-content\/uploads\/2022\/02\/0-02-0a-4256561075c64c6f77e76015af370585510a17e13909a1a4862740670095997a_7c255093391b261d-e1645550823900-1320x595.jpg 1320w, https:\/\/smartcover.hu\/wp-content\/uploads\/2022\/02\/0-02-0a-4256561075c64c6f77e76015af370585510a17e13909a1a4862740670095997a_7c255093391b261d-e1645550823900-800x361.jpg 800w, https:\/\/smartcover.hu\/wp-content\/uploads\/2022\/02\/0-02-0a-4256561075c64c6f77e76015af370585510a17e13909a1a4862740670095997a_7c255093391b261d-e1645550823900-1x1.jpg 1w, https:\/\/smartcover.hu\/wp-content\/uploads\/2022\/02\/0-02-0a-4256561075c64c6f77e76015af370585510a17e13909a1a4862740670095997a_7c255093391b261d-e1645550823900-10x5.jpg 10w, https:\/\/smartcover.hu\/wp-content\/uploads\/2022\/02\/0-02-0a-4256561075c64c6f77e76015af370585510a17e13909a1a4862740670095997a_7c255093391b261d-e1645550823900.jpg 1600w\" sizes=\"(max-width: 600px) 100vw, 600px\" \/><\/p>\n<p><img decoding=\"async\" class=\"alignnone size-medium wp-image-1912\" src=\"https:\/\/smartcover.hu\/wp-content\/uploads\/2022\/02\/PRINT1-600x277.jpg\" alt=\"\" width=\"600\" height=\"277\" srcset=\"https:\/\/smartcover.hu\/wp-content\/uploads\/2022\/02\/PRINT1-600x277.jpg 600w, https:\/\/smartcover.hu\/wp-content\/uploads\/2022\/02\/PRINT1-1024x473.jpg 1024w, https:\/\/smartcover.hu\/wp-content\/uploads\/2022\/02\/PRINT1-768x355.jpg 768w, https:\/\/smartcover.hu\/wp-content\/uploads\/2022\/02\/PRINT1-1536x709.jpg 1536w, https:\/\/smartcover.hu\/wp-content\/uploads\/2022\/02\/PRINT1-2048x946.jpg 2048w, https:\/\/smartcover.hu\/wp-content\/uploads\/2022\/02\/PRINT1-18x8.jpg 18w, https:\/\/smartcover.hu\/wp-content\/uploads\/2022\/02\/PRINT1-1320x610.jpg 1320w, https:\/\/smartcover.hu\/wp-content\/uploads\/2022\/02\/PRINT1-800x369.jpg 800w, https:\/\/smartcover.hu\/wp-content\/uploads\/2022\/02\/PRINT1-1x1.jpg 1w, https:\/\/smartcover.hu\/wp-content\/uploads\/2022\/02\/PRINT1-10x5.jpg 10w, https:\/\/smartcover.hu\/wp-content\/uploads\/2022\/02\/PRINT1-scaled.jpg 2000w\" sizes=\"(max-width: 600px) 100vw, 600px\" \/><\/p>","protected":false},"excerpt":{"rendered":"<p>Egyedi nyomtathat\u00f3 f\u00f3lia Amelyel EGYEDI H\u00c1TLAPI F\u00d3LI\u00c1KAT k\u00e9szithet\u00fcnk helyben , \u00fcgyf\u00e9l \u00e1ltal hozott fot\u00f3val, max\u00a020 perc\u00a0alatt, , felhelyez\u00e9ssel egy\u00fctt!!!! Nyomtathat\u00f3 f\u00f3li\u00e1nk alapos tesztek alapj\u00e1n kivalasztott&#8230;<\/p>","protected":false},"featured_media":2241,"template":"","meta":[],"etheme_brands":[],"product_brand":[],"product_cat":[17,18],"product_tag":[],"class_list":{"0":"post-2240","1":"product","2":"type-product","3":"status-publish","4":"has-post-thumbnail","6":"product_cat-devia","7":"product_cat-folia","9":"first","10":"instock","11":"taxable","12":"shipping-taxable","13":"product-type-simple"},"_links":{"self":[{"href":"https:\/\/smartcover.hu\/en\/wp-json\/wp\/v2\/product\/2240","targetHints":{"allow":["GET"]}}],"collection":[{"href":"https:\/\/smartcover.hu\/en\/wp-json\/wp\/v2\/product"}],"about":[{"href":"https:\/\/smartcover.hu\/en\/wp-json\/wp\/v2\/types\/product"}],"version-history":[{"count":1,"href":"https:\/\/smartcover.hu\/en\/wp-json\/wp\/v2\/product\/2240\/revisions"}],"predecessor-version":[{"id":2242,"href":"https:\/\/smartcover.hu\/en\/wp-json\/wp\/v2\/product\/2240\/revisions\/2242"}],"wp:featuredmedia":[{"embeddable":true,"href":"https:\/\/smartcover.hu\/en\/wp-json\/wp\/v2\/media\/2241"}],"wp:attachment":[{"href":"https:\/\/smartcover.hu\/en\/wp-json\/wp\/v2\/media?parent=2240"}],"wp:term":[{"taxonomy":"brand","embeddable":true,"href":"https:\/\/smartcover.hu\/en\/wp-json\/wp\/v2\/etheme_brands?post=2240"},{"taxonomy":"product_brand","embeddable":true,"href":"https:\/\/smartcover.hu\/en\/wp-json\/wp\/v2\/product_brand?post=2240"},{"taxonomy":"product_cat","embeddable":true,"href":"https:\/\/smartcover.hu\/en\/wp-json\/wp\/v2\/product_cat?post=2240"},{"taxonomy":"product_tag","embeddable":true,"href":"https:\/\/smartcover.hu\/en\/wp-json\/wp\/v2\/product_tag?post=2240"}],"curies":[{"name":"wp","href":"https:\/\/api.w.org\/{rel}","templated":true}]}}