{"id":1703,"date":"2021-12-05T12:53:52","date_gmt":"2021-12-05T11:53:52","guid":{"rendered":"https:\/\/smartcover.hu\/?post_type=product&#038;p=1703"},"modified":"2024-10-03T21:37:38","modified_gmt":"2024-10-03T20:37:38","slug":"uv-lampa-120w-45-uv-led-devia-blister","status":"publish","type":"product","link":"https:\/\/smartcover.hu\/en\/product\/uv-lampa-120w-45-uv-led-devia-blister\/","title":{"rendered":"UV L\u00c1MPA, 120W, 45 UV LED, 30 SEC BE\u00c1LL\u00cdT\u00c1S, 60 SEC, DEVIA BLISTER"},"content":{"rendered":"<h2>Devia UV l\u00e1mpa, ide\u00e1lis UV szilikon f\u00f3li\u00e1hoz \u00e9s \u00dcveg\u00a0 UV g\u00e9les f\u00f3li\u00e1khoz<\/h2>\n<p>2 be\u00e1ll\u00edt\u00e1s:<\/p>\n<p>1. 30 m\u00e1sodperc<\/p>\n<p>2. 60 m\u00e1sodperc<\/p>\n<p>Aj\u00e1nl\u00e1s Devia szilikonf\u00f3li\u00e1hoz 3x 60 m\u00e1sodperc<\/p>\n<p><iframe title=\"Folie TPU Silicon UV 120 Microni, Hydrogel Devia, Tutorial\" width=\"1170\" height=\"658\" src=\"https:\/\/www.youtube.com\/embed\/mWgbBbM8iRA?feature=oembed\" frameborder=\"0\" allow=\"accelerometer; autoplay; clipboard-write; encrypted-media; gyroscope; picture-in-picture; web-share\" referrerpolicy=\"strict-origin-when-cross-origin\" allowfullscreen><\/iframe><\/p>\n<p>N\u00e9vleges fesz\u00fclts\u00e9g: AC220\/50Hz<br \/>\nT\u00f6lt\u00e9s: DC12V \/ 3A<br \/>\nCsatlakoz\u00f3: DC24V \/ 1,5A<br \/>\nMaxim\u00e1lis teljes\u00edtm\u00e9ny: 120W<br \/>\n45 db UV LED gy\u00f6ngy<br \/>\nTerm\u00e9k m\u00e9rete: 302*218*99mm<\/p>\n<p align=\"center\"><a href=\"https:\/\/smartcover.hu\/en\/utmutato\/\">Tov\u00e1bbi inform\u00e1ci\u00f3k\u00e9rt l\u00e9pjen kapcsolatba vel\u00fcnk.<\/a><\/p>\n<p style=\"text-align: center;\" align=\"center\">Email : <a href=\"mailto:office@smartcover.hu\">office@smartcover.hu<\/a><\/p>\n<p style=\"text-align: center;\" align=\"center\"><strong>Tel: 06202990666\u00a0\u00a0<\/strong><\/p>\n<p style=\"text-align: center;\"><a href=\"https:\/\/www.facebook.com\/smartcover2020\" target=\"_blank\" rel=\"noopener noreferrer\"><b>Facebook<\/b><\/a><\/p>","protected":false},"excerpt":{"rendered":"<p>Devia UV l\u00e1mpa, ide\u00e1lis UV szilikon f\u00f3li\u00e1hoz \u00e9s \u00dcveg\u00a0 UV g\u00e9les f\u00f3li\u00e1khoz 2 be\u00e1ll\u00edt\u00e1s: 1. 30 m\u00e1sodperc 2. 60 m\u00e1sodperc Aj\u00e1nl\u00e1s Devia szilikonf\u00f3li\u00e1hoz 3x 60&#8230;<\/p>","protected":false},"featured_media":1704,"template":"","meta":[],"etheme_brands":[],"product_brand":[],"product_cat":[20,17,25],"product_tag":[],"class_list":{"0":"post-1703","1":"product","2":"type-product","3":"status-publish","4":"has-post-thumbnail","6":"product_cat-devia-vago-gep","7":"product_cat-devia","8":"product_cat-legujabb-termekek","10":"first","11":"outofstock","12":"taxable","13":"shipping-taxable","14":"product-type-simple"},"_links":{"self":[{"href":"https:\/\/smartcover.hu\/en\/wp-json\/wp\/v2\/product\/1703","targetHints":{"allow":["GET"]}}],"collection":[{"href":"https:\/\/smartcover.hu\/en\/wp-json\/wp\/v2\/product"}],"about":[{"href":"https:\/\/smartcover.hu\/en\/wp-json\/wp\/v2\/types\/product"}],"version-history":[{"count":2,"href":"https:\/\/smartcover.hu\/en\/wp-json\/wp\/v2\/product\/1703\/revisions"}],"predecessor-version":[{"id":4122,"href":"https:\/\/smartcover.hu\/en\/wp-json\/wp\/v2\/product\/1703\/revisions\/4122"}],"wp:featuredmedia":[{"embeddable":true,"href":"https:\/\/smartcover.hu\/en\/wp-json\/wp\/v2\/media\/1704"}],"wp:attachment":[{"href":"https:\/\/smartcover.hu\/en\/wp-json\/wp\/v2\/media?parent=1703"}],"wp:term":[{"taxonomy":"brand","embeddable":true,"href":"https:\/\/smartcover.hu\/en\/wp-json\/wp\/v2\/etheme_brands?post=1703"},{"taxonomy":"product_brand","embeddable":true,"href":"https:\/\/smartcover.hu\/en\/wp-json\/wp\/v2\/product_brand?post=1703"},{"taxonomy":"product_cat","embeddable":true,"href":"https:\/\/smartcover.hu\/en\/wp-json\/wp\/v2\/product_cat?post=1703"},{"taxonomy":"product_tag","embeddable":true,"href":"https:\/\/smartcover.hu\/en\/wp-json\/wp\/v2\/product_tag?post=1703"}],"curies":[{"name":"wp","href":"https:\/\/api.w.org\/{rel}","templated":true}]}}