{"id":1595,"date":"2021-10-01T11:29:38","date_gmt":"2021-10-01T10:29:38","guid":{"rendered":"https:\/\/smartcover.hu\/?post_type=product&#038;p=1595"},"modified":"2024-11-14T12:04:22","modified_gmt":"2024-11-14T11:04:22","slug":"telefon-hatlapi-3d-ontapados-folia-g-2072","status":"publish","type":"product","link":"https:\/\/smartcover.hu\/en\/product\/telefon-hatlapi-3d-ontapados-folia-g-2072\/","title":{"rendered":"Telefon h\u00e1tlapi 3D \u00f6ntapad\u00f3s f\u00f3lia G-2072"},"content":{"rendered":"<h2>G-2072 Telefon h\u00e1tlapi 3D \u00f6ntapad\u00f3s f\u00f3lia<\/h2>\n<p><span lang=\"hu\">K\u00f6nnyen telep\u00edthet\u0151! A legink\u00e1bb testre szabhat\u00f3, v\u00e9kony \u00e9s karc\u00e1ll\u00f3. A Colorful term\u00e9kcsal\u00e1d lehet\u0151v\u00e9 teszi, hogy egyedi, csak 0,5 mm vastag kivitel\u0171 vinileket k\u00e9sz\u00edtsen, amelyek megakad\u00e1lyozz\u00e1k, hogy az okostelefon karcol\u00f3d\u00e1st szenvedjen.<\/span><\/p>\n<p align=\"center\"><a href=\"https:\/\/smartcover.hu\/en\/utmutato\/\">Tov\u00e1bbi inform\u00e1ci\u00f3k\u00e9rt l\u00e9pjen kapcsolatba vel\u00fcnk.<\/a><\/p>\n<p style=\"text-align: center;\" align=\"center\">Email : <a href=\"mailto:office@smartcover.hu\">office@smartcover.hu<\/a><\/p>\n<p style=\"text-align: center;\" align=\"center\"><strong>Tel: 06202990666\u00a0\u00a0<\/strong><\/p>\n<p style=\"text-align: center;\"><a href=\"https:\/\/www.facebook.com\/smartcover2020\" target=\"_blank\" rel=\"noopener noreferrer\"><b>Facebook<\/b><\/a><\/p>","protected":false},"excerpt":{"rendered":"<p>G-2072 Telefon h\u00e1tlapi 3D \u00f6ntapad\u00f3s f\u00f3lia K\u00f6nnyen telep\u00edthet\u0151! A legink\u00e1bb testre szabhat\u00f3, v\u00e9kony \u00e9s karc\u00e1ll\u00f3. A Colorful term\u00e9kcsal\u00e1d lehet\u0151v\u00e9 teszi, hogy egyedi, csak 0,5 mm&#8230;<\/p>","protected":false},"featured_media":1596,"template":"","meta":[],"etheme_brands":[],"product_brand":[],"product_cat":[17,18,25],"product_tag":[],"class_list":{"0":"post-1595","1":"product","2":"type-product","3":"status-publish","4":"has-post-thumbnail","6":"product_cat-devia","7":"product_cat-folia","8":"product_cat-legujabb-termekek","10":"first","11":"outofstock","12":"taxable","13":"shipping-taxable","14":"product-type-simple"},"_links":{"self":[{"href":"https:\/\/smartcover.hu\/en\/wp-json\/wp\/v2\/product\/1595","targetHints":{"allow":["GET"]}}],"collection":[{"href":"https:\/\/smartcover.hu\/en\/wp-json\/wp\/v2\/product"}],"about":[{"href":"https:\/\/smartcover.hu\/en\/wp-json\/wp\/v2\/types\/product"}],"version-history":[{"count":0,"href":"https:\/\/smartcover.hu\/en\/wp-json\/wp\/v2\/product\/1595\/revisions"}],"wp:featuredmedia":[{"embeddable":true,"href":"https:\/\/smartcover.hu\/en\/wp-json\/wp\/v2\/media\/1596"}],"wp:attachment":[{"href":"https:\/\/smartcover.hu\/en\/wp-json\/wp\/v2\/media?parent=1595"}],"wp:term":[{"taxonomy":"brand","embeddable":true,"href":"https:\/\/smartcover.hu\/en\/wp-json\/wp\/v2\/etheme_brands?post=1595"},{"taxonomy":"product_brand","embeddable":true,"href":"https:\/\/smartcover.hu\/en\/wp-json\/wp\/v2\/product_brand?post=1595"},{"taxonomy":"product_cat","embeddable":true,"href":"https:\/\/smartcover.hu\/en\/wp-json\/wp\/v2\/product_cat?post=1595"},{"taxonomy":"product_tag","embeddable":true,"href":"https:\/\/smartcover.hu\/en\/wp-json\/wp\/v2\/product_tag?post=1595"}],"curies":[{"name":"wp","href":"https:\/\/api.w.org\/{rel}","templated":true}]}}