{"id":147,"date":"2020-11-16T12:40:12","date_gmt":"2020-11-16T12:40:12","guid":{"rendered":"http:\/\/smartcover.hu\/?post_type=product&#038;p=147"},"modified":"2024-10-03T21:39:54","modified_gmt":"2024-10-03T20:39:54","slug":"csuszasgatlo-alatet","status":"publish","type":"product","link":"https:\/\/smartcover.hu\/en\/product\/csuszasgatlo-alatet\/","title":{"rendered":"Cs\u00fasz\u00e1sg\u00e1tl\u00f3 al\u00e1t\u00e9t 27 x 37cm"},"content":{"rendered":"<h2>Cs\u00fasz\u00e1sg\u00e1tl\u00f3 al\u00e1t\u00e9t! Haszn\u00e1lhatja v\u00e9d\u0151f\u00f3li\u00e1k r\u00f6gz\u00edt\u00e9s\u00e9re!<\/h2>\n<p>27 cm x 37 cm<\/p>\n<p>Alapanyag : PVC<\/p>\n<p align=\"center\"><a href=\"https:\/\/smartcover.hu\/en\/utmutato\/\">Tov\u00e1bbi inform\u00e1ci\u00f3k\u00e9rt l\u00e9pjen kapcsolatba vel\u00fcnk.<\/a><\/p>\n<p style=\"text-align: center;\" align=\"center\">Email : <a href=\"mailto:office@smartcover.hu\">office@smartcover.hu<\/a><\/p>\n<p style=\"text-align: center;\" align=\"center\"><strong>Tel: 06202990666\u00a0\u00a0<\/strong><\/p>\n<p style=\"text-align: center;\"><a href=\"https:\/\/www.facebook.com\/smartcover2020\" target=\"_blank\" rel=\"noopener noreferrer\"><b>Facebook<\/b><\/a><\/p>","protected":false},"excerpt":{"rendered":"<p>Cs\u00fasz\u00e1sg\u00e1tl\u00f3 al\u00e1t\u00e9t! Haszn\u00e1lhatja v\u00e9d\u0151f\u00f3li\u00e1k r\u00f6gz\u00edt\u00e9s\u00e9re! 27 cm x 37 cm Alapanyag : PVC Tov\u00e1bbi inform\u00e1ci\u00f3k\u00e9rt l\u00e9pjen kapcsolatba vel\u00fcnk. Email : office@smartcover.hu Tel: 06202990666\u00a0\u00a0 Facebook<\/p>","protected":false},"featured_media":3350,"template":"","meta":[],"etheme_brands":[],"product_brand":[],"product_cat":[17,20],"product_tag":[],"class_list":{"0":"post-147","1":"product","2":"type-product","3":"status-publish","4":"has-post-thumbnail","6":"product_cat-devia","7":"product_cat-devia-vago-gep","9":"first","10":"instock","11":"taxable","12":"shipping-taxable","13":"product-type-simple"},"_links":{"self":[{"href":"https:\/\/smartcover.hu\/en\/wp-json\/wp\/v2\/product\/147","targetHints":{"allow":["GET"]}}],"collection":[{"href":"https:\/\/smartcover.hu\/en\/wp-json\/wp\/v2\/product"}],"about":[{"href":"https:\/\/smartcover.hu\/en\/wp-json\/wp\/v2\/types\/product"}],"version-history":[{"count":2,"href":"https:\/\/smartcover.hu\/en\/wp-json\/wp\/v2\/product\/147\/revisions"}],"predecessor-version":[{"id":291,"href":"https:\/\/smartcover.hu\/en\/wp-json\/wp\/v2\/product\/147\/revisions\/291"}],"wp:featuredmedia":[{"embeddable":true,"href":"https:\/\/smartcover.hu\/en\/wp-json\/wp\/v2\/media\/3350"}],"wp:attachment":[{"href":"https:\/\/smartcover.hu\/en\/wp-json\/wp\/v2\/media?parent=147"}],"wp:term":[{"taxonomy":"brand","embeddable":true,"href":"https:\/\/smartcover.hu\/en\/wp-json\/wp\/v2\/etheme_brands?post=147"},{"taxonomy":"product_brand","embeddable":true,"href":"https:\/\/smartcover.hu\/en\/wp-json\/wp\/v2\/product_brand?post=147"},{"taxonomy":"product_cat","embeddable":true,"href":"https:\/\/smartcover.hu\/en\/wp-json\/wp\/v2\/product_cat?post=147"},{"taxonomy":"product_tag","embeddable":true,"href":"https:\/\/smartcover.hu\/en\/wp-json\/wp\/v2\/product_tag?post=147"}],"curies":[{"name":"wp","href":"https:\/\/api.w.org\/{rel}","templated":true}]}}