{"id":10068,"date":"2026-04-07T11:09:26","date_gmt":"2026-04-07T10:09:26","guid":{"rendered":"https:\/\/smartcover.hu\/?post_type=product&#038;p=10068"},"modified":"2026-04-07T11:37:41","modified_gmt":"2026-04-07T10:37:41","slug":"smartcover-2-4a-dupla-usb-tolto-usb-a-usb-c-kabel-10db-os-szett","status":"publish","type":"product","link":"https:\/\/smartcover.hu\/en\/product\/smartcover-2-4a-dupla-usb-tolto-usb-a-usb-c-kabel-10db-os-szett\/","title":{"rendered":"SmartCover 2.4A Dupla USB T\u00f6lt\u0151 + USB-A \u2013 USB-C K\u00e1bel 10db-os Szett"},"content":{"rendered":"<h3 data-start=\"145\" data-end=\"215\"><strong data-start=\"152\" data-end=\"215\">SmartCover 2.4A Dupla USB T\u00f6lt\u0151 + USB-A \u2013 USB-C K\u00e1bel<\/strong><\/h3>\n<p data-start=\"217\" data-end=\"491\">Ez a SmartCover t\u00f6lt\u0151szett ide\u00e1lis v\u00e1laszt\u00e1s, ha egyszerre szeretn\u00e9l t\u00f6bb eszk\u00f6zt is t\u00f6lteni biztons\u00e1gosan \u00e9s megb\u00edzhat\u00f3an. A 2 USB portos adapterrel egyszerre ak\u00e1r k\u00e9t k\u00e9sz\u00fcl\u00e9ket is t\u00f6lthetsz, a mell\u00e9kelt USB-A \u2013 USB-C k\u00e1bel pedig azonnali haszn\u00e1latra k\u00e9sz megold\u00e1st ny\u00fajt.<\/p>\n<h4 data-start=\"710\" data-end=\"734\"><strong data-start=\"715\" data-end=\"734\">F\u0151bb jellemz\u0151k:<\/strong><\/h4>\n<ul data-start=\"735\" data-end=\"1050\">\n<li data-start=\"735\" data-end=\"794\">\n<p data-start=\"737\" data-end=\"794\">\ud83d\udd0c <strong data-start=\"740\" data-end=\"761\">Dupla USB kimenet<\/strong> \u2013 egyszerre k\u00e9t eszk\u00f6z t\u00f6lt\u00e9se<\/p>\n<\/li>\n<li data-start=\"795\" data-end=\"884\">\n<p data-start=\"797\" data-end=\"884\">\u26a1 <strong data-start=\"799\" data-end=\"834\">Max. 2.4A kimeneti teljes\u00edtm\u00e9ny<\/strong> \u2013 gyorsabb t\u00f6lt\u00e9s, mint a hagyom\u00e1nyos adapterek<\/p>\n<\/li>\n<li data-start=\"885\" data-end=\"978\">\n<p data-start=\"887\" data-end=\"978\">\ud83d\udcf1 <strong data-start=\"890\" data-end=\"929\">Kompatibilis minden USB-C eszk\u00f6zzel<\/strong> \u2013 Android telefonok, power bankok, tablet stb.<\/p>\n<\/li>\n<\/ul>","protected":false},"excerpt":{"rendered":"<p>SmartCover 2.4A Dupla USB T\u00f6lt\u0151 + USB-A \u2013 USB-C K\u00e1bel Ez a SmartCover t\u00f6lt\u0151szett ide\u00e1lis v\u00e1laszt\u00e1s, ha egyszerre szeretn\u00e9l t\u00f6bb eszk\u00f6zt is t\u00f6lteni biztons\u00e1gosan \u00e9s&#8230;<\/p>","protected":false},"featured_media":10000,"template":"","meta":[],"etheme_brands":[],"product_brand":[],"product_cat":[72,25,40],"product_tag":[],"class_list":{"0":"post-10068","1":"product","2":"type-product","3":"status-publish","4":"has-post-thumbnail","6":"product_cat-tartozekok-toltok-adapterek","7":"product_cat-legujabb-termekek","8":"product_cat-smartcover","10":"first","11":"instock","12":"taxable","13":"shipping-taxable","14":"product-type-simple"},"_links":{"self":[{"href":"https:\/\/smartcover.hu\/en\/wp-json\/wp\/v2\/product\/10068","targetHints":{"allow":["GET"]}}],"collection":[{"href":"https:\/\/smartcover.hu\/en\/wp-json\/wp\/v2\/product"}],"about":[{"href":"https:\/\/smartcover.hu\/en\/wp-json\/wp\/v2\/types\/product"}],"version-history":[{"count":2,"href":"https:\/\/smartcover.hu\/en\/wp-json\/wp\/v2\/product\/10068\/revisions"}],"predecessor-version":[{"id":10070,"href":"https:\/\/smartcover.hu\/en\/wp-json\/wp\/v2\/product\/10068\/revisions\/10070"}],"wp:featuredmedia":[{"embeddable":true,"href":"https:\/\/smartcover.hu\/en\/wp-json\/wp\/v2\/media\/10000"}],"wp:attachment":[{"href":"https:\/\/smartcover.hu\/en\/wp-json\/wp\/v2\/media?parent=10068"}],"wp:term":[{"taxonomy":"brand","embeddable":true,"href":"https:\/\/smartcover.hu\/en\/wp-json\/wp\/v2\/etheme_brands?post=10068"},{"taxonomy":"product_brand","embeddable":true,"href":"https:\/\/smartcover.hu\/en\/wp-json\/wp\/v2\/product_brand?post=10068"},{"taxonomy":"product_cat","embeddable":true,"href":"https:\/\/smartcover.hu\/en\/wp-json\/wp\/v2\/product_cat?post=10068"},{"taxonomy":"product_tag","embeddable":true,"href":"https:\/\/smartcover.hu\/en\/wp-json\/wp\/v2\/product_tag?post=10068"}],"curies":[{"name":"wp","href":"https:\/\/api.w.org\/{rel}","templated":true}]}}