{"id":249,"date":"2020-11-18T22:54:19","date_gmt":"2020-11-18T22:54:19","guid":{"rendered":"http:\/\/smartcover.hu\/?page_id=249"},"modified":"2024-12-03T10:43:06","modified_gmt":"2024-12-03T09:43:06","slug":"regisztracio","status":"publish","type":"page","link":"https:\/\/smartcover.hu\/en\/regisztracio\/","title":{"rendered":"Regisztr\u00e1ci\u00f3"},"content":{"rendered":"\t\t<div data-elementor-type=\"wp-page\" data-elementor-id=\"249\" class=\"elementor elementor-249\" data-elementor-post-type=\"page\">\n\t\t\t\t\t\t<section class=\"elementor-section elementor-top-section elementor-element elementor-element-1c583c30 elementor-section-boxed elementor-section-height-default elementor-section-height-default\" data-id=\"1c583c30\" data-element_type=\"section\" data-e-type=\"section\" data-settings=\"{&quot;background_background&quot;:&quot;classic&quot;}\">\n\t\t\t\t\t\t\t<div class=\"elementor-background-overlay\"><\/div>\n\t\t\t\t\t\t\t<div class=\"elementor-container elementor-column-gap-default\">\n\t\t\t\t\t<div class=\"elementor-column elementor-col-100 elementor-top-column elementor-element elementor-element-35d8d57f\" data-id=\"35d8d57f\" data-element_type=\"column\" data-e-type=\"column\">\n\t\t\t<div class=\"elementor-widget-wrap elementor-element-populated\">\n\t\t\t\t\t\t<div class=\"elementor-element elementor-element-fd89b74 elementor-widget elementor-widget-heading\" data-id=\"fd89b74\" data-element_type=\"widget\" data-e-type=\"widget\" data-widget_type=\"heading.default\">\n\t\t\t\t<div class=\"elementor-widget-container\">\n\t\t\t\t\t<h2 class=\"elementor-heading-title elementor-size-xl\">Regisztr\u00e1ci\u00f3s \u0171rlap<\/h2>\t\t\t\t<\/div>\n\t\t\t\t<\/div>\n\t\t\t\t<div class=\"elementor-element elementor-element-d521673 elementor-widget elementor-widget-text-editor\" data-id=\"d521673\" data-element_type=\"widget\" data-e-type=\"widget\" data-widget_type=\"text-editor.default\">\n\t\t\t\t<div class=\"elementor-widget-container\">\n\t\t\t\t\t\t\t\t\t<p>*Az \u00e1rak b\u00e9rbe adott g\u00e9pek eset\u00e9n \u00e9rtend\u0151ek<br \/>*Megv\u00e1s\u00e1rolt g\u00e9pek eset\u00e9n egyedi aj\u00e1nlat!<br \/>*R\u00e9szletek\u00e9rt, h\u00edvjanak bizalommal.<\/p>\t\t\t\t\t\t\t\t<\/div>\n\t\t\t\t<\/div>\n\t\t\t\t<div class=\"elementor-element elementor-element-b3b06e6 elementor-widget elementor-widget-shortcode\" data-id=\"b3b06e6\" data-element_type=\"widget\" data-e-type=\"widget\" data-widget_type=\"shortcode.default\">\n\t\t\t\t<div class=\"elementor-widget-container\">\n\t\t\t\t\t\t\t<div class=\"elementor-shortcode\"><div class=\"wpforms-container wpforms-container-full\" id=\"wpforms-187\"><form id=\"wpforms-form-187\" class=\"wpforms-validate wpforms-form\" data-formid=\"187\" method=\"post\" enctype=\"multipart\/form-data\" action=\"\/en\/wp-json\/wp\/v2\/pages\/249\" data-token=\"5b7084dc24ae4e07f4f0f033fd737730\" data-token-time=\"1776776780\"><noscript class=\"wpforms-error-noscript\">Please enable JavaScript in your browser to complete this form.<\/noscript><div class=\"wpforms-field-container\"><div id=\"wpforms-187-field_3-container\" class=\"wpforms-field wpforms-field-text\" data-field-id=\"3\"><label class=\"wpforms-field-label\" for=\"wpforms-187-field_3\">C\u00e9g neve: <span class=\"wpforms-required-label\">*<\/span><\/label><input type=\"text\" id=\"wpforms-187-field_3\" class=\"wpforms-field-medium wpforms-field-required\" name=\"wpforms[fields][3]\" required><\/div><div id=\"wpforms-187-field_11-container\" class=\"wpforms-field wpforms-field-text\" data-field-id=\"11\"><label class=\"wpforms-field-label\" for=\"wpforms-187-field_11\">Ad\u00f3sz\u00e1m <span class=\"wpforms-required-label\">*<\/span><\/label><input type=\"text\" id=\"wpforms-187-field_11\" class=\"wpforms-field-medium wpforms-field-required\" name=\"wpforms[fields][11]\" required><\/div><div id=\"wpforms-187-field_5-container\" class=\"wpforms-field wpforms-field-text\" data-field-id=\"5\"><label class=\"wpforms-field-label\" for=\"wpforms-187-field_5\">Megye: <span class=\"wpforms-required-label\">*<\/span><\/label><input type=\"text\" id=\"wpforms-187-field_5\" class=\"wpforms-field-medium wpforms-field-required\" name=\"wpforms[fields][5]\" required><\/div><div id=\"wpforms-187-field_4-container\" class=\"wpforms-field wpforms-field-text\" data-field-id=\"4\"><label class=\"wpforms-field-label\" for=\"wpforms-187-field_4\">V\u00e1ros: <span class=\"wpforms-required-label\">*<\/span><\/label><input type=\"text\" id=\"wpforms-187-field_4\" class=\"wpforms-field-medium wpforms-field-required\" name=\"wpforms[fields][4]\" required><\/div><div id=\"wpforms-187-field_13-container\" class=\"wpforms-field wpforms-field-text\" data-field-id=\"13\"><label class=\"wpforms-field-label\" for=\"wpforms-187-field_13\">Ir\u00e1ny\u00edt\u00f3sz\u00e1m <span class=\"wpforms-required-label\">*<\/span><\/label><input type=\"text\" id=\"wpforms-187-field_13\" class=\"wpforms-field-medium wpforms-field-required\" name=\"wpforms[fields][13]\" required><\/div><div id=\"wpforms-187-field_6-container\" class=\"wpforms-field wpforms-field-text\" data-field-id=\"6\"><label class=\"wpforms-field-label\" for=\"wpforms-187-field_6\">Utca neve, h\u00e1zsz\u00e1m: <span class=\"wpforms-required-label\">*<\/span><\/label><input type=\"text\" id=\"wpforms-187-field_6\" class=\"wpforms-field-medium wpforms-field-required\" name=\"wpforms[fields][6]\" required><\/div><div id=\"wpforms-187-field_7-container\" class=\"wpforms-field wpforms-field-text\" data-field-id=\"7\"><label class=\"wpforms-field-label\" for=\"wpforms-187-field_7\">Kapcsolattart\u00f3 neve: <span class=\"wpforms-required-label\">*<\/span><\/label><input type=\"text\" id=\"wpforms-187-field_7\" class=\"wpforms-field-medium wpforms-field-required\" name=\"wpforms[fields][7]\" required><\/div><div id=\"wpforms-187-field_8-container\" class=\"wpforms-field wpforms-field-text\" data-field-id=\"8\"><label class=\"wpforms-field-label\" for=\"wpforms-187-field_8\">Telefon: <span class=\"wpforms-required-label\">*<\/span><\/label><input type=\"text\" id=\"wpforms-187-field_8\" class=\"wpforms-field-medium wpforms-field-required\" name=\"wpforms[fields][8]\" required><\/div><div id=\"wpforms-187-field_9-container\" class=\"wpforms-field wpforms-field-text\" data-field-id=\"9\"><label class=\"wpforms-field-label\" for=\"wpforms-187-field_9\">Email: <span class=\"wpforms-required-label\">*<\/span><\/label><input type=\"text\" id=\"wpforms-187-field_9\" class=\"wpforms-field-medium wpforms-field-required\" name=\"wpforms[fields][9]\" required><\/div><div id=\"wpforms-187-field_10-container\" class=\"wpforms-field wpforms-field-text\" data-field-id=\"10\"><label class=\"wpforms-field-label\" for=\"wpforms-187-field_10\">Funkci\u00f3:<\/label><input type=\"text\" id=\"wpforms-187-field_10\" class=\"wpforms-field-medium\" name=\"wpforms[fields][10]\" ><\/div><div id=\"wpforms-187-field_12-container\" class=\"wpforms-field wpforms-field-textarea\" data-field-id=\"12\"><label class=\"wpforms-field-label\" for=\"wpforms-187-field_12\">\u00dczenet<\/label><textarea id=\"wpforms-187-field_12\" class=\"wpforms-field-medium\" name=\"wpforms[fields][12]\" ><\/textarea><\/div><\/div><!-- .wpforms-field-container --><div class=\"wpforms-submit-container\" ><input type=\"hidden\" name=\"wpforms[id]\" value=\"187\"><input type=\"hidden\" name=\"page_title\" value=\"\"><input type=\"hidden\" name=\"page_url\" value=\"https:\/\/smartcover.hu\/en\/wp-json\/wp\/v2\/pages\/249\"><input type=\"hidden\" name=\"url_referer\" value=\"\"><button type=\"submit\" name=\"wpforms[submit]\" id=\"wpforms-submit-187\" class=\"wpforms-submit\" data-alt-text=\"K\u00fcld\u00e9s...\" data-submit-text=\"K\u00fcld\u00e9s\" aria-live=\"assertive\" value=\"wpforms-submit\">K\u00fcld\u00e9s<\/button><\/div><\/form><\/div>  <!-- .wpforms-container --><\/div>\n\t\t\t\t\t\t<\/div>\n\t\t\t\t<\/div>\n\t\t\t\t\t<\/div>\n\t\t<\/div>\n\t\t\t\t\t<\/div>\n\t\t<\/section>\n\t\t\t\t<\/div>\n\t\t","protected":false},"excerpt":{"rendered":"<p>Regisztr\u00e1ci\u00f3s \u0171rlap *Az \u00e1rak b\u00e9rbe adott g\u00e9pek eset\u00e9n \u00e9rtend\u0151ek*Megv\u00e1s\u00e1rolt g\u00e9pek eset\u00e9n egyedi aj\u00e1nlat!*R\u00e9szletek\u00e9rt, h\u00edvjanak bizalommal.<\/p>","protected":false},"author":1,"featured_media":0,"parent":0,"menu_order":0,"comment_status":"closed","ping_status":"closed","template":"elementor_header_footer","meta":{"footnotes":""},"class_list":["post-249","page","type-page","status-publish","hentry"],"_links":{"self":[{"href":"https:\/\/smartcover.hu\/en\/wp-json\/wp\/v2\/pages\/249","targetHints":{"allow":["GET"]}}],"collection":[{"href":"https:\/\/smartcover.hu\/en\/wp-json\/wp\/v2\/pages"}],"about":[{"href":"https:\/\/smartcover.hu\/en\/wp-json\/wp\/v2\/types\/page"}],"author":[{"embeddable":true,"href":"https:\/\/smartcover.hu\/en\/wp-json\/wp\/v2\/users\/1"}],"replies":[{"embeddable":true,"href":"https:\/\/smartcover.hu\/en\/wp-json\/wp\/v2\/comments?post=249"}],"version-history":[{"count":26,"href":"https:\/\/smartcover.hu\/en\/wp-json\/wp\/v2\/pages\/249\/revisions"}],"predecessor-version":[{"id":6346,"href":"https:\/\/smartcover.hu\/en\/wp-json\/wp\/v2\/pages\/249\/revisions\/6346"}],"wp:attachment":[{"href":"https:\/\/smartcover.hu\/en\/wp-json\/wp\/v2\/media?parent=249"}],"curies":[{"name":"wp","href":"https:\/\/api.w.org\/{rel}","templated":true}]}}